{"id":435789,"date":"2025-11-06T08:27:00","date_gmt":"2025-11-06T07:27:00","guid":{"rendered":"https:\/\/restaurantgutschein.omr.com\/produkt\/nikko-sushi-ramen-vegan\/"},"modified":"2026-04-04T13:31:11","modified_gmt":"2026-04-04T11:31:11","slug":"nikko-sushi-ramen-vegan","status":"publish","type":"product","link":"https:\/\/restaurantgutschein.omr.com\/en\/produkt\/nikko-sushi-ramen-vegan\/","title":{"rendered":"Nikko Sushi-Ramen-Vegan"},"content":{"rendered":"<p>Nikko Sushi-Ramen-Vegan ein modernes asiatisches Restaurant direkt gegen\u00fcber dem Bahnhof, das Sushi, Ramen sowie umfangreiche vegane und vegetarische Gerichte in stilvoller Atmosph\u00e4re <\/p>\n<p><span class=\"relative -mx-px my-[-0.2rem] rounded px-px py-[0.2rem] transition-colors duration-100 ease-in-out\">Mitten im Herzen von Bamberg bietet Nikko eine vielseitige japanisch-panasiatische K\u00fcche \u2013 von klassischen Sushi-Kreationen und warmen Ramen-Suppen bis hin zu bunten Currys, Pho und Udon-Gerichten, darunter viele vegane und glutenfreie Optionen<\/span>. <span class=\"relative -mx-px my-[-0.2rem] rounded px-px py-[0.2rem] transition-colors duration-100 ease-in-out\">Die sorgf\u00e4ltig gestaltete Speisekarte umfasst vegane Miso- und Pilz-Ramen, Curry-Varianten sowie Reisnudel- und Pho-Gerichte mit Tofu und Seitan<\/span>.<\/p>\n<p> Luitpoldstra\u00dfe 55 96052 Bamberg   Asiatisch Sushi Vegan &amp; Vegetarisch Restaurant<\/p>\n","protected":false},"excerpt":{"rendered":"<p>Nikko Sushi-Ramen-Vegan ein modernes asiatisches Restaurant direkt gegen\u00fcber dem Bahnhof, das Sushi, Ramen sowie umfangreiche vegane und vegetarische Gerichte in stilvoller Atmosph\u00e4re Mitten im Herzen von Bamberg bietet Nikko eine vielseitige japanisch-panasiatische K\u00fcche \u2013 von klassischen Sushi-Kreationen und warmen Ramen-Suppen bis hin zu bunten Currys, Pho und Udon-Gerichten, darunter viele vegane und glutenfreie Optionen. Die [&hellip;]<\/p>\n","protected":false},"featured_media":435792,"template":"","meta":{"_acf_changed":false},"product_brand":[],"product_cat":[601],"product_tag":[],"class_list":{"0":"post-435789","1":"product","2":"type-product","3":"status-publish","4":"has-post-thumbnail","6":"product_cat-bamberg","7":"cuisine-asiatisch","8":"cuisine-sushi","9":"cuisine-vegan-vegetarisch","10":"art-der-location-restaurant","12":"first","13":"instock","14":"shipping-taxable","15":"purchasable","16":"product-type-variable"},"acf":[],"yoast_head":"<!-- This site is optimized with the Yoast SEO plugin v26.9 - https:\/\/yoast.com\/product\/yoast-seo-wordpress\/ -->\n<title>Nikko Sushi-Ramen-Vegan Gutschein kaufen | #PayNowEatLater<\/title>\n<meta name=\"description\" content=\"Restaurant Gutschein f\u00fcr &quot;Nikko Sushi-Ramen-Vegan&quot; online kaufen. Sofortiger Versand als PDF per E-Mail. Ideal auch als Last Minute Geschenk-Gutschein.\" \/>\n<meta name=\"robots\" content=\"noindex, follow\" \/>\n<meta property=\"og:locale\" content=\"en_US\" \/>\n<meta property=\"og:type\" content=\"article\" \/>\n<meta property=\"og:title\" content=\"Nikko Sushi-Ramen-Vegan Gutschein kaufen | #PayNowEatLater\" \/>\n<meta property=\"og:description\" content=\"Restaurant Gutschein f\u00fcr &quot;Nikko Sushi-Ramen-Vegan&quot; online kaufen. Sofortiger Versand als PDF per E-Mail. Ideal auch als Last Minute Geschenk-Gutschein.\" \/>\n<meta property=\"og:url\" content=\"https:\/\/restaurantgutschein.omr.com\/en\/produkt\/nikko-sushi-ramen-vegan\/\" \/>\n<meta property=\"og:site_name\" content=\"BON BON x OMR Restaurant-Gutschein\" \/>\n<meta property=\"article:modified_time\" content=\"2026-04-04T11:31:11+00:00\" \/>\n<meta property=\"og:image\" content=\"https:\/\/restaurantgutschein.omr.com\/wp-content\/uploads\/2025\/11\/nikko-sushi-ramen-vegan-restaurant-gutschein-bamberg-Jn0C7.jpg\" \/>\n\t<meta property=\"og:image:width\" content=\"1200\" \/>\n\t<meta property=\"og:image:height\" content=\"900\" \/>\n\t<meta property=\"og:image:type\" content=\"image\/jpeg\" \/>\n<script type=\"application\/ld+json\" class=\"yoast-schema-graph\">{\"@context\":\"https:\/\/schema.org\",\"@graph\":[{\"@type\":\"WebPage\",\"@id\":\"https:\/\/restaurantgutschein.omr.com\/en\/produkt\/nikko-sushi-ramen-vegan\/\",\"url\":\"https:\/\/restaurantgutschein.omr.com\/en\/produkt\/nikko-sushi-ramen-vegan\/\",\"name\":\"Nikko Sushi-Ramen-Vegan Gutschein kaufen | #PayNowEatLater\",\"isPartOf\":{\"@id\":\"https:\/\/restaurantgutschein.omr.com\/en\/#website\"},\"primaryImageOfPage\":{\"@id\":\"https:\/\/restaurantgutschein.omr.com\/en\/produkt\/nikko-sushi-ramen-vegan\/#primaryimage\"},\"image\":{\"@id\":\"https:\/\/restaurantgutschein.omr.com\/en\/produkt\/nikko-sushi-ramen-vegan\/#primaryimage\"},\"thumbnailUrl\":\"https:\/\/restaurantgutschein.omr.com\/wp-content\/uploads\/2025\/11\/nikko-sushi-ramen-vegan-restaurant-gutschein-bamberg-Jn0C7.jpg\",\"datePublished\":\"2025-11-06T07:27:00+00:00\",\"dateModified\":\"2026-04-04T11:31:11+00:00\",\"description\":\"Restaurant Gutschein f\u00fcr \\\"Nikko Sushi-Ramen-Vegan\\\" online kaufen. Sofortiger Versand als PDF per E-Mail. Ideal auch als Last Minute Geschenk-Gutschein.\",\"breadcrumb\":{\"@id\":\"https:\/\/restaurantgutschein.omr.com\/en\/produkt\/nikko-sushi-ramen-vegan\/#breadcrumb\"},\"inLanguage\":\"en-US\",\"potentialAction\":[{\"@type\":\"ReadAction\",\"target\":[\"https:\/\/restaurantgutschein.omr.com\/en\/produkt\/nikko-sushi-ramen-vegan\/\"]}]},{\"@type\":\"ImageObject\",\"inLanguage\":\"en-US\",\"@id\":\"https:\/\/restaurantgutschein.omr.com\/en\/produkt\/nikko-sushi-ramen-vegan\/#primaryimage\",\"url\":\"https:\/\/restaurantgutschein.omr.com\/wp-content\/uploads\/2025\/11\/nikko-sushi-ramen-vegan-restaurant-gutschein-bamberg-Jn0C7.jpg\",\"contentUrl\":\"https:\/\/restaurantgutschein.omr.com\/wp-content\/uploads\/2025\/11\/nikko-sushi-ramen-vegan-restaurant-gutschein-bamberg-Jn0C7.jpg\",\"width\":1200,\"height\":900},{\"@type\":\"BreadcrumbList\",\"@id\":\"https:\/\/restaurantgutschein.omr.com\/en\/produkt\/nikko-sushi-ramen-vegan\/#breadcrumb\",\"itemListElement\":[{\"@type\":\"ListItem\",\"position\":1,\"name\":\"Startseite\",\"item\":\"https:\/\/restaurantgutschein.omr.com\/en\/\"},{\"@type\":\"ListItem\",\"position\":2,\"name\":\"Nikko Sushi-Ramen-Vegan\"}]},{\"@type\":\"WebSite\",\"@id\":\"https:\/\/restaurantgutschein.omr.com\/en\/#website\",\"url\":\"https:\/\/restaurantgutschein.omr.com\/en\/\",\"name\":\"BON BON x OMR Restaurant-Gutschein\",\"description\":\"\",\"publisher\":{\"@id\":\"https:\/\/restaurantgutschein.omr.com\/en\/#organization\"},\"potentialAction\":[{\"@type\":\"SearchAction\",\"target\":{\"@type\":\"EntryPoint\",\"urlTemplate\":\"https:\/\/restaurantgutschein.omr.com\/en\/?s={search_term_string}\"},\"query-input\":{\"@type\":\"PropertyValueSpecification\",\"valueRequired\":true,\"valueName\":\"search_term_string\"}}],\"inLanguage\":\"en-US\"},{\"@type\":\"Organization\",\"@id\":\"https:\/\/restaurantgutschein.omr.com\/en\/#organization\",\"name\":\"BON BON x OMR Restaurant-Gutschein\",\"url\":\"https:\/\/restaurantgutschein.omr.com\/en\/\",\"logo\":{\"@type\":\"ImageObject\",\"inLanguage\":\"en-US\",\"@id\":\"https:\/\/restaurantgutschein.omr.com\/en\/#\/schema\/logo\/image\/\",\"url\":\"https:\/\/restaurantgutschein.omr.com\/wp-content\/uploads\/2025\/04\/cropped-favi-2.png\",\"contentUrl\":\"https:\/\/restaurantgutschein.omr.com\/wp-content\/uploads\/2025\/04\/cropped-favi-2.png\",\"width\":512,\"height\":512,\"caption\":\"BON BON x OMR Restaurant-Gutschein\"},\"image\":{\"@id\":\"https:\/\/restaurantgutschein.omr.com\/en\/#\/schema\/logo\/image\/\"}}]}<\/script>\n<!-- \/ Yoast SEO plugin. -->","yoast_head_json":{"title":"Nikko Sushi-Ramen-Vegan Gutschein kaufen | #PayNowEatLater","description":"Restaurant Gutschein f\u00fcr \"Nikko Sushi-Ramen-Vegan\" online kaufen. Sofortiger Versand als PDF per E-Mail. Ideal auch als Last Minute Geschenk-Gutschein.","robots":{"index":"noindex","follow":"follow"},"og_locale":"en_US","og_type":"article","og_title":"Nikko Sushi-Ramen-Vegan Gutschein kaufen | #PayNowEatLater","og_description":"Restaurant Gutschein f\u00fcr \"Nikko Sushi-Ramen-Vegan\" online kaufen. Sofortiger Versand als PDF per E-Mail. Ideal auch als Last Minute Geschenk-Gutschein.","og_url":"https:\/\/restaurantgutschein.omr.com\/en\/produkt\/nikko-sushi-ramen-vegan\/","og_site_name":"BON BON x OMR Restaurant-Gutschein","article_modified_time":"2026-04-04T11:31:11+00:00","og_image":[{"width":1200,"height":900,"url":"https:\/\/restaurantgutschein.omr.com\/wp-content\/uploads\/2025\/11\/nikko-sushi-ramen-vegan-restaurant-gutschein-bamberg-Jn0C7.jpg","type":"image\/jpeg"}],"schema":{"@context":"https:\/\/schema.org","@graph":[{"@type":"WebPage","@id":"https:\/\/restaurantgutschein.omr.com\/en\/produkt\/nikko-sushi-ramen-vegan\/","url":"https:\/\/restaurantgutschein.omr.com\/en\/produkt\/nikko-sushi-ramen-vegan\/","name":"Nikko Sushi-Ramen-Vegan Gutschein kaufen | #PayNowEatLater","isPartOf":{"@id":"https:\/\/restaurantgutschein.omr.com\/en\/#website"},"primaryImageOfPage":{"@id":"https:\/\/restaurantgutschein.omr.com\/en\/produkt\/nikko-sushi-ramen-vegan\/#primaryimage"},"image":{"@id":"https:\/\/restaurantgutschein.omr.com\/en\/produkt\/nikko-sushi-ramen-vegan\/#primaryimage"},"thumbnailUrl":"https:\/\/restaurantgutschein.omr.com\/wp-content\/uploads\/2025\/11\/nikko-sushi-ramen-vegan-restaurant-gutschein-bamberg-Jn0C7.jpg","datePublished":"2025-11-06T07:27:00+00:00","dateModified":"2026-04-04T11:31:11+00:00","description":"Restaurant Gutschein f\u00fcr \"Nikko Sushi-Ramen-Vegan\" online kaufen. Sofortiger Versand als PDF per E-Mail. Ideal auch als Last Minute Geschenk-Gutschein.","breadcrumb":{"@id":"https:\/\/restaurantgutschein.omr.com\/en\/produkt\/nikko-sushi-ramen-vegan\/#breadcrumb"},"inLanguage":"en-US","potentialAction":[{"@type":"ReadAction","target":["https:\/\/restaurantgutschein.omr.com\/en\/produkt\/nikko-sushi-ramen-vegan\/"]}]},{"@type":"ImageObject","inLanguage":"en-US","@id":"https:\/\/restaurantgutschein.omr.com\/en\/produkt\/nikko-sushi-ramen-vegan\/#primaryimage","url":"https:\/\/restaurantgutschein.omr.com\/wp-content\/uploads\/2025\/11\/nikko-sushi-ramen-vegan-restaurant-gutschein-bamberg-Jn0C7.jpg","contentUrl":"https:\/\/restaurantgutschein.omr.com\/wp-content\/uploads\/2025\/11\/nikko-sushi-ramen-vegan-restaurant-gutschein-bamberg-Jn0C7.jpg","width":1200,"height":900},{"@type":"BreadcrumbList","@id":"https:\/\/restaurantgutschein.omr.com\/en\/produkt\/nikko-sushi-ramen-vegan\/#breadcrumb","itemListElement":[{"@type":"ListItem","position":1,"name":"Startseite","item":"https:\/\/restaurantgutschein.omr.com\/en\/"},{"@type":"ListItem","position":2,"name":"Nikko Sushi-Ramen-Vegan"}]},{"@type":"WebSite","@id":"https:\/\/restaurantgutschein.omr.com\/en\/#website","url":"https:\/\/restaurantgutschein.omr.com\/en\/","name":"BON BON x OMR Restaurant-Gutschein","description":"","publisher":{"@id":"https:\/\/restaurantgutschein.omr.com\/en\/#organization"},"potentialAction":[{"@type":"SearchAction","target":{"@type":"EntryPoint","urlTemplate":"https:\/\/restaurantgutschein.omr.com\/en\/?s={search_term_string}"},"query-input":{"@type":"PropertyValueSpecification","valueRequired":true,"valueName":"search_term_string"}}],"inLanguage":"en-US"},{"@type":"Organization","@id":"https:\/\/restaurantgutschein.omr.com\/en\/#organization","name":"BON BON x OMR Restaurant-Gutschein","url":"https:\/\/restaurantgutschein.omr.com\/en\/","logo":{"@type":"ImageObject","inLanguage":"en-US","@id":"https:\/\/restaurantgutschein.omr.com\/en\/#\/schema\/logo\/image\/","url":"https:\/\/restaurantgutschein.omr.com\/wp-content\/uploads\/2025\/04\/cropped-favi-2.png","contentUrl":"https:\/\/restaurantgutschein.omr.com\/wp-content\/uploads\/2025\/04\/cropped-favi-2.png","width":512,"height":512,"caption":"BON BON x OMR Restaurant-Gutschein"},"image":{"@id":"https:\/\/restaurantgutschein.omr.com\/en\/#\/schema\/logo\/image\/"}}]}},"_links":{"self":[{"href":"https:\/\/restaurantgutschein.omr.com\/en\/wp-json\/wp\/v2\/product\/435789","targetHints":{"allow":["GET"]}}],"collection":[{"href":"https:\/\/restaurantgutschein.omr.com\/en\/wp-json\/wp\/v2\/product"}],"about":[{"href":"https:\/\/restaurantgutschein.omr.com\/en\/wp-json\/wp\/v2\/types\/product"}],"wp:featuredmedia":[{"embeddable":true,"href":"https:\/\/restaurantgutschein.omr.com\/en\/wp-json\/wp\/v2\/media\/435792"}],"wp:attachment":[{"href":"https:\/\/restaurantgutschein.omr.com\/en\/wp-json\/wp\/v2\/media?parent=435789"}],"wp:term":[{"taxonomy":"product_brand","embeddable":true,"href":"https:\/\/restaurantgutschein.omr.com\/en\/wp-json\/wp\/v2\/product_brand?post=435789"},{"taxonomy":"product_cat","embeddable":true,"href":"https:\/\/restaurantgutschein.omr.com\/en\/wp-json\/wp\/v2\/product_cat?post=435789"},{"taxonomy":"product_tag","embeddable":true,"href":"https:\/\/restaurantgutschein.omr.com\/en\/wp-json\/wp\/v2\/product_tag?post=435789"}],"curies":[{"name":"wp","href":"https:\/\/api.w.org\/{rel}","templated":true}]}}