{"id":435166,"date":"2025-11-06T08:23:22","date_gmt":"2025-11-06T07:23:22","guid":{"rendered":"https:\/\/restaurantgutschein.omr.com\/produkt\/milk-sugar\/"},"modified":"2026-04-03T23:19:43","modified_gmt":"2026-04-03T21:19:43","slug":"milk-sugar","status":"publish","type":"product","link":"https:\/\/restaurantgutschein.omr.com\/en\/produkt\/milk-sugar\/","title":{"rendered":"milk &amp; sugar"},"content":{"rendered":"<p>milk &amp; sugar tags\u00fcber ein stilvolles Caf\u00e9, abends eine lebendige Bar \u2013 mit hausgemachten Speisen, exzellentem Kaffee, kreativen Drinks und regelm\u00e4\u00dfigem Eventprogramm <\/p>\n<p><span class=\"relative -mx-px my-[-0.2rem] rounded px-px py-[0.2rem] transition-colors duration-100 ease-in-out\">In der Bahnhofstra\u00dfe 16 vereinen Serkan, Noursel und Anesti Ismail hochwertiges Caf\u00e9-Flair und gem\u00fctliche Bar-Kultur unter einem Dach. Tags\u00fcber werden frische Bagels, selbstgemachte Kuchen und Bio-Kaffee mit Soja-, Hafer- oder Mandelmilch serviert \u2013 alles hausgemacht und nachhaltig bezogen<\/span>. <span class=\"relative -mx-px my-[-0.2rem] rounded px-px py-[0.2rem] transition-colors duration-100 ease-in-out\">Abends verwandelt sich das Interieur mit Holz, Samt und Kronleuchtern in eine stimmungsvolle Bar, in der Cocktails, Weine, Biere und Longdrinks flie\u00dfen, w\u00e4hrend Events wie Comedy-Abende oder Livemusik f\u00fcr Atmosph\u00e4re sorgen<\/span>. <span class=\"relative -mx-px my-[-0.2rem] rounded px-px py-[0.2rem] transition-colors duration-100 ease-in-out\">G\u00e4ste loben besonders den freundlichen Service, das stilvolle Ambiente und die liebevolle Qualit\u00e4t.<\/span><\/p>\n<p> Bahnhofstra\u00dfe 16 35390 Gie\u00dfen   Bar &amp; Drinks Sweets &amp; Dessert Bar Caf\u00e9<\/p>\n","protected":false},"excerpt":{"rendered":"<p>milk &amp; sugar tags\u00fcber ein stilvolles Caf\u00e9, abends eine lebendige Bar \u2013 mit hausgemachten Speisen, exzellentem Kaffee, kreativen Drinks und regelm\u00e4\u00dfigem Eventprogramm In der Bahnhofstra\u00dfe 16 vereinen Serkan, Noursel und Anesti Ismail hochwertiges Caf\u00e9-Flair und gem\u00fctliche Bar-Kultur unter einem Dach. Tags\u00fcber werden frische Bagels, selbstgemachte Kuchen und Bio-Kaffee mit Soja-, Hafer- oder Mandelmilch serviert \u2013 [&hellip;]<\/p>\n","protected":false},"featured_media":435170,"template":"","meta":{"_acf_changed":false},"product_brand":[],"product_cat":[701],"product_tag":[],"class_list":{"0":"post-435166","1":"product","2":"type-product","3":"status-publish","4":"has-post-thumbnail","6":"product_cat-giessen","7":"cuisine-bar-drinks","8":"cuisine-sweets-dessert","9":"art-der-location-bar","10":"art-der-location-cafe","12":"first","13":"instock","14":"shipping-taxable","15":"purchasable","16":"product-type-variable"},"acf":[],"yoast_head":"<!-- This site is optimized with the Yoast SEO plugin v26.9 - https:\/\/yoast.com\/product\/yoast-seo-wordpress\/ -->\n<title>milk &amp; sugar Gutschein kaufen | #PayNowEatLater<\/title>\n<meta name=\"description\" content=\"Restaurant Gutschein f\u00fcr &quot;milk &amp; sugar&quot; online kaufen. Sofortiger Versand als PDF per E-Mail. Ideal auch als Last Minute Geschenk-Gutschein.\" \/>\n<meta name=\"robots\" content=\"noindex, follow\" \/>\n<meta property=\"og:locale\" content=\"en_US\" \/>\n<meta property=\"og:type\" content=\"article\" \/>\n<meta property=\"og:title\" content=\"milk &amp; sugar Gutschein kaufen | #PayNowEatLater\" \/>\n<meta property=\"og:description\" content=\"Restaurant Gutschein f\u00fcr &quot;milk &amp; sugar&quot; online kaufen. Sofortiger Versand als PDF per E-Mail. Ideal auch als Last Minute Geschenk-Gutschein.\" \/>\n<meta property=\"og:url\" content=\"https:\/\/restaurantgutschein.omr.com\/en\/produkt\/milk-sugar\/\" \/>\n<meta property=\"og:site_name\" content=\"BON BON x OMR Restaurant-Gutschein\" \/>\n<meta property=\"article:modified_time\" content=\"2026-04-03T21:19:43+00:00\" \/>\n<meta property=\"og:image\" content=\"https:\/\/restaurantgutschein.omr.com\/wp-content\/uploads\/2025\/11\/milk-sugar-restaurant-gutschein-giessen-iQkWt.jpg\" \/>\n\t<meta property=\"og:image:width\" content=\"1440\" \/>\n\t<meta property=\"og:image:height\" content=\"1800\" \/>\n\t<meta property=\"og:image:type\" content=\"image\/jpeg\" \/>\n<meta name=\"twitter:label1\" content=\"Est. reading time\" \/>\n\t<meta name=\"twitter:data1\" content=\"1 minute\" \/>\n<script type=\"application\/ld+json\" class=\"yoast-schema-graph\">{\"@context\":\"https:\/\/schema.org\",\"@graph\":[{\"@type\":\"WebPage\",\"@id\":\"https:\/\/restaurantgutschein.omr.com\/en\/produkt\/milk-sugar\/\",\"url\":\"https:\/\/restaurantgutschein.omr.com\/en\/produkt\/milk-sugar\/\",\"name\":\"milk &amp; sugar Gutschein kaufen | #PayNowEatLater\",\"isPartOf\":{\"@id\":\"https:\/\/restaurantgutschein.omr.com\/en\/#website\"},\"primaryImageOfPage\":{\"@id\":\"https:\/\/restaurantgutschein.omr.com\/en\/produkt\/milk-sugar\/#primaryimage\"},\"image\":{\"@id\":\"https:\/\/restaurantgutschein.omr.com\/en\/produkt\/milk-sugar\/#primaryimage\"},\"thumbnailUrl\":\"https:\/\/restaurantgutschein.omr.com\/wp-content\/uploads\/2025\/11\/milk-sugar-restaurant-gutschein-giessen-iQkWt.jpg\",\"datePublished\":\"2025-11-06T07:23:22+00:00\",\"dateModified\":\"2026-04-03T21:19:43+00:00\",\"description\":\"Restaurant Gutschein f\u00fcr \\\"milk &amp; sugar\\\" online kaufen. Sofortiger Versand als PDF per E-Mail. Ideal auch als Last Minute Geschenk-Gutschein.\",\"breadcrumb\":{\"@id\":\"https:\/\/restaurantgutschein.omr.com\/en\/produkt\/milk-sugar\/#breadcrumb\"},\"inLanguage\":\"en-US\",\"potentialAction\":[{\"@type\":\"ReadAction\",\"target\":[\"https:\/\/restaurantgutschein.omr.com\/en\/produkt\/milk-sugar\/\"]}]},{\"@type\":\"ImageObject\",\"inLanguage\":\"en-US\",\"@id\":\"https:\/\/restaurantgutschein.omr.com\/en\/produkt\/milk-sugar\/#primaryimage\",\"url\":\"https:\/\/restaurantgutschein.omr.com\/wp-content\/uploads\/2025\/11\/milk-sugar-restaurant-gutschein-giessen-iQkWt.jpg\",\"contentUrl\":\"https:\/\/restaurantgutschein.omr.com\/wp-content\/uploads\/2025\/11\/milk-sugar-restaurant-gutschein-giessen-iQkWt.jpg\",\"width\":1440,\"height\":1800},{\"@type\":\"BreadcrumbList\",\"@id\":\"https:\/\/restaurantgutschein.omr.com\/en\/produkt\/milk-sugar\/#breadcrumb\",\"itemListElement\":[{\"@type\":\"ListItem\",\"position\":1,\"name\":\"Startseite\",\"item\":\"https:\/\/restaurantgutschein.omr.com\/en\/\"},{\"@type\":\"ListItem\",\"position\":2,\"name\":\"milk &amp; sugar\"}]},{\"@type\":\"WebSite\",\"@id\":\"https:\/\/restaurantgutschein.omr.com\/en\/#website\",\"url\":\"https:\/\/restaurantgutschein.omr.com\/en\/\",\"name\":\"BON BON x OMR Restaurant-Gutschein\",\"description\":\"\",\"publisher\":{\"@id\":\"https:\/\/restaurantgutschein.omr.com\/en\/#organization\"},\"potentialAction\":[{\"@type\":\"SearchAction\",\"target\":{\"@type\":\"EntryPoint\",\"urlTemplate\":\"https:\/\/restaurantgutschein.omr.com\/en\/?s={search_term_string}\"},\"query-input\":{\"@type\":\"PropertyValueSpecification\",\"valueRequired\":true,\"valueName\":\"search_term_string\"}}],\"inLanguage\":\"en-US\"},{\"@type\":\"Organization\",\"@id\":\"https:\/\/restaurantgutschein.omr.com\/en\/#organization\",\"name\":\"BON BON x OMR Restaurant-Gutschein\",\"url\":\"https:\/\/restaurantgutschein.omr.com\/en\/\",\"logo\":{\"@type\":\"ImageObject\",\"inLanguage\":\"en-US\",\"@id\":\"https:\/\/restaurantgutschein.omr.com\/en\/#\/schema\/logo\/image\/\",\"url\":\"https:\/\/restaurantgutschein.omr.com\/wp-content\/uploads\/2025\/04\/cropped-favi-2.png\",\"contentUrl\":\"https:\/\/restaurantgutschein.omr.com\/wp-content\/uploads\/2025\/04\/cropped-favi-2.png\",\"width\":512,\"height\":512,\"caption\":\"BON BON x OMR Restaurant-Gutschein\"},\"image\":{\"@id\":\"https:\/\/restaurantgutschein.omr.com\/en\/#\/schema\/logo\/image\/\"}}]}<\/script>\n<!-- \/ Yoast SEO plugin. -->","yoast_head_json":{"title":"milk &amp; sugar Gutschein kaufen | #PayNowEatLater","description":"Restaurant Gutschein f\u00fcr \"milk &amp; sugar\" online kaufen. Sofortiger Versand als PDF per E-Mail. Ideal auch als Last Minute Geschenk-Gutschein.","robots":{"index":"noindex","follow":"follow"},"og_locale":"en_US","og_type":"article","og_title":"milk &amp; sugar Gutschein kaufen | #PayNowEatLater","og_description":"Restaurant Gutschein f\u00fcr \"milk &amp; sugar\" online kaufen. Sofortiger Versand als PDF per E-Mail. Ideal auch als Last Minute Geschenk-Gutschein.","og_url":"https:\/\/restaurantgutschein.omr.com\/en\/produkt\/milk-sugar\/","og_site_name":"BON BON x OMR Restaurant-Gutschein","article_modified_time":"2026-04-03T21:19:43+00:00","og_image":[{"width":1440,"height":1800,"url":"https:\/\/restaurantgutschein.omr.com\/wp-content\/uploads\/2025\/11\/milk-sugar-restaurant-gutschein-giessen-iQkWt.jpg","type":"image\/jpeg"}],"twitter_misc":{"Est. reading time":"1 minute"},"schema":{"@context":"https:\/\/schema.org","@graph":[{"@type":"WebPage","@id":"https:\/\/restaurantgutschein.omr.com\/en\/produkt\/milk-sugar\/","url":"https:\/\/restaurantgutschein.omr.com\/en\/produkt\/milk-sugar\/","name":"milk &amp; sugar Gutschein kaufen | #PayNowEatLater","isPartOf":{"@id":"https:\/\/restaurantgutschein.omr.com\/en\/#website"},"primaryImageOfPage":{"@id":"https:\/\/restaurantgutschein.omr.com\/en\/produkt\/milk-sugar\/#primaryimage"},"image":{"@id":"https:\/\/restaurantgutschein.omr.com\/en\/produkt\/milk-sugar\/#primaryimage"},"thumbnailUrl":"https:\/\/restaurantgutschein.omr.com\/wp-content\/uploads\/2025\/11\/milk-sugar-restaurant-gutschein-giessen-iQkWt.jpg","datePublished":"2025-11-06T07:23:22+00:00","dateModified":"2026-04-03T21:19:43+00:00","description":"Restaurant Gutschein f\u00fcr \"milk &amp; sugar\" online kaufen. Sofortiger Versand als PDF per E-Mail. Ideal auch als Last Minute Geschenk-Gutschein.","breadcrumb":{"@id":"https:\/\/restaurantgutschein.omr.com\/en\/produkt\/milk-sugar\/#breadcrumb"},"inLanguage":"en-US","potentialAction":[{"@type":"ReadAction","target":["https:\/\/restaurantgutschein.omr.com\/en\/produkt\/milk-sugar\/"]}]},{"@type":"ImageObject","inLanguage":"en-US","@id":"https:\/\/restaurantgutschein.omr.com\/en\/produkt\/milk-sugar\/#primaryimage","url":"https:\/\/restaurantgutschein.omr.com\/wp-content\/uploads\/2025\/11\/milk-sugar-restaurant-gutschein-giessen-iQkWt.jpg","contentUrl":"https:\/\/restaurantgutschein.omr.com\/wp-content\/uploads\/2025\/11\/milk-sugar-restaurant-gutschein-giessen-iQkWt.jpg","width":1440,"height":1800},{"@type":"BreadcrumbList","@id":"https:\/\/restaurantgutschein.omr.com\/en\/produkt\/milk-sugar\/#breadcrumb","itemListElement":[{"@type":"ListItem","position":1,"name":"Startseite","item":"https:\/\/restaurantgutschein.omr.com\/en\/"},{"@type":"ListItem","position":2,"name":"milk &amp; sugar"}]},{"@type":"WebSite","@id":"https:\/\/restaurantgutschein.omr.com\/en\/#website","url":"https:\/\/restaurantgutschein.omr.com\/en\/","name":"BON BON x OMR Restaurant-Gutschein","description":"","publisher":{"@id":"https:\/\/restaurantgutschein.omr.com\/en\/#organization"},"potentialAction":[{"@type":"SearchAction","target":{"@type":"EntryPoint","urlTemplate":"https:\/\/restaurantgutschein.omr.com\/en\/?s={search_term_string}"},"query-input":{"@type":"PropertyValueSpecification","valueRequired":true,"valueName":"search_term_string"}}],"inLanguage":"en-US"},{"@type":"Organization","@id":"https:\/\/restaurantgutschein.omr.com\/en\/#organization","name":"BON BON x OMR Restaurant-Gutschein","url":"https:\/\/restaurantgutschein.omr.com\/en\/","logo":{"@type":"ImageObject","inLanguage":"en-US","@id":"https:\/\/restaurantgutschein.omr.com\/en\/#\/schema\/logo\/image\/","url":"https:\/\/restaurantgutschein.omr.com\/wp-content\/uploads\/2025\/04\/cropped-favi-2.png","contentUrl":"https:\/\/restaurantgutschein.omr.com\/wp-content\/uploads\/2025\/04\/cropped-favi-2.png","width":512,"height":512,"caption":"BON BON x OMR Restaurant-Gutschein"},"image":{"@id":"https:\/\/restaurantgutschein.omr.com\/en\/#\/schema\/logo\/image\/"}}]}},"_links":{"self":[{"href":"https:\/\/restaurantgutschein.omr.com\/en\/wp-json\/wp\/v2\/product\/435166","targetHints":{"allow":["GET"]}}],"collection":[{"href":"https:\/\/restaurantgutschein.omr.com\/en\/wp-json\/wp\/v2\/product"}],"about":[{"href":"https:\/\/restaurantgutschein.omr.com\/en\/wp-json\/wp\/v2\/types\/product"}],"wp:featuredmedia":[{"embeddable":true,"href":"https:\/\/restaurantgutschein.omr.com\/en\/wp-json\/wp\/v2\/media\/435170"}],"wp:attachment":[{"href":"https:\/\/restaurantgutschein.omr.com\/en\/wp-json\/wp\/v2\/media?parent=435166"}],"wp:term":[{"taxonomy":"product_brand","embeddable":true,"href":"https:\/\/restaurantgutschein.omr.com\/en\/wp-json\/wp\/v2\/product_brand?post=435166"},{"taxonomy":"product_cat","embeddable":true,"href":"https:\/\/restaurantgutschein.omr.com\/en\/wp-json\/wp\/v2\/product_cat?post=435166"},{"taxonomy":"product_tag","embeddable":true,"href":"https:\/\/restaurantgutschein.omr.com\/en\/wp-json\/wp\/v2\/product_tag?post=435166"}],"curies":[{"name":"wp","href":"https:\/\/api.w.org\/{rel}","templated":true}]}}