{"id":434275,"date":"2025-11-06T08:20:04","date_gmt":"2025-11-06T07:20:04","guid":{"rendered":"https:\/\/restaurantgutschein.omr.com\/produkt\/hotel-restaurant-cala-luna\/"},"modified":"2026-04-03T14:53:34","modified_gmt":"2026-04-03T12:53:34","slug":"hotel-restaurant-cala-luna","status":"publish","type":"product","link":"https:\/\/restaurantgutschein.omr.com\/en\/produkt\/hotel-restaurant-cala-luna\/","title":{"rendered":"Hotel Restaurant Cala Luna"},"content":{"rendered":"<p>Hotel Restaurant Cala Luna Italienisch Mediteranes Restaurant <\/p>\n<p>Im hauseigenen Restaurant Cala Luna erwarten Sie kulinarische Highlights der italienisch-mediterranen K\u00fcche. Frische Zutaten, kreative Rezepte und eine erlesene Weinkarte sorgen f\u00fcr ein authentisches Geschmackserlebnis. Ob hausgemachte Pasta, fangfrischer Fisch oder verf\u00fchrerische Desserts \u2013 bei uns kommt jeder Feinschmecker auf seine Kosten.<br \/>Genie\u00dfen Sie sonnige Stunden auf unserer Terrasse oder lassen Sie den Abend bei einem Glas Wein in entspannter Atmosph\u00e4re ausklingen.<\/p>\n<p> Alte Kasseler Stra\u00dfe 66 35039 Marburg   Italienisch Mediterran Restaurant<\/p>\n","protected":false},"excerpt":{"rendered":"<p>Hotel Restaurant Cala Luna Italienisch Mediteranes Restaurant Im hauseigenen Restaurant Cala Luna erwarten Sie kulinarische Highlights der italienisch-mediterranen K\u00fcche. Frische Zutaten, kreative Rezepte und eine erlesene Weinkarte sorgen f\u00fcr ein authentisches Geschmackserlebnis. Ob hausgemachte Pasta, fangfrischer Fisch oder verf\u00fchrerische Desserts \u2013 bei uns kommt jeder Feinschmecker auf seine Kosten.Genie\u00dfen Sie sonnige Stunden auf unserer Terrasse [&hellip;]<\/p>\n","protected":false},"featured_media":0,"template":"","meta":{"_acf_changed":false},"product_brand":[],"product_cat":[649],"product_tag":[],"class_list":{"0":"post-434275","1":"product","2":"type-product","3":"status-publish","5":"product_cat-marburg","6":"cuisine-italienisch","7":"cuisine-mediterran","8":"art-der-location-restaurant","10":"first","11":"instock","12":"shipping-taxable","13":"purchasable","14":"product-type-variable"},"acf":[],"yoast_head":"<!-- This site is optimized with the Yoast SEO plugin v26.9 - https:\/\/yoast.com\/product\/yoast-seo-wordpress\/ -->\n<title>Hotel Restaurant Cala Luna Gutschein kaufen | #PayNowEatLater<\/title>\n<meta name=\"description\" content=\"Restaurant Gutschein f\u00fcr &quot;Hotel Restaurant Cala Luna&quot; online kaufen. Sofortiger Versand als PDF per E-Mail. Ideal auch als Last Minute Geschenk-Gutschein.\" \/>\n<meta name=\"robots\" content=\"noindex, follow\" \/>\n<meta property=\"og:locale\" content=\"en_US\" \/>\n<meta property=\"og:type\" content=\"article\" \/>\n<meta property=\"og:title\" content=\"Hotel Restaurant Cala Luna Gutschein kaufen | #PayNowEatLater\" \/>\n<meta property=\"og:description\" content=\"Restaurant Gutschein f\u00fcr &quot;Hotel Restaurant Cala Luna&quot; online kaufen. Sofortiger Versand als PDF per E-Mail. Ideal auch als Last Minute Geschenk-Gutschein.\" \/>\n<meta property=\"og:url\" content=\"https:\/\/restaurantgutschein.omr.com\/en\/produkt\/hotel-restaurant-cala-luna\/\" \/>\n<meta property=\"og:site_name\" content=\"BON BON x OMR Restaurant-Gutschein\" \/>\n<meta property=\"article:modified_time\" content=\"2026-04-03T12:53:34+00:00\" \/>\n<script type=\"application\/ld+json\" class=\"yoast-schema-graph\">{\"@context\":\"https:\/\/schema.org\",\"@graph\":[{\"@type\":\"WebPage\",\"@id\":\"https:\/\/restaurantgutschein.omr.com\/en\/produkt\/hotel-restaurant-cala-luna\/\",\"url\":\"https:\/\/restaurantgutschein.omr.com\/en\/produkt\/hotel-restaurant-cala-luna\/\",\"name\":\"Hotel Restaurant Cala Luna Gutschein kaufen | #PayNowEatLater\",\"isPartOf\":{\"@id\":\"https:\/\/restaurantgutschein.omr.com\/en\/#website\"},\"datePublished\":\"2025-11-06T07:20:04+00:00\",\"dateModified\":\"2026-04-03T12:53:34+00:00\",\"description\":\"Restaurant Gutschein f\u00fcr \\\"Hotel Restaurant Cala Luna\\\" online kaufen. Sofortiger Versand als PDF per E-Mail. Ideal auch als Last Minute Geschenk-Gutschein.\",\"breadcrumb\":{\"@id\":\"https:\/\/restaurantgutschein.omr.com\/en\/produkt\/hotel-restaurant-cala-luna\/#breadcrumb\"},\"inLanguage\":\"en-US\",\"potentialAction\":[{\"@type\":\"ReadAction\",\"target\":[\"https:\/\/restaurantgutschein.omr.com\/en\/produkt\/hotel-restaurant-cala-luna\/\"]}]},{\"@type\":\"BreadcrumbList\",\"@id\":\"https:\/\/restaurantgutschein.omr.com\/en\/produkt\/hotel-restaurant-cala-luna\/#breadcrumb\",\"itemListElement\":[{\"@type\":\"ListItem\",\"position\":1,\"name\":\"Startseite\",\"item\":\"https:\/\/restaurantgutschein.omr.com\/en\/\"},{\"@type\":\"ListItem\",\"position\":2,\"name\":\"Hotel Restaurant Cala Luna\"}]},{\"@type\":\"WebSite\",\"@id\":\"https:\/\/restaurantgutschein.omr.com\/en\/#website\",\"url\":\"https:\/\/restaurantgutschein.omr.com\/en\/\",\"name\":\"BON BON x OMR Restaurant-Gutschein\",\"description\":\"\",\"publisher\":{\"@id\":\"https:\/\/restaurantgutschein.omr.com\/en\/#organization\"},\"potentialAction\":[{\"@type\":\"SearchAction\",\"target\":{\"@type\":\"EntryPoint\",\"urlTemplate\":\"https:\/\/restaurantgutschein.omr.com\/en\/?s={search_term_string}\"},\"query-input\":{\"@type\":\"PropertyValueSpecification\",\"valueRequired\":true,\"valueName\":\"search_term_string\"}}],\"inLanguage\":\"en-US\"},{\"@type\":\"Organization\",\"@id\":\"https:\/\/restaurantgutschein.omr.com\/en\/#organization\",\"name\":\"BON BON x OMR Restaurant-Gutschein\",\"url\":\"https:\/\/restaurantgutschein.omr.com\/en\/\",\"logo\":{\"@type\":\"ImageObject\",\"inLanguage\":\"en-US\",\"@id\":\"https:\/\/restaurantgutschein.omr.com\/en\/#\/schema\/logo\/image\/\",\"url\":\"https:\/\/restaurantgutschein.omr.com\/wp-content\/uploads\/2025\/04\/cropped-favi-2.png\",\"contentUrl\":\"https:\/\/restaurantgutschein.omr.com\/wp-content\/uploads\/2025\/04\/cropped-favi-2.png\",\"width\":512,\"height\":512,\"caption\":\"BON BON x OMR Restaurant-Gutschein\"},\"image\":{\"@id\":\"https:\/\/restaurantgutschein.omr.com\/en\/#\/schema\/logo\/image\/\"}}]}<\/script>\n<!-- \/ Yoast SEO plugin. -->","yoast_head_json":{"title":"Hotel Restaurant Cala Luna Gutschein kaufen | #PayNowEatLater","description":"Restaurant Gutschein f\u00fcr \"Hotel Restaurant Cala Luna\" online kaufen. Sofortiger Versand als PDF per E-Mail. Ideal auch als Last Minute Geschenk-Gutschein.","robots":{"index":"noindex","follow":"follow"},"og_locale":"en_US","og_type":"article","og_title":"Hotel Restaurant Cala Luna Gutschein kaufen | #PayNowEatLater","og_description":"Restaurant Gutschein f\u00fcr \"Hotel Restaurant Cala Luna\" online kaufen. Sofortiger Versand als PDF per E-Mail. Ideal auch als Last Minute Geschenk-Gutschein.","og_url":"https:\/\/restaurantgutschein.omr.com\/en\/produkt\/hotel-restaurant-cala-luna\/","og_site_name":"BON BON x OMR Restaurant-Gutschein","article_modified_time":"2026-04-03T12:53:34+00:00","schema":{"@context":"https:\/\/schema.org","@graph":[{"@type":"WebPage","@id":"https:\/\/restaurantgutschein.omr.com\/en\/produkt\/hotel-restaurant-cala-luna\/","url":"https:\/\/restaurantgutschein.omr.com\/en\/produkt\/hotel-restaurant-cala-luna\/","name":"Hotel Restaurant Cala Luna Gutschein kaufen | #PayNowEatLater","isPartOf":{"@id":"https:\/\/restaurantgutschein.omr.com\/en\/#website"},"datePublished":"2025-11-06T07:20:04+00:00","dateModified":"2026-04-03T12:53:34+00:00","description":"Restaurant Gutschein f\u00fcr \"Hotel Restaurant Cala Luna\" online kaufen. Sofortiger Versand als PDF per E-Mail. Ideal auch als Last Minute Geschenk-Gutschein.","breadcrumb":{"@id":"https:\/\/restaurantgutschein.omr.com\/en\/produkt\/hotel-restaurant-cala-luna\/#breadcrumb"},"inLanguage":"en-US","potentialAction":[{"@type":"ReadAction","target":["https:\/\/restaurantgutschein.omr.com\/en\/produkt\/hotel-restaurant-cala-luna\/"]}]},{"@type":"BreadcrumbList","@id":"https:\/\/restaurantgutschein.omr.com\/en\/produkt\/hotel-restaurant-cala-luna\/#breadcrumb","itemListElement":[{"@type":"ListItem","position":1,"name":"Startseite","item":"https:\/\/restaurantgutschein.omr.com\/en\/"},{"@type":"ListItem","position":2,"name":"Hotel Restaurant Cala Luna"}]},{"@type":"WebSite","@id":"https:\/\/restaurantgutschein.omr.com\/en\/#website","url":"https:\/\/restaurantgutschein.omr.com\/en\/","name":"BON BON x OMR Restaurant-Gutschein","description":"","publisher":{"@id":"https:\/\/restaurantgutschein.omr.com\/en\/#organization"},"potentialAction":[{"@type":"SearchAction","target":{"@type":"EntryPoint","urlTemplate":"https:\/\/restaurantgutschein.omr.com\/en\/?s={search_term_string}"},"query-input":{"@type":"PropertyValueSpecification","valueRequired":true,"valueName":"search_term_string"}}],"inLanguage":"en-US"},{"@type":"Organization","@id":"https:\/\/restaurantgutschein.omr.com\/en\/#organization","name":"BON BON x OMR Restaurant-Gutschein","url":"https:\/\/restaurantgutschein.omr.com\/en\/","logo":{"@type":"ImageObject","inLanguage":"en-US","@id":"https:\/\/restaurantgutschein.omr.com\/en\/#\/schema\/logo\/image\/","url":"https:\/\/restaurantgutschein.omr.com\/wp-content\/uploads\/2025\/04\/cropped-favi-2.png","contentUrl":"https:\/\/restaurantgutschein.omr.com\/wp-content\/uploads\/2025\/04\/cropped-favi-2.png","width":512,"height":512,"caption":"BON BON x OMR Restaurant-Gutschein"},"image":{"@id":"https:\/\/restaurantgutschein.omr.com\/en\/#\/schema\/logo\/image\/"}}]}},"_links":{"self":[{"href":"https:\/\/restaurantgutschein.omr.com\/en\/wp-json\/wp\/v2\/product\/434275","targetHints":{"allow":["GET"]}}],"collection":[{"href":"https:\/\/restaurantgutschein.omr.com\/en\/wp-json\/wp\/v2\/product"}],"about":[{"href":"https:\/\/restaurantgutschein.omr.com\/en\/wp-json\/wp\/v2\/types\/product"}],"wp:attachment":[{"href":"https:\/\/restaurantgutschein.omr.com\/en\/wp-json\/wp\/v2\/media?parent=434275"}],"wp:term":[{"taxonomy":"product_brand","embeddable":true,"href":"https:\/\/restaurantgutschein.omr.com\/en\/wp-json\/wp\/v2\/product_brand?post=434275"},{"taxonomy":"product_cat","embeddable":true,"href":"https:\/\/restaurantgutschein.omr.com\/en\/wp-json\/wp\/v2\/product_cat?post=434275"},{"taxonomy":"product_tag","embeddable":true,"href":"https:\/\/restaurantgutschein.omr.com\/en\/wp-json\/wp\/v2\/product_tag?post=434275"}],"curies":[{"name":"wp","href":"https:\/\/api.w.org\/{rel}","templated":true}]}}