{"id":434028,"date":"2025-11-06T08:19:11","date_gmt":"2025-11-06T07:19:11","guid":{"rendered":"https:\/\/restaurantgutschein.omr.com\/produkt\/ble-noir-creperie-bretonne-bistro-und-cafe\/"},"modified":"2026-04-03T14:52:31","modified_gmt":"2026-04-03T12:52:31","slug":"ble-noir-creperie-bretonne-bistro-und-cafe","status":"publish","type":"product","link":"https:\/\/restaurantgutschein.omr.com\/en\/produkt\/ble-noir-creperie-bretonne-bistro-und-cafe\/","title":{"rendered":"Bl\u00e9 Noir &#8211; Cr\u00eaperie Bretonne, Bistro und Caf\u00e9"},"content":{"rendered":"<p>Bl\u00e9 Noir &#8211; Cr\u00eaperie Bretonne, Bistro und Caf\u00e9 Authentische bretonische K\u00fcche <\/p>\n<p><span class=\"relative -mx-px my-[-0.2rem] rounded px-px py-[0.2rem] bg-[#FCECC1] dark:bg-[#64572A] transition-colors duration-100 ease-in-out\">Im Herzen von Marburg, in der Lingelgasse 10, l\u00e4dt das Bl\u00e9 Noir zu einer kulinarischen Reise in die Bretagne ein.<\/span> <span class=\"relative -mx-px my-[-0.2rem] rounded px-px py-[0.2rem] transition-colors duration-100 ease-in-out\">Das charmante Restaurant serviert traditionelle bretonische Galettes aus Buchweizenmehl \u2013 herzhaft gef\u00fcllt und glutenfrei \u2013 sowie s\u00fc\u00dfe Cr\u00eapes, zubereitet nach originalen Rezepten.<\/span> <span class=\"relative -mx-px my-[-0.2rem] rounded px-px py-[0.2rem] transition-colors duration-100 ease-in-out\">Begleitet werden die Speisen von einer Auswahl an bretonischem Cidre, franz\u00f6sischen Weinen und belgischen Bieren.<\/span><\/p>\n<p><span class=\"relative -mx-px my-[-0.2rem] rounded px-px py-[0.2rem] transition-colors duration-100 ease-in-out\" style=\"background-color: initial\">Die Zutaten stammen bevorzugt aus der Region oder werden direkt aus Frankreich importiert, was die Authentizit\u00e4t der Gerichte unterstreicht.<\/span> <span class=\"relative -mx-px my-[-0.2rem] rounded px-px py-[0.2rem] transition-colors duration-100 ease-in-out\" style=\"background-color: initial\">Das gem\u00fctliche Ambiente des Fachwerkhauses und die liebevolle Dekoration versetzen G\u00e4ste direkt in die Bretagne.<\/span><\/p>\n<p><span class=\"relative -mx-px my-[-0.2rem] rounded px-px py-[0.2rem] transition-colors duration-100 ease-in-out\"><\/span><\/p>\n<p>   35037 Marburg   International Restaurant<\/p>\n","protected":false},"excerpt":{"rendered":"<p>Bl\u00e9 Noir &#8211; Cr\u00eaperie Bretonne, Bistro und Caf\u00e9 Authentische bretonische K\u00fcche Im Herzen von Marburg, in der Lingelgasse 10, l\u00e4dt das Bl\u00e9 Noir zu einer kulinarischen Reise in die Bretagne ein. Das charmante Restaurant serviert traditionelle bretonische Galettes aus Buchweizenmehl \u2013 herzhaft gef\u00fcllt und glutenfrei \u2013 sowie s\u00fc\u00dfe Cr\u00eapes, zubereitet nach originalen Rezepten. Begleitet werden [&hellip;]<\/p>\n","protected":false},"featured_media":434030,"template":"","meta":{"_acf_changed":false},"product_brand":[],"product_cat":[649],"product_tag":[],"class_list":{"0":"post-434028","1":"product","2":"type-product","3":"status-publish","4":"has-post-thumbnail","6":"product_cat-marburg","7":"cuisine-international","8":"art-der-location-restaurant","10":"first","11":"instock","12":"shipping-taxable","13":"purchasable","14":"product-type-variable"},"acf":[],"yoast_head":"<!-- This site is optimized with the Yoast SEO plugin v26.9 - https:\/\/yoast.com\/product\/yoast-seo-wordpress\/ -->\n<title>Bl\u00e9 Noir - Cr\u00eaperie Bretonne, Bistro und Caf\u00e9 Gutschein kaufen | #PayNowEatLater<\/title>\n<meta name=\"description\" content=\"Restaurant Gutschein f\u00fcr &quot;Bl\u00e9 Noir - Cr\u00eaperie Bretonne, Bistro und Caf\u00e9&quot; online kaufen. Sofortiger Versand als PDF per E-Mail. Ideal auch als Last Minute Geschenk-Gutschein.\" \/>\n<meta name=\"robots\" content=\"noindex, follow\" \/>\n<meta property=\"og:locale\" content=\"en_US\" \/>\n<meta property=\"og:type\" content=\"article\" \/>\n<meta property=\"og:title\" content=\"Bl\u00e9 Noir - Cr\u00eaperie Bretonne, Bistro und Caf\u00e9 Gutschein kaufen | #PayNowEatLater\" \/>\n<meta property=\"og:description\" content=\"Restaurant Gutschein f\u00fcr &quot;Bl\u00e9 Noir - Cr\u00eaperie Bretonne, Bistro und Caf\u00e9&quot; online kaufen. Sofortiger Versand als PDF per E-Mail. Ideal auch als Last Minute Geschenk-Gutschein.\" \/>\n<meta property=\"og:url\" content=\"https:\/\/restaurantgutschein.omr.com\/en\/produkt\/ble-noir-creperie-bretonne-bistro-und-cafe\/\" \/>\n<meta property=\"og:site_name\" content=\"BON BON x OMR Restaurant-Gutschein\" \/>\n<meta property=\"article:modified_time\" content=\"2026-04-03T12:52:31+00:00\" \/>\n<meta property=\"og:image\" content=\"https:\/\/restaurantgutschein.omr.com\/wp-content\/uploads\/2025\/11\/ble-noir-creperie-bretonne-bistro-und-cafe-restaurant-gutschein-marburg-fqPBP.jpg\" \/>\n\t<meta property=\"og:image:width\" content=\"1024\" \/>\n\t<meta property=\"og:image:height\" content=\"768\" \/>\n\t<meta property=\"og:image:type\" content=\"image\/jpeg\" \/>\n<meta name=\"twitter:label1\" content=\"Est. reading time\" \/>\n\t<meta name=\"twitter:data1\" content=\"1 minute\" \/>\n<script type=\"application\/ld+json\" class=\"yoast-schema-graph\">{\"@context\":\"https:\/\/schema.org\",\"@graph\":[{\"@type\":\"WebPage\",\"@id\":\"https:\/\/restaurantgutschein.omr.com\/en\/produkt\/ble-noir-creperie-bretonne-bistro-und-cafe\/\",\"url\":\"https:\/\/restaurantgutschein.omr.com\/en\/produkt\/ble-noir-creperie-bretonne-bistro-und-cafe\/\",\"name\":\"Bl\u00e9 Noir - Cr\u00eaperie Bretonne, Bistro und Caf\u00e9 Gutschein kaufen | #PayNowEatLater\",\"isPartOf\":{\"@id\":\"https:\/\/restaurantgutschein.omr.com\/en\/#website\"},\"primaryImageOfPage\":{\"@id\":\"https:\/\/restaurantgutschein.omr.com\/en\/produkt\/ble-noir-creperie-bretonne-bistro-und-cafe\/#primaryimage\"},\"image\":{\"@id\":\"https:\/\/restaurantgutschein.omr.com\/en\/produkt\/ble-noir-creperie-bretonne-bistro-und-cafe\/#primaryimage\"},\"thumbnailUrl\":\"https:\/\/restaurantgutschein.omr.com\/wp-content\/uploads\/2025\/11\/ble-noir-creperie-bretonne-bistro-und-cafe-restaurant-gutschein-marburg-fqPBP.jpg\",\"datePublished\":\"2025-11-06T07:19:11+00:00\",\"dateModified\":\"2026-04-03T12:52:31+00:00\",\"description\":\"Restaurant Gutschein f\u00fcr \\\"Bl\u00e9 Noir - Cr\u00eaperie Bretonne, Bistro und Caf\u00e9\\\" online kaufen. Sofortiger Versand als PDF per E-Mail. Ideal auch als Last Minute Geschenk-Gutschein.\",\"breadcrumb\":{\"@id\":\"https:\/\/restaurantgutschein.omr.com\/en\/produkt\/ble-noir-creperie-bretonne-bistro-und-cafe\/#breadcrumb\"},\"inLanguage\":\"en-US\",\"potentialAction\":[{\"@type\":\"ReadAction\",\"target\":[\"https:\/\/restaurantgutschein.omr.com\/en\/produkt\/ble-noir-creperie-bretonne-bistro-und-cafe\/\"]}]},{\"@type\":\"ImageObject\",\"inLanguage\":\"en-US\",\"@id\":\"https:\/\/restaurantgutschein.omr.com\/en\/produkt\/ble-noir-creperie-bretonne-bistro-und-cafe\/#primaryimage\",\"url\":\"https:\/\/restaurantgutschein.omr.com\/wp-content\/uploads\/2025\/11\/ble-noir-creperie-bretonne-bistro-und-cafe-restaurant-gutschein-marburg-fqPBP.jpg\",\"contentUrl\":\"https:\/\/restaurantgutschein.omr.com\/wp-content\/uploads\/2025\/11\/ble-noir-creperie-bretonne-bistro-und-cafe-restaurant-gutschein-marburg-fqPBP.jpg\",\"width\":1024,\"height\":768},{\"@type\":\"BreadcrumbList\",\"@id\":\"https:\/\/restaurantgutschein.omr.com\/en\/produkt\/ble-noir-creperie-bretonne-bistro-und-cafe\/#breadcrumb\",\"itemListElement\":[{\"@type\":\"ListItem\",\"position\":1,\"name\":\"Startseite\",\"item\":\"https:\/\/restaurantgutschein.omr.com\/en\/\"},{\"@type\":\"ListItem\",\"position\":2,\"name\":\"Bl\u00e9 Noir &#8211; Cr\u00eaperie Bretonne, Bistro und Caf\u00e9\"}]},{\"@type\":\"WebSite\",\"@id\":\"https:\/\/restaurantgutschein.omr.com\/en\/#website\",\"url\":\"https:\/\/restaurantgutschein.omr.com\/en\/\",\"name\":\"BON BON x OMR Restaurant-Gutschein\",\"description\":\"\",\"publisher\":{\"@id\":\"https:\/\/restaurantgutschein.omr.com\/en\/#organization\"},\"potentialAction\":[{\"@type\":\"SearchAction\",\"target\":{\"@type\":\"EntryPoint\",\"urlTemplate\":\"https:\/\/restaurantgutschein.omr.com\/en\/?s={search_term_string}\"},\"query-input\":{\"@type\":\"PropertyValueSpecification\",\"valueRequired\":true,\"valueName\":\"search_term_string\"}}],\"inLanguage\":\"en-US\"},{\"@type\":\"Organization\",\"@id\":\"https:\/\/restaurantgutschein.omr.com\/en\/#organization\",\"name\":\"BON BON x OMR Restaurant-Gutschein\",\"url\":\"https:\/\/restaurantgutschein.omr.com\/en\/\",\"logo\":{\"@type\":\"ImageObject\",\"inLanguage\":\"en-US\",\"@id\":\"https:\/\/restaurantgutschein.omr.com\/en\/#\/schema\/logo\/image\/\",\"url\":\"https:\/\/restaurantgutschein.omr.com\/wp-content\/uploads\/2025\/04\/cropped-favi-2.png\",\"contentUrl\":\"https:\/\/restaurantgutschein.omr.com\/wp-content\/uploads\/2025\/04\/cropped-favi-2.png\",\"width\":512,\"height\":512,\"caption\":\"BON BON x OMR Restaurant-Gutschein\"},\"image\":{\"@id\":\"https:\/\/restaurantgutschein.omr.com\/en\/#\/schema\/logo\/image\/\"}}]}<\/script>\n<!-- \/ Yoast SEO plugin. -->","yoast_head_json":{"title":"Bl\u00e9 Noir - Cr\u00eaperie Bretonne, Bistro und Caf\u00e9 Gutschein kaufen | #PayNowEatLater","description":"Restaurant Gutschein f\u00fcr \"Bl\u00e9 Noir - Cr\u00eaperie Bretonne, Bistro und Caf\u00e9\" online kaufen. Sofortiger Versand als PDF per E-Mail. Ideal auch als Last Minute Geschenk-Gutschein.","robots":{"index":"noindex","follow":"follow"},"og_locale":"en_US","og_type":"article","og_title":"Bl\u00e9 Noir - Cr\u00eaperie Bretonne, Bistro und Caf\u00e9 Gutschein kaufen | #PayNowEatLater","og_description":"Restaurant Gutschein f\u00fcr \"Bl\u00e9 Noir - Cr\u00eaperie Bretonne, Bistro und Caf\u00e9\" online kaufen. Sofortiger Versand als PDF per E-Mail. Ideal auch als Last Minute Geschenk-Gutschein.","og_url":"https:\/\/restaurantgutschein.omr.com\/en\/produkt\/ble-noir-creperie-bretonne-bistro-und-cafe\/","og_site_name":"BON BON x OMR Restaurant-Gutschein","article_modified_time":"2026-04-03T12:52:31+00:00","og_image":[{"width":1024,"height":768,"url":"https:\/\/restaurantgutschein.omr.com\/wp-content\/uploads\/2025\/11\/ble-noir-creperie-bretonne-bistro-und-cafe-restaurant-gutschein-marburg-fqPBP.jpg","type":"image\/jpeg"}],"twitter_misc":{"Est. reading time":"1 minute"},"schema":{"@context":"https:\/\/schema.org","@graph":[{"@type":"WebPage","@id":"https:\/\/restaurantgutschein.omr.com\/en\/produkt\/ble-noir-creperie-bretonne-bistro-und-cafe\/","url":"https:\/\/restaurantgutschein.omr.com\/en\/produkt\/ble-noir-creperie-bretonne-bistro-und-cafe\/","name":"Bl\u00e9 Noir - Cr\u00eaperie Bretonne, Bistro und Caf\u00e9 Gutschein kaufen | #PayNowEatLater","isPartOf":{"@id":"https:\/\/restaurantgutschein.omr.com\/en\/#website"},"primaryImageOfPage":{"@id":"https:\/\/restaurantgutschein.omr.com\/en\/produkt\/ble-noir-creperie-bretonne-bistro-und-cafe\/#primaryimage"},"image":{"@id":"https:\/\/restaurantgutschein.omr.com\/en\/produkt\/ble-noir-creperie-bretonne-bistro-und-cafe\/#primaryimage"},"thumbnailUrl":"https:\/\/restaurantgutschein.omr.com\/wp-content\/uploads\/2025\/11\/ble-noir-creperie-bretonne-bistro-und-cafe-restaurant-gutschein-marburg-fqPBP.jpg","datePublished":"2025-11-06T07:19:11+00:00","dateModified":"2026-04-03T12:52:31+00:00","description":"Restaurant Gutschein f\u00fcr \"Bl\u00e9 Noir - Cr\u00eaperie Bretonne, Bistro und Caf\u00e9\" online kaufen. Sofortiger Versand als PDF per E-Mail. Ideal auch als Last Minute Geschenk-Gutschein.","breadcrumb":{"@id":"https:\/\/restaurantgutschein.omr.com\/en\/produkt\/ble-noir-creperie-bretonne-bistro-und-cafe\/#breadcrumb"},"inLanguage":"en-US","potentialAction":[{"@type":"ReadAction","target":["https:\/\/restaurantgutschein.omr.com\/en\/produkt\/ble-noir-creperie-bretonne-bistro-und-cafe\/"]}]},{"@type":"ImageObject","inLanguage":"en-US","@id":"https:\/\/restaurantgutschein.omr.com\/en\/produkt\/ble-noir-creperie-bretonne-bistro-und-cafe\/#primaryimage","url":"https:\/\/restaurantgutschein.omr.com\/wp-content\/uploads\/2025\/11\/ble-noir-creperie-bretonne-bistro-und-cafe-restaurant-gutschein-marburg-fqPBP.jpg","contentUrl":"https:\/\/restaurantgutschein.omr.com\/wp-content\/uploads\/2025\/11\/ble-noir-creperie-bretonne-bistro-und-cafe-restaurant-gutschein-marburg-fqPBP.jpg","width":1024,"height":768},{"@type":"BreadcrumbList","@id":"https:\/\/restaurantgutschein.omr.com\/en\/produkt\/ble-noir-creperie-bretonne-bistro-und-cafe\/#breadcrumb","itemListElement":[{"@type":"ListItem","position":1,"name":"Startseite","item":"https:\/\/restaurantgutschein.omr.com\/en\/"},{"@type":"ListItem","position":2,"name":"Bl\u00e9 Noir &#8211; Cr\u00eaperie Bretonne, Bistro und Caf\u00e9"}]},{"@type":"WebSite","@id":"https:\/\/restaurantgutschein.omr.com\/en\/#website","url":"https:\/\/restaurantgutschein.omr.com\/en\/","name":"BON BON x OMR Restaurant-Gutschein","description":"","publisher":{"@id":"https:\/\/restaurantgutschein.omr.com\/en\/#organization"},"potentialAction":[{"@type":"SearchAction","target":{"@type":"EntryPoint","urlTemplate":"https:\/\/restaurantgutschein.omr.com\/en\/?s={search_term_string}"},"query-input":{"@type":"PropertyValueSpecification","valueRequired":true,"valueName":"search_term_string"}}],"inLanguage":"en-US"},{"@type":"Organization","@id":"https:\/\/restaurantgutschein.omr.com\/en\/#organization","name":"BON BON x OMR Restaurant-Gutschein","url":"https:\/\/restaurantgutschein.omr.com\/en\/","logo":{"@type":"ImageObject","inLanguage":"en-US","@id":"https:\/\/restaurantgutschein.omr.com\/en\/#\/schema\/logo\/image\/","url":"https:\/\/restaurantgutschein.omr.com\/wp-content\/uploads\/2025\/04\/cropped-favi-2.png","contentUrl":"https:\/\/restaurantgutschein.omr.com\/wp-content\/uploads\/2025\/04\/cropped-favi-2.png","width":512,"height":512,"caption":"BON BON x OMR Restaurant-Gutschein"},"image":{"@id":"https:\/\/restaurantgutschein.omr.com\/en\/#\/schema\/logo\/image\/"}}]}},"_links":{"self":[{"href":"https:\/\/restaurantgutschein.omr.com\/en\/wp-json\/wp\/v2\/product\/434028","targetHints":{"allow":["GET"]}}],"collection":[{"href":"https:\/\/restaurantgutschein.omr.com\/en\/wp-json\/wp\/v2\/product"}],"about":[{"href":"https:\/\/restaurantgutschein.omr.com\/en\/wp-json\/wp\/v2\/types\/product"}],"wp:featuredmedia":[{"embeddable":true,"href":"https:\/\/restaurantgutschein.omr.com\/en\/wp-json\/wp\/v2\/media\/434030"}],"wp:attachment":[{"href":"https:\/\/restaurantgutschein.omr.com\/en\/wp-json\/wp\/v2\/media?parent=434028"}],"wp:term":[{"taxonomy":"product_brand","embeddable":true,"href":"https:\/\/restaurantgutschein.omr.com\/en\/wp-json\/wp\/v2\/product_brand?post=434028"},{"taxonomy":"product_cat","embeddable":true,"href":"https:\/\/restaurantgutschein.omr.com\/en\/wp-json\/wp\/v2\/product_cat?post=434028"},{"taxonomy":"product_tag","embeddable":true,"href":"https:\/\/restaurantgutschein.omr.com\/en\/wp-json\/wp\/v2\/product_tag?post=434028"}],"curies":[{"name":"wp","href":"https:\/\/api.w.org\/{rel}","templated":true}]}}