{"id":433870,"date":"2025-11-06T08:17:47","date_gmt":"2025-11-06T07:17:47","guid":{"rendered":"https:\/\/restaurantgutschein.omr.com\/produkt\/s-viet-asia-cuisine\/"},"modified":"2026-04-04T19:00:29","modified_gmt":"2026-04-04T17:00:29","slug":"s-viet-asia-cuisine","status":"publish","type":"product","link":"https:\/\/restaurantgutschein.omr.com\/en\/produkt\/s-viet-asia-cuisine\/","title":{"rendered":"S.viet Asia Cuisine"},"content":{"rendered":"<p>S.viet Asia Cuisine Asiatische K\u00fcche in der Schlossstra\u00dfe <\/p>\n<p>Ob nun die bunte Vielfalt, die verschiedensten, exotisch anmutenden Gew\u00fcrze oder die eher leichte Bek\u00f6mmlichkeit urs\u00e4chlich f\u00fcr die Beliebtheit sind, ist eher zweitrangig. Wenngleich einige Gerichte auch im eigenen Hause schnell und simpel nachzukochen sind, ist so ein von Natives zubereitetes \u201eOriginalessen\u201c doch etwas besonderes.<\/p>\n<p><em>Kooperationspartner durch Moin Moin Kiel<\/em><\/p>\n<p> Schlo\u00dfstra\u00dfe 21A 24103 Kiel Sviet Asia Cuisine<br \/>\n  Asiatisch International Vegan &amp; Vegetarisch Restaurant<\/p>\n","protected":false},"excerpt":{"rendered":"<p>S.viet Asia Cuisine Asiatische K\u00fcche in der Schlossstra\u00dfe Ob nun die bunte Vielfalt, die verschiedensten, exotisch anmutenden Gew\u00fcrze oder die eher leichte Bek\u00f6mmlichkeit urs\u00e4chlich f\u00fcr die Beliebtheit sind, ist eher zweitrangig. Wenngleich einige Gerichte auch im eigenen Hause schnell und simpel nachzukochen sind, ist so ein von Natives zubereitetes \u201eOriginalessen\u201c doch etwas besonderes. Kooperationspartner durch [&hellip;]<\/p>\n","protected":false},"featured_media":433873,"template":"","meta":{"_acf_changed":false},"product_brand":[],"product_cat":[519],"product_tag":[],"class_list":{"0":"post-433870","1":"product","2":"type-product","3":"status-publish","4":"has-post-thumbnail","6":"product_cat-kiel","7":"cuisine-asiatisch","8":"cuisine-international","9":"cuisine-vegan-vegetarisch","10":"art-der-location-restaurant","12":"first","13":"instock","14":"shipping-taxable","15":"purchasable","16":"product-type-variable"},"acf":[],"yoast_head":"<!-- This site is optimized with the Yoast SEO plugin v26.9 - https:\/\/yoast.com\/product\/yoast-seo-wordpress\/ -->\n<title>S.viet Asia Cuisine Gutschein kaufen | #PayNowEatLater<\/title>\n<meta name=\"description\" content=\"Restaurant Gutschein f\u00fcr &quot;S.viet Asia Cuisine&quot; online kaufen. Sofortiger Versand als PDF per E-Mail. Ideal auch als Last Minute Geschenk-Gutschein.\" \/>\n<meta name=\"robots\" content=\"noindex, follow\" \/>\n<meta property=\"og:locale\" content=\"en_US\" \/>\n<meta property=\"og:type\" content=\"article\" \/>\n<meta property=\"og:title\" content=\"S.viet Asia Cuisine Gutschein kaufen | #PayNowEatLater\" \/>\n<meta property=\"og:description\" content=\"Restaurant Gutschein f\u00fcr &quot;S.viet Asia Cuisine&quot; online kaufen. Sofortiger Versand als PDF per E-Mail. Ideal auch als Last Minute Geschenk-Gutschein.\" \/>\n<meta property=\"og:url\" content=\"https:\/\/restaurantgutschein.omr.com\/en\/produkt\/s-viet-asia-cuisine\/\" \/>\n<meta property=\"og:site_name\" content=\"BON BON x OMR Restaurant-Gutschein\" \/>\n<meta property=\"article:modified_time\" content=\"2026-04-04T17:00:29+00:00\" \/>\n<meta property=\"og:image\" content=\"https:\/\/restaurantgutschein.omr.com\/wp-content\/uploads\/2025\/11\/s-viet-asia-cuisine-restaurant-gutschein-kiel-HK5Nu.jpg\" \/>\n\t<meta property=\"og:image:width\" content=\"1982\" \/>\n\t<meta property=\"og:image:height\" content=\"1366\" \/>\n\t<meta property=\"og:image:type\" content=\"image\/jpeg\" \/>\n<script type=\"application\/ld+json\" class=\"yoast-schema-graph\">{\"@context\":\"https:\/\/schema.org\",\"@graph\":[{\"@type\":\"WebPage\",\"@id\":\"https:\/\/restaurantgutschein.omr.com\/en\/produkt\/s-viet-asia-cuisine\/\",\"url\":\"https:\/\/restaurantgutschein.omr.com\/en\/produkt\/s-viet-asia-cuisine\/\",\"name\":\"S.viet Asia Cuisine Gutschein kaufen | #PayNowEatLater\",\"isPartOf\":{\"@id\":\"https:\/\/restaurantgutschein.omr.com\/en\/#website\"},\"primaryImageOfPage\":{\"@id\":\"https:\/\/restaurantgutschein.omr.com\/en\/produkt\/s-viet-asia-cuisine\/#primaryimage\"},\"image\":{\"@id\":\"https:\/\/restaurantgutschein.omr.com\/en\/produkt\/s-viet-asia-cuisine\/#primaryimage\"},\"thumbnailUrl\":\"https:\/\/restaurantgutschein.omr.com\/wp-content\/uploads\/2025\/11\/s-viet-asia-cuisine-restaurant-gutschein-kiel-HK5Nu.jpg\",\"datePublished\":\"2025-11-06T07:17:47+00:00\",\"dateModified\":\"2026-04-04T17:00:29+00:00\",\"description\":\"Restaurant Gutschein f\u00fcr \\\"S.viet Asia Cuisine\\\" online kaufen. Sofortiger Versand als PDF per E-Mail. Ideal auch als Last Minute Geschenk-Gutschein.\",\"breadcrumb\":{\"@id\":\"https:\/\/restaurantgutschein.omr.com\/en\/produkt\/s-viet-asia-cuisine\/#breadcrumb\"},\"inLanguage\":\"en-US\",\"potentialAction\":[{\"@type\":\"ReadAction\",\"target\":[\"https:\/\/restaurantgutschein.omr.com\/en\/produkt\/s-viet-asia-cuisine\/\"]}]},{\"@type\":\"ImageObject\",\"inLanguage\":\"en-US\",\"@id\":\"https:\/\/restaurantgutschein.omr.com\/en\/produkt\/s-viet-asia-cuisine\/#primaryimage\",\"url\":\"https:\/\/restaurantgutschein.omr.com\/wp-content\/uploads\/2025\/11\/s-viet-asia-cuisine-restaurant-gutschein-kiel-HK5Nu.jpg\",\"contentUrl\":\"https:\/\/restaurantgutschein.omr.com\/wp-content\/uploads\/2025\/11\/s-viet-asia-cuisine-restaurant-gutschein-kiel-HK5Nu.jpg\",\"width\":1982,\"height\":1366},{\"@type\":\"BreadcrumbList\",\"@id\":\"https:\/\/restaurantgutschein.omr.com\/en\/produkt\/s-viet-asia-cuisine\/#breadcrumb\",\"itemListElement\":[{\"@type\":\"ListItem\",\"position\":1,\"name\":\"Startseite\",\"item\":\"https:\/\/restaurantgutschein.omr.com\/en\/\"},{\"@type\":\"ListItem\",\"position\":2,\"name\":\"S.viet Asia Cuisine\"}]},{\"@type\":\"WebSite\",\"@id\":\"https:\/\/restaurantgutschein.omr.com\/en\/#website\",\"url\":\"https:\/\/restaurantgutschein.omr.com\/en\/\",\"name\":\"BON BON x OMR Restaurant-Gutschein\",\"description\":\"\",\"publisher\":{\"@id\":\"https:\/\/restaurantgutschein.omr.com\/en\/#organization\"},\"potentialAction\":[{\"@type\":\"SearchAction\",\"target\":{\"@type\":\"EntryPoint\",\"urlTemplate\":\"https:\/\/restaurantgutschein.omr.com\/en\/?s={search_term_string}\"},\"query-input\":{\"@type\":\"PropertyValueSpecification\",\"valueRequired\":true,\"valueName\":\"search_term_string\"}}],\"inLanguage\":\"en-US\"},{\"@type\":\"Organization\",\"@id\":\"https:\/\/restaurantgutschein.omr.com\/en\/#organization\",\"name\":\"BON BON x OMR Restaurant-Gutschein\",\"url\":\"https:\/\/restaurantgutschein.omr.com\/en\/\",\"logo\":{\"@type\":\"ImageObject\",\"inLanguage\":\"en-US\",\"@id\":\"https:\/\/restaurantgutschein.omr.com\/en\/#\/schema\/logo\/image\/\",\"url\":\"https:\/\/restaurantgutschein.omr.com\/wp-content\/uploads\/2025\/04\/cropped-favi-2.png\",\"contentUrl\":\"https:\/\/restaurantgutschein.omr.com\/wp-content\/uploads\/2025\/04\/cropped-favi-2.png\",\"width\":512,\"height\":512,\"caption\":\"BON BON x OMR Restaurant-Gutschein\"},\"image\":{\"@id\":\"https:\/\/restaurantgutschein.omr.com\/en\/#\/schema\/logo\/image\/\"}}]}<\/script>\n<!-- \/ Yoast SEO plugin. -->","yoast_head_json":{"title":"S.viet Asia Cuisine Gutschein kaufen | #PayNowEatLater","description":"Restaurant Gutschein f\u00fcr \"S.viet Asia Cuisine\" online kaufen. Sofortiger Versand als PDF per E-Mail. Ideal auch als Last Minute Geschenk-Gutschein.","robots":{"index":"noindex","follow":"follow"},"og_locale":"en_US","og_type":"article","og_title":"S.viet Asia Cuisine Gutschein kaufen | #PayNowEatLater","og_description":"Restaurant Gutschein f\u00fcr \"S.viet Asia Cuisine\" online kaufen. Sofortiger Versand als PDF per E-Mail. Ideal auch als Last Minute Geschenk-Gutschein.","og_url":"https:\/\/restaurantgutschein.omr.com\/en\/produkt\/s-viet-asia-cuisine\/","og_site_name":"BON BON x OMR Restaurant-Gutschein","article_modified_time":"2026-04-04T17:00:29+00:00","og_image":[{"width":1982,"height":1366,"url":"https:\/\/restaurantgutschein.omr.com\/wp-content\/uploads\/2025\/11\/s-viet-asia-cuisine-restaurant-gutschein-kiel-HK5Nu.jpg","type":"image\/jpeg"}],"schema":{"@context":"https:\/\/schema.org","@graph":[{"@type":"WebPage","@id":"https:\/\/restaurantgutschein.omr.com\/en\/produkt\/s-viet-asia-cuisine\/","url":"https:\/\/restaurantgutschein.omr.com\/en\/produkt\/s-viet-asia-cuisine\/","name":"S.viet Asia Cuisine Gutschein kaufen | #PayNowEatLater","isPartOf":{"@id":"https:\/\/restaurantgutschein.omr.com\/en\/#website"},"primaryImageOfPage":{"@id":"https:\/\/restaurantgutschein.omr.com\/en\/produkt\/s-viet-asia-cuisine\/#primaryimage"},"image":{"@id":"https:\/\/restaurantgutschein.omr.com\/en\/produkt\/s-viet-asia-cuisine\/#primaryimage"},"thumbnailUrl":"https:\/\/restaurantgutschein.omr.com\/wp-content\/uploads\/2025\/11\/s-viet-asia-cuisine-restaurant-gutschein-kiel-HK5Nu.jpg","datePublished":"2025-11-06T07:17:47+00:00","dateModified":"2026-04-04T17:00:29+00:00","description":"Restaurant Gutschein f\u00fcr \"S.viet Asia Cuisine\" online kaufen. Sofortiger Versand als PDF per E-Mail. Ideal auch als Last Minute Geschenk-Gutschein.","breadcrumb":{"@id":"https:\/\/restaurantgutschein.omr.com\/en\/produkt\/s-viet-asia-cuisine\/#breadcrumb"},"inLanguage":"en-US","potentialAction":[{"@type":"ReadAction","target":["https:\/\/restaurantgutschein.omr.com\/en\/produkt\/s-viet-asia-cuisine\/"]}]},{"@type":"ImageObject","inLanguage":"en-US","@id":"https:\/\/restaurantgutschein.omr.com\/en\/produkt\/s-viet-asia-cuisine\/#primaryimage","url":"https:\/\/restaurantgutschein.omr.com\/wp-content\/uploads\/2025\/11\/s-viet-asia-cuisine-restaurant-gutschein-kiel-HK5Nu.jpg","contentUrl":"https:\/\/restaurantgutschein.omr.com\/wp-content\/uploads\/2025\/11\/s-viet-asia-cuisine-restaurant-gutschein-kiel-HK5Nu.jpg","width":1982,"height":1366},{"@type":"BreadcrumbList","@id":"https:\/\/restaurantgutschein.omr.com\/en\/produkt\/s-viet-asia-cuisine\/#breadcrumb","itemListElement":[{"@type":"ListItem","position":1,"name":"Startseite","item":"https:\/\/restaurantgutschein.omr.com\/en\/"},{"@type":"ListItem","position":2,"name":"S.viet Asia Cuisine"}]},{"@type":"WebSite","@id":"https:\/\/restaurantgutschein.omr.com\/en\/#website","url":"https:\/\/restaurantgutschein.omr.com\/en\/","name":"BON BON x OMR Restaurant-Gutschein","description":"","publisher":{"@id":"https:\/\/restaurantgutschein.omr.com\/en\/#organization"},"potentialAction":[{"@type":"SearchAction","target":{"@type":"EntryPoint","urlTemplate":"https:\/\/restaurantgutschein.omr.com\/en\/?s={search_term_string}"},"query-input":{"@type":"PropertyValueSpecification","valueRequired":true,"valueName":"search_term_string"}}],"inLanguage":"en-US"},{"@type":"Organization","@id":"https:\/\/restaurantgutschein.omr.com\/en\/#organization","name":"BON BON x OMR Restaurant-Gutschein","url":"https:\/\/restaurantgutschein.omr.com\/en\/","logo":{"@type":"ImageObject","inLanguage":"en-US","@id":"https:\/\/restaurantgutschein.omr.com\/en\/#\/schema\/logo\/image\/","url":"https:\/\/restaurantgutschein.omr.com\/wp-content\/uploads\/2025\/04\/cropped-favi-2.png","contentUrl":"https:\/\/restaurantgutschein.omr.com\/wp-content\/uploads\/2025\/04\/cropped-favi-2.png","width":512,"height":512,"caption":"BON BON x OMR Restaurant-Gutschein"},"image":{"@id":"https:\/\/restaurantgutschein.omr.com\/en\/#\/schema\/logo\/image\/"}}]}},"_links":{"self":[{"href":"https:\/\/restaurantgutschein.omr.com\/en\/wp-json\/wp\/v2\/product\/433870","targetHints":{"allow":["GET"]}}],"collection":[{"href":"https:\/\/restaurantgutschein.omr.com\/en\/wp-json\/wp\/v2\/product"}],"about":[{"href":"https:\/\/restaurantgutschein.omr.com\/en\/wp-json\/wp\/v2\/types\/product"}],"wp:featuredmedia":[{"embeddable":true,"href":"https:\/\/restaurantgutschein.omr.com\/en\/wp-json\/wp\/v2\/media\/433873"}],"wp:attachment":[{"href":"https:\/\/restaurantgutschein.omr.com\/en\/wp-json\/wp\/v2\/media?parent=433870"}],"wp:term":[{"taxonomy":"product_brand","embeddable":true,"href":"https:\/\/restaurantgutschein.omr.com\/en\/wp-json\/wp\/v2\/product_brand?post=433870"},{"taxonomy":"product_cat","embeddable":true,"href":"https:\/\/restaurantgutschein.omr.com\/en\/wp-json\/wp\/v2\/product_cat?post=433870"},{"taxonomy":"product_tag","embeddable":true,"href":"https:\/\/restaurantgutschein.omr.com\/en\/wp-json\/wp\/v2\/product_tag?post=433870"}],"curies":[{"name":"wp","href":"https:\/\/api.w.org\/{rel}","templated":true}]}}