{"id":433741,"date":"2025-11-06T08:16:47","date_gmt":"2025-11-06T07:16:47","guid":{"rendered":"https:\/\/restaurantgutschein.omr.com\/produkt\/mangos\/"},"modified":"2026-04-03T20:28:15","modified_gmt":"2026-04-03T18:28:15","slug":"mangos","status":"publish","type":"product","link":"https:\/\/restaurantgutschein.omr.com\/en\/produkt\/mangos\/","title":{"rendered":"Mango&#8217;s"},"content":{"rendered":"<p>Mango&#8217;s Bei uns hast du die Qual der Wahl! <\/p>\n<p>Direkt auf dem alten Markt in der Kieler Altstadt finden Sie unser Mango\u00b4s Kiel. Auf verschiedenen Ebenen mit \u00fcber 120 Sitzpl\u00e4tzen genie\u00dfen Sie unsere bunten Leckereien. Vom knackigen Salat, Pizza, Schnitzel oder Flammkuchen, alles auch zum Mitnehmen. Immer wieder lecker- unsere beliebten Burger in gro\u00dfer Auswahl.<\/p>\n<p><em>Kooperationspartner durch Moin Moin Kiel<\/em><\/p>\n<p> Alter Markt 18 24103 Kiel Mango&#8217;s Kiel<br \/>\n  Bar &amp; Drinks Burger &amp; Amerikanisch Street Food Bar Restaurant<\/p>\n","protected":false},"excerpt":{"rendered":"<p>Mango&#8217;s Bei uns hast du die Qual der Wahl! Direkt auf dem alten Markt in der Kieler Altstadt finden Sie unser Mango\u00b4s Kiel. Auf verschiedenen Ebenen mit \u00fcber 120 Sitzpl\u00e4tzen genie\u00dfen Sie unsere bunten Leckereien. Vom knackigen Salat, Pizza, Schnitzel oder Flammkuchen, alles auch zum Mitnehmen. Immer wieder lecker- unsere beliebten Burger in gro\u00dfer Auswahl. [&hellip;]<\/p>\n","protected":false},"featured_media":433742,"template":"","meta":{"_acf_changed":false},"product_brand":[],"product_cat":[519],"product_tag":[],"class_list":{"0":"post-433741","1":"product","2":"type-product","3":"status-publish","4":"has-post-thumbnail","6":"product_cat-kiel","7":"cuisine-bar-drinks","8":"cuisine-burger-amerikanisch","9":"cuisine-street-food","10":"art-der-location-bar","11":"art-der-location-restaurant","13":"first","14":"instock","15":"shipping-taxable","16":"purchasable","17":"product-type-variable"},"acf":[],"yoast_head":"<!-- This site is optimized with the Yoast SEO plugin v26.9 - https:\/\/yoast.com\/product\/yoast-seo-wordpress\/ -->\n<title>Mango&#039;s Gutschein kaufen | #PayNowEatLater<\/title>\n<meta name=\"description\" content=\"Restaurant Gutschein f\u00fcr &quot;Mango&#039;s&quot; online kaufen. Sofortiger Versand als PDF per E-Mail. Ideal auch als Last Minute Geschenk-Gutschein.\" \/>\n<meta name=\"robots\" content=\"noindex, follow\" \/>\n<meta property=\"og:locale\" content=\"en_US\" \/>\n<meta property=\"og:type\" content=\"article\" \/>\n<meta property=\"og:title\" content=\"Mango&#039;s Gutschein kaufen | #PayNowEatLater\" \/>\n<meta property=\"og:description\" content=\"Restaurant Gutschein f\u00fcr &quot;Mango&#039;s&quot; online kaufen. Sofortiger Versand als PDF per E-Mail. Ideal auch als Last Minute Geschenk-Gutschein.\" \/>\n<meta property=\"og:url\" content=\"https:\/\/restaurantgutschein.omr.com\/en\/produkt\/mangos\/\" \/>\n<meta property=\"og:site_name\" content=\"BON BON x OMR Restaurant-Gutschein\" \/>\n<meta property=\"article:modified_time\" content=\"2026-04-03T18:28:15+00:00\" \/>\n<meta property=\"og:image\" content=\"https:\/\/restaurantgutschein.omr.com\/wp-content\/uploads\/2025\/11\/mango-s-restaurant-gutschein-kiel-w5BvQ.jpg\" \/>\n\t<meta property=\"og:image:width\" content=\"1718\" \/>\n\t<meta property=\"og:image:height\" content=\"1145\" \/>\n\t<meta property=\"og:image:type\" content=\"image\/jpeg\" \/>\n<script type=\"application\/ld+json\" class=\"yoast-schema-graph\">{\"@context\":\"https:\/\/schema.org\",\"@graph\":[{\"@type\":\"WebPage\",\"@id\":\"https:\/\/restaurantgutschein.omr.com\/en\/produkt\/mangos\/\",\"url\":\"https:\/\/restaurantgutschein.omr.com\/en\/produkt\/mangos\/\",\"name\":\"Mango's Gutschein kaufen | #PayNowEatLater\",\"isPartOf\":{\"@id\":\"https:\/\/restaurantgutschein.omr.com\/en\/#website\"},\"primaryImageOfPage\":{\"@id\":\"https:\/\/restaurantgutschein.omr.com\/en\/produkt\/mangos\/#primaryimage\"},\"image\":{\"@id\":\"https:\/\/restaurantgutschein.omr.com\/en\/produkt\/mangos\/#primaryimage\"},\"thumbnailUrl\":\"https:\/\/restaurantgutschein.omr.com\/wp-content\/uploads\/2025\/11\/mango-s-restaurant-gutschein-kiel-w5BvQ.jpg\",\"datePublished\":\"2025-11-06T07:16:47+00:00\",\"dateModified\":\"2026-04-03T18:28:15+00:00\",\"description\":\"Restaurant Gutschein f\u00fcr \\\"Mango's\\\" online kaufen. Sofortiger Versand als PDF per E-Mail. Ideal auch als Last Minute Geschenk-Gutschein.\",\"breadcrumb\":{\"@id\":\"https:\/\/restaurantgutschein.omr.com\/en\/produkt\/mangos\/#breadcrumb\"},\"inLanguage\":\"en-US\",\"potentialAction\":[{\"@type\":\"ReadAction\",\"target\":[\"https:\/\/restaurantgutschein.omr.com\/en\/produkt\/mangos\/\"]}]},{\"@type\":\"ImageObject\",\"inLanguage\":\"en-US\",\"@id\":\"https:\/\/restaurantgutschein.omr.com\/en\/produkt\/mangos\/#primaryimage\",\"url\":\"https:\/\/restaurantgutschein.omr.com\/wp-content\/uploads\/2025\/11\/mango-s-restaurant-gutschein-kiel-w5BvQ.jpg\",\"contentUrl\":\"https:\/\/restaurantgutschein.omr.com\/wp-content\/uploads\/2025\/11\/mango-s-restaurant-gutschein-kiel-w5BvQ.jpg\",\"width\":1718,\"height\":1145},{\"@type\":\"BreadcrumbList\",\"@id\":\"https:\/\/restaurantgutschein.omr.com\/en\/produkt\/mangos\/#breadcrumb\",\"itemListElement\":[{\"@type\":\"ListItem\",\"position\":1,\"name\":\"Startseite\",\"item\":\"https:\/\/restaurantgutschein.omr.com\/en\/\"},{\"@type\":\"ListItem\",\"position\":2,\"name\":\"Mango&#8217;s\"}]},{\"@type\":\"WebSite\",\"@id\":\"https:\/\/restaurantgutschein.omr.com\/en\/#website\",\"url\":\"https:\/\/restaurantgutschein.omr.com\/en\/\",\"name\":\"BON BON x OMR Restaurant-Gutschein\",\"description\":\"\",\"publisher\":{\"@id\":\"https:\/\/restaurantgutschein.omr.com\/en\/#organization\"},\"potentialAction\":[{\"@type\":\"SearchAction\",\"target\":{\"@type\":\"EntryPoint\",\"urlTemplate\":\"https:\/\/restaurantgutschein.omr.com\/en\/?s={search_term_string}\"},\"query-input\":{\"@type\":\"PropertyValueSpecification\",\"valueRequired\":true,\"valueName\":\"search_term_string\"}}],\"inLanguage\":\"en-US\"},{\"@type\":\"Organization\",\"@id\":\"https:\/\/restaurantgutschein.omr.com\/en\/#organization\",\"name\":\"BON BON x OMR Restaurant-Gutschein\",\"url\":\"https:\/\/restaurantgutschein.omr.com\/en\/\",\"logo\":{\"@type\":\"ImageObject\",\"inLanguage\":\"en-US\",\"@id\":\"https:\/\/restaurantgutschein.omr.com\/en\/#\/schema\/logo\/image\/\",\"url\":\"https:\/\/restaurantgutschein.omr.com\/wp-content\/uploads\/2025\/04\/cropped-favi-2.png\",\"contentUrl\":\"https:\/\/restaurantgutschein.omr.com\/wp-content\/uploads\/2025\/04\/cropped-favi-2.png\",\"width\":512,\"height\":512,\"caption\":\"BON BON x OMR Restaurant-Gutschein\"},\"image\":{\"@id\":\"https:\/\/restaurantgutschein.omr.com\/en\/#\/schema\/logo\/image\/\"}}]}<\/script>\n<!-- \/ Yoast SEO plugin. -->","yoast_head_json":{"title":"Mango's Gutschein kaufen | #PayNowEatLater","description":"Restaurant Gutschein f\u00fcr \"Mango's\" online kaufen. Sofortiger Versand als PDF per E-Mail. Ideal auch als Last Minute Geschenk-Gutschein.","robots":{"index":"noindex","follow":"follow"},"og_locale":"en_US","og_type":"article","og_title":"Mango's Gutschein kaufen | #PayNowEatLater","og_description":"Restaurant Gutschein f\u00fcr \"Mango's\" online kaufen. Sofortiger Versand als PDF per E-Mail. Ideal auch als Last Minute Geschenk-Gutschein.","og_url":"https:\/\/restaurantgutschein.omr.com\/en\/produkt\/mangos\/","og_site_name":"BON BON x OMR Restaurant-Gutschein","article_modified_time":"2026-04-03T18:28:15+00:00","og_image":[{"width":1718,"height":1145,"url":"https:\/\/restaurantgutschein.omr.com\/wp-content\/uploads\/2025\/11\/mango-s-restaurant-gutschein-kiel-w5BvQ.jpg","type":"image\/jpeg"}],"schema":{"@context":"https:\/\/schema.org","@graph":[{"@type":"WebPage","@id":"https:\/\/restaurantgutschein.omr.com\/en\/produkt\/mangos\/","url":"https:\/\/restaurantgutschein.omr.com\/en\/produkt\/mangos\/","name":"Mango's Gutschein kaufen | #PayNowEatLater","isPartOf":{"@id":"https:\/\/restaurantgutschein.omr.com\/en\/#website"},"primaryImageOfPage":{"@id":"https:\/\/restaurantgutschein.omr.com\/en\/produkt\/mangos\/#primaryimage"},"image":{"@id":"https:\/\/restaurantgutschein.omr.com\/en\/produkt\/mangos\/#primaryimage"},"thumbnailUrl":"https:\/\/restaurantgutschein.omr.com\/wp-content\/uploads\/2025\/11\/mango-s-restaurant-gutschein-kiel-w5BvQ.jpg","datePublished":"2025-11-06T07:16:47+00:00","dateModified":"2026-04-03T18:28:15+00:00","description":"Restaurant Gutschein f\u00fcr \"Mango's\" online kaufen. Sofortiger Versand als PDF per E-Mail. Ideal auch als Last Minute Geschenk-Gutschein.","breadcrumb":{"@id":"https:\/\/restaurantgutschein.omr.com\/en\/produkt\/mangos\/#breadcrumb"},"inLanguage":"en-US","potentialAction":[{"@type":"ReadAction","target":["https:\/\/restaurantgutschein.omr.com\/en\/produkt\/mangos\/"]}]},{"@type":"ImageObject","inLanguage":"en-US","@id":"https:\/\/restaurantgutschein.omr.com\/en\/produkt\/mangos\/#primaryimage","url":"https:\/\/restaurantgutschein.omr.com\/wp-content\/uploads\/2025\/11\/mango-s-restaurant-gutschein-kiel-w5BvQ.jpg","contentUrl":"https:\/\/restaurantgutschein.omr.com\/wp-content\/uploads\/2025\/11\/mango-s-restaurant-gutschein-kiel-w5BvQ.jpg","width":1718,"height":1145},{"@type":"BreadcrumbList","@id":"https:\/\/restaurantgutschein.omr.com\/en\/produkt\/mangos\/#breadcrumb","itemListElement":[{"@type":"ListItem","position":1,"name":"Startseite","item":"https:\/\/restaurantgutschein.omr.com\/en\/"},{"@type":"ListItem","position":2,"name":"Mango&#8217;s"}]},{"@type":"WebSite","@id":"https:\/\/restaurantgutschein.omr.com\/en\/#website","url":"https:\/\/restaurantgutschein.omr.com\/en\/","name":"BON BON x OMR Restaurant-Gutschein","description":"","publisher":{"@id":"https:\/\/restaurantgutschein.omr.com\/en\/#organization"},"potentialAction":[{"@type":"SearchAction","target":{"@type":"EntryPoint","urlTemplate":"https:\/\/restaurantgutschein.omr.com\/en\/?s={search_term_string}"},"query-input":{"@type":"PropertyValueSpecification","valueRequired":true,"valueName":"search_term_string"}}],"inLanguage":"en-US"},{"@type":"Organization","@id":"https:\/\/restaurantgutschein.omr.com\/en\/#organization","name":"BON BON x OMR Restaurant-Gutschein","url":"https:\/\/restaurantgutschein.omr.com\/en\/","logo":{"@type":"ImageObject","inLanguage":"en-US","@id":"https:\/\/restaurantgutschein.omr.com\/en\/#\/schema\/logo\/image\/","url":"https:\/\/restaurantgutschein.omr.com\/wp-content\/uploads\/2025\/04\/cropped-favi-2.png","contentUrl":"https:\/\/restaurantgutschein.omr.com\/wp-content\/uploads\/2025\/04\/cropped-favi-2.png","width":512,"height":512,"caption":"BON BON x OMR Restaurant-Gutschein"},"image":{"@id":"https:\/\/restaurantgutschein.omr.com\/en\/#\/schema\/logo\/image\/"}}]}},"_links":{"self":[{"href":"https:\/\/restaurantgutschein.omr.com\/en\/wp-json\/wp\/v2\/product\/433741","targetHints":{"allow":["GET"]}}],"collection":[{"href":"https:\/\/restaurantgutschein.omr.com\/en\/wp-json\/wp\/v2\/product"}],"about":[{"href":"https:\/\/restaurantgutschein.omr.com\/en\/wp-json\/wp\/v2\/types\/product"}],"wp:featuredmedia":[{"embeddable":true,"href":"https:\/\/restaurantgutschein.omr.com\/en\/wp-json\/wp\/v2\/media\/433742"}],"wp:attachment":[{"href":"https:\/\/restaurantgutschein.omr.com\/en\/wp-json\/wp\/v2\/media?parent=433741"}],"wp:term":[{"taxonomy":"product_brand","embeddable":true,"href":"https:\/\/restaurantgutschein.omr.com\/en\/wp-json\/wp\/v2\/product_brand?post=433741"},{"taxonomy":"product_cat","embeddable":true,"href":"https:\/\/restaurantgutschein.omr.com\/en\/wp-json\/wp\/v2\/product_cat?post=433741"},{"taxonomy":"product_tag","embeddable":true,"href":"https:\/\/restaurantgutschein.omr.com\/en\/wp-json\/wp\/v2\/product_tag?post=433741"}],"curies":[{"name":"wp","href":"https:\/\/api.w.org\/{rel}","templated":true}]}}