{"id":385472,"date":"2025-04-15T15:30:46","date_gmt":"2025-04-15T13:30:46","guid":{"rendered":"https:\/\/restaurantgutschein.omr.com\/produkt\/cotidiano\/"},"modified":"2026-04-08T15:42:10","modified_gmt":"2026-04-08T13:42:10","slug":"cotidiano","status":"publish","type":"product","link":"https:\/\/restaurantgutschein.omr.com\/en\/produkt\/cotidiano\/","title":{"rendered":"Cotidiano"},"content":{"rendered":"<p>Cotidiano Zu jeder Tages- und Nachtzeit Genuss erleben. <\/p>\n<p>Unser Versprechen steckt schon in unserem Namen:<\/p>\n<p>Wir sind der allt\u00e4gliche Begleiter in deinem Leben. <strong>Bei uns bist du immer willkommen<\/strong>. Morgens, mittags, abends.<\/p>\n<p>Genuss wie bei guten Freunden und Nachbarn. Genuss f\u00fcr jeden Geschmack \u2013 auch f\u00fcr dich. <br \/>Und um das zu erreichen, legen wir bei der Auswahl unserer Zutaten und der Zubereitung aller Gerichte gro\u00dfen Wert auf <strong>beste Produktqualit\u00e4t<\/strong>.<\/p>\n<p>Wir alle haben etwas, das uns besonders am Herzen liegt. Etwas, das uns so wichtig ist, dass wir daf\u00fcr brennen und es uns antreibt. Was uns antreibt, ist unsere Leidenschaft:<\/p>\n<p>F\u00fcr gutes Essen.<br \/>F\u00fcr eine sch\u00f6ne Zeit.<br \/>F\u00fcr gute Nachbarschaft.<br \/>F\u00fcr nachhaltiges Handeln.<\/p>\n<p> Maxburgstra\u00dfe 4 80333 M\u00fcnchen Cotidiano GmbH<br \/>\nF\u00fcrstenfelder Str. 9<br \/>\n80331 M\u00fcnchen {&#8220;entries&#8221;:[{&#8220;name&#8221;:&#8221;Cotidiano M\u00fcnchen G\u00e4rtnerplatz&#8221;,&#8221;strasse&#8221;:&#8221;G\u00e4rtnerplatz 6&#8243;,&#8221;plz&#8221;:&#8221;80469&#8243;,&#8221;stadt&#8221;:&#8221;M\u00fcnchen&#8221;,&#8221;position&#8221;:{&#8220;lat&#8221;:48.13216150000000226327756536193192005157470703125,&#8221;lng&#8221;:11.575647000000000019781509763561189174652099609375},&#8221;imgPath&#8221;:&#8221;https:\/\/restaurantgutschein.omr.com\/wp-content\/uploads\/2025\/04\/cotidiano-restaurant-gutschein-8duFK-450&#215;300.jpg&#8221;,&#8221;link&#8221;:&#8221;https:\/\/restaurantgutschein.omr.com\/produkt\/cotidiano\/&#8221;,&#8221;shortInfo&#8221;:&#8221;Zu jeder Tages- und Nachtzeit Genuss erleben.&#8221;},{&#8220;name&#8221;:&#8221;Cotidiano M\u00fcnchen Schwabing&#8221;,&#8221;strasse&#8221;:&#8221;Hohenzollernstra\u00dfe 11&#8243;,&#8221;plz&#8221;:&#8221;80801&#8243;,&#8221;stadt&#8221;:&#8221;M\u00fcnchen&#8221;,&#8221;position&#8221;:{&#8220;lat&#8221;:48.15955559999999735509845777414739131927490234375,&#8221;lng&#8221;:11.5833440999999996989799910807050764560699462890625},&#8221;imgPath&#8221;:&#8221;https:\/\/restaurantgutschein.omr.com\/wp-content\/uploads\/2025\/04\/cotidiano-restaurant-gutschein-8duFK-450&#215;300.jpg&#8221;,&#8221;link&#8221;:&#8221;https:\/\/restaurantgutschein.omr.com\/produkt\/cotidiano\/&#8221;,&#8221;shortInfo&#8221;:&#8221;Zu jeder Tages- und Nachtzeit Genuss erleben.&#8221;},{&#8220;name&#8221;:&#8221;Cotidiano M\u00fcnchen Promenadeplatz&#8221;,&#8221;strasse&#8221;:&#8221;Maxburgstr. 4&#8243;,&#8221;plz&#8221;:&#8221;80333&#8243;,&#8221;stadt&#8221;:&#8221;M\u00fcnchen&#8221;,&#8221;position&#8221;:{&#8220;lat&#8221;:48.1400861999999989393472787924110889434814453125,&#8221;lng&#8221;:11.5703115000000007484004527213983237743377685546875},&#8221;imgPath&#8221;:&#8221;https:\/\/restaurantgutschein.omr.com\/wp-content\/uploads\/2025\/04\/cotidiano-restaurant-gutschein-8duFK-450&#215;300.jpg&#8221;,&#8221;link&#8221;:&#8221;https:\/\/restaurantgutschein.omr.com\/produkt\/cotidiano\/&#8221;,&#8221;shortInfo&#8221;:&#8221;Zu jeder Tages- und Nachtzeit Genuss erleben.&#8221;},{&#8220;name&#8221;:&#8221;Cotidiano M\u00fcnchen Pasing&#8221;,&#8221;strasse&#8221;:&#8221;Bodenseestra\u00dfe 1&#8243;,&#8221;plz&#8221;:&#8221;81241&#8243;,&#8221;stadt&#8221;:&#8221;M\u00fcnchen&#8221;,&#8221;position&#8221;:{&#8220;lat&#8221;:48.1467243999999965353708830662071704864501953125,&#8221;lng&#8221;:11.45877300000000076352080213837325572967529296875},&#8221;imgPath&#8221;:&#8221;https:\/\/restaurantgutschein.omr.com\/wp-content\/uploads\/2025\/04\/cotidiano-restaurant-gutschein-8duFK-450&#215;300.jpg&#8221;,&#8221;link&#8221;:&#8221;https:\/\/restaurantgutschein.omr.com\/produkt\/cotidiano\/&#8221;,&#8221;shortInfo&#8221;:&#8221;Zu jeder Tages- und Nachtzeit Genuss erleben.&#8221;},{&#8220;name&#8221;:&#8221;Cotidiano Stuttgart Marktplatz&#8221;,&#8221;strasse&#8221;:&#8221;Marktstra\u00dfe 1-3&#8243;,&#8221;plz&#8221;:&#8221;70173&#8243;,&#8221;stadt&#8221;:&#8221;Stuttgart&#8221;,&#8221;position&#8221;:{&#8220;lat&#8221;:48.77499060000000241643647314049303531646728515625,&#8221;lng&#8221;:9.179783900000000329555405187420547008514404296875},&#8221;imgPath&#8221;:&#8221;https:\/\/restaurantgutschein.omr.com\/wp-content\/uploads\/2025\/04\/cotidiano-restaurant-gutschein-8duFK-450&#215;300.jpg&#8221;,&#8221;link&#8221;:&#8221;https:\/\/restaurantgutschein.omr.com\/produkt\/cotidiano\/&#8221;,&#8221;shortInfo&#8221;:&#8221;Zu jeder Tages- und Nachtzeit Genuss erleben.&#8221;},{&#8220;name&#8221;:&#8221;Cotidiano Regensburg D\u00f6rnberg&#8221;,&#8221;strasse&#8221;:&#8221;Joseph-Dahlem-Stra\u00dfe 5&#8243;,&#8221;plz&#8221;:&#8221;93049&#8243;,&#8221;stadt&#8221;:&#8221;Regensburg&#8221;,&#8221;position&#8221;:{&#8220;lat&#8221;:49.0128787000000016860212781466543674468994140625,&#8221;lng&#8221;:12.087099800000000726640791981481015682220458984375},&#8221;imgPath&#8221;:&#8221;https:\/\/restaurantgutschein.omr.com\/wp-content\/uploads\/2025\/04\/cotidiano-restaurant-gutschein-8duFK-450&#215;300.jpg&#8221;,&#8221;link&#8221;:&#8221;https:\/\/restaurantgutschein.omr.com\/produkt\/cotidiano\/&#8221;,&#8221;shortInfo&#8221;:&#8221;Zu jeder Tages- und Nachtzeit Genuss erleben.&#8221;},{&#8220;name&#8221;:&#8221;Cotidiano Hamburg Alter Wall&#8221;,&#8221;strasse&#8221;:&#8221;Alter Wall 22&#8243;,&#8221;plz&#8221;:&#8221;20457&#8243;,&#8221;stadt&#8221;:&#8221;Hamburg&#8221;,&#8221;position&#8221;:{&#8220;lat&#8221;:53.550378399999999601277522742748260498046875,&#8221;lng&#8221;:9.9905229000000002059778125840239226818084716796875},&#8221;imgPath&#8221;:&#8221;https:\/\/restaurantgutschein.omr.com\/wp-content\/uploads\/2025\/04\/cotidiano-restaurant-gutschein-8duFK-450&#215;300.jpg&#8221;,&#8221;link&#8221;:&#8221;https:\/\/restaurantgutschein.omr.com\/produkt\/cotidiano\/&#8221;,&#8221;shortInfo&#8221;:&#8221;Zu jeder Tages- und Nachtzeit Genuss erleben.&#8221;},{&#8220;name&#8221;:&#8221;Cotidiano Hamburg Lange Reihe&#8221;,&#8221;strasse&#8221;:&#8221;Lange Reihe 29&#8243;,&#8221;plz&#8221;:&#8221;20099&#8243;,&#8221;stadt&#8221;:&#8221;Hamburg&#8221;,&#8221;position&#8221;:{&#8220;lat&#8221;:53.55666999999999688952811993658542633056640625,&#8221;lng&#8221;:10.0099646999999993823848853935487568378448486328125},&#8221;imgPath&#8221;:&#8221;https:\/\/restaurantgutschein.omr.com\/wp-content\/uploads\/2025\/04\/cotidiano-restaurant-gutschein-8duFK-450&#215;300.jpg&#8221;,&#8221;link&#8221;:&#8221;https:\/\/restaurantgutschein.omr.com\/produkt\/cotidiano\/&#8221;,&#8221;shortInfo&#8221;:&#8221;Zu jeder Tages- und Nachtzeit Genuss erleben.&#8221;},{&#8220;name&#8221;:&#8221;Cotidiano Konstanz Lago&#8221;,&#8221;strasse&#8221;:&#8221;Bodanstra\u00dfe 1&#8243;,&#8221;plz&#8221;:&#8221;78462&#8243;,&#8221;stadt&#8221;:&#8221;Konstanz&#8221;,&#8221;position&#8221;:{&#8220;lat&#8221;:47.6574820000000016761987353675067424774169921875,&#8221;lng&#8221;:9.1760512999999992445054886047728359699249267578125},&#8221;imgPath&#8221;:&#8221;https:\/\/restaurantgutschein.omr.com\/wp-content\/uploads\/2025\/04\/cotidiano-restaurant-gutschein-8duFK-450&#215;300.jpg&#8221;,&#8221;link&#8221;:&#8221;https:\/\/restaurantgutschein.omr.com\/produkt\/cotidiano\/&#8221;,&#8221;shortInfo&#8221;:&#8221;Zu jeder Tages- und Nachtzeit Genuss erleben.&#8221;},{&#8220;name&#8221;:&#8221;Cotidiano M\u00fcnchen Stiglmaierplatz&#8221;,&#8221;strasse&#8221;:&#8221;Brienner Stra\u00dfe 50a&#8221;,&#8221;plz&#8221;:&#8221;80333&#8243;,&#8221;stadt&#8221;:&#8221;M\u00fcnchen&#8221;,&#8221;position&#8221;:{&#8220;lat&#8221;:48.1475331999999980325810611248016357421875,&#8221;lng&#8221;:11.5602937000000007827793524484150111675262451171875},&#8221;imgPath&#8221;:&#8221;https:\/\/restaurantgutschein.omr.com\/wp-content\/uploads\/2025\/04\/cotidiano-restaurant-gutschein-8duFK-450&#215;300.jpg&#8221;,&#8221;link&#8221;:&#8221;https:\/\/restaurantgutschein.omr.com\/produkt\/cotidiano\/&#8221;,&#8221;shortInfo&#8221;:&#8221;Zu jeder Tages- und Nachtzeit Genuss erleben.&#8221;}]} Bar &amp; Drinks Fr\u00fchst\u00fcck Italienisch Salat &amp; Bowl Sweets &amp; Dessert Vegan &amp; Vegetarisch Bar Restaurant<\/p>\n","protected":false},"excerpt":{"rendered":"<p>Cotidiano Zu jeder Tages- und Nachtzeit Genuss erleben. Unser Versprechen steckt schon in unserem Namen: Wir sind der allt\u00e4gliche Begleiter in deinem Leben. Bei uns bist du immer willkommen. Morgens, mittags, abends. Genuss wie bei guten Freunden und Nachbarn. Genuss f\u00fcr jeden Geschmack \u2013 auch f\u00fcr dich. Und um das zu erreichen, legen wir bei [&hellip;]<\/p>\n","protected":false},"featured_media":385473,"template":"","meta":{"_acf_changed":false},"product_brand":[],"product_cat":[454,509,450,515,527],"product_tag":[],"class_list":{"0":"post-385472","1":"product","2":"type-product","3":"status-publish","4":"has-post-thumbnail","6":"product_cat-hamburg","7":"product_cat-konstanz","8":"product_cat-muenchen","9":"product_cat-regensburg","10":"product_cat-stuttgart","11":"cuisine-bar-drinks","12":"cuisine-fruehstueck","13":"cuisine-italienisch","14":"cuisine-salat-bowl","15":"cuisine-sweets-dessert","16":"cuisine-vegan-vegetarisch","17":"art-der-location-bar","18":"art-der-location-restaurant","20":"first","21":"instock","22":"shipping-taxable","23":"purchasable","24":"product-type-variable"},"acf":[],"yoast_head":"<!-- This site is optimized with the Yoast SEO plugin v26.9 - https:\/\/yoast.com\/product\/yoast-seo-wordpress\/ -->\n<title>Cotidiano Gutschein kaufen | #PayNowEatLater<\/title>\n<meta name=\"description\" content=\"Restaurant Gutschein f\u00fcr &quot;Cotidiano&quot; online kaufen. Sofortiger Versand als PDF per E-Mail. Ideal auch als Last Minute Geschenk-Gutschein.\" \/>\n<meta name=\"robots\" content=\"noindex, follow\" \/>\n<meta property=\"og:locale\" content=\"en_US\" \/>\n<meta property=\"og:type\" content=\"article\" \/>\n<meta property=\"og:title\" content=\"Cotidiano Gutschein kaufen | #PayNowEatLater\" \/>\n<meta property=\"og:description\" content=\"Restaurant Gutschein f\u00fcr &quot;Cotidiano&quot; online kaufen. Sofortiger Versand als PDF per E-Mail. Ideal auch als Last Minute Geschenk-Gutschein.\" \/>\n<meta property=\"og:url\" content=\"https:\/\/restaurantgutschein.omr.com\/en\/produkt\/cotidiano\/\" \/>\n<meta property=\"og:site_name\" content=\"BON BON x OMR Restaurant-Gutschein\" \/>\n<meta property=\"article:modified_time\" content=\"2026-04-08T13:42:10+00:00\" \/>\n<meta property=\"og:image\" content=\"https:\/\/restaurantgutschein.omr.com\/wp-content\/uploads\/2025\/04\/cotidiano-restaurant-gutschein-8duFK.jpg\" \/>\n\t<meta property=\"og:image:width\" content=\"1500\" \/>\n\t<meta property=\"og:image:height\" content=\"800\" \/>\n\t<meta property=\"og:image:type\" content=\"image\/jpeg\" \/>\n<meta name=\"twitter:label1\" content=\"Est. reading time\" \/>\n\t<meta name=\"twitter:data1\" content=\"3 minutes\" \/>\n<script type=\"application\/ld+json\" class=\"yoast-schema-graph\">{\"@context\":\"https:\/\/schema.org\",\"@graph\":[{\"@type\":\"WebPage\",\"@id\":\"https:\/\/restaurantgutschein.omr.com\/en\/produkt\/cotidiano\/\",\"url\":\"https:\/\/restaurantgutschein.omr.com\/en\/produkt\/cotidiano\/\",\"name\":\"Cotidiano Gutschein kaufen | #PayNowEatLater\",\"isPartOf\":{\"@id\":\"https:\/\/restaurantgutschein.omr.com\/en\/#website\"},\"primaryImageOfPage\":{\"@id\":\"https:\/\/restaurantgutschein.omr.com\/en\/produkt\/cotidiano\/#primaryimage\"},\"image\":{\"@id\":\"https:\/\/restaurantgutschein.omr.com\/en\/produkt\/cotidiano\/#primaryimage\"},\"thumbnailUrl\":\"https:\/\/restaurantgutschein.omr.com\/wp-content\/uploads\/2025\/04\/cotidiano-restaurant-gutschein-8duFK.jpg\",\"datePublished\":\"2025-04-15T13:30:46+00:00\",\"dateModified\":\"2026-04-08T13:42:10+00:00\",\"description\":\"Restaurant Gutschein f\u00fcr \\\"Cotidiano\\\" online kaufen. Sofortiger Versand als PDF per E-Mail. Ideal auch als Last Minute Geschenk-Gutschein.\",\"breadcrumb\":{\"@id\":\"https:\/\/restaurantgutschein.omr.com\/en\/produkt\/cotidiano\/#breadcrumb\"},\"inLanguage\":\"en-US\",\"potentialAction\":[{\"@type\":\"ReadAction\",\"target\":[\"https:\/\/restaurantgutschein.omr.com\/en\/produkt\/cotidiano\/\"]}]},{\"@type\":\"ImageObject\",\"inLanguage\":\"en-US\",\"@id\":\"https:\/\/restaurantgutschein.omr.com\/en\/produkt\/cotidiano\/#primaryimage\",\"url\":\"https:\/\/restaurantgutschein.omr.com\/wp-content\/uploads\/2025\/04\/cotidiano-restaurant-gutschein-8duFK.jpg\",\"contentUrl\":\"https:\/\/restaurantgutschein.omr.com\/wp-content\/uploads\/2025\/04\/cotidiano-restaurant-gutschein-8duFK.jpg\",\"width\":1500,\"height\":800},{\"@type\":\"BreadcrumbList\",\"@id\":\"https:\/\/restaurantgutschein.omr.com\/en\/produkt\/cotidiano\/#breadcrumb\",\"itemListElement\":[{\"@type\":\"ListItem\",\"position\":1,\"name\":\"Startseite\",\"item\":\"https:\/\/restaurantgutschein.omr.com\/en\/\"},{\"@type\":\"ListItem\",\"position\":2,\"name\":\"Cotidiano\"}]},{\"@type\":\"WebSite\",\"@id\":\"https:\/\/restaurantgutschein.omr.com\/en\/#website\",\"url\":\"https:\/\/restaurantgutschein.omr.com\/en\/\",\"name\":\"BON BON x OMR Restaurant-Gutschein\",\"description\":\"\",\"publisher\":{\"@id\":\"https:\/\/restaurantgutschein.omr.com\/en\/#organization\"},\"potentialAction\":[{\"@type\":\"SearchAction\",\"target\":{\"@type\":\"EntryPoint\",\"urlTemplate\":\"https:\/\/restaurantgutschein.omr.com\/en\/?s={search_term_string}\"},\"query-input\":{\"@type\":\"PropertyValueSpecification\",\"valueRequired\":true,\"valueName\":\"search_term_string\"}}],\"inLanguage\":\"en-US\"},{\"@type\":\"Organization\",\"@id\":\"https:\/\/restaurantgutschein.omr.com\/en\/#organization\",\"name\":\"BON BON x OMR Restaurant-Gutschein\",\"url\":\"https:\/\/restaurantgutschein.omr.com\/en\/\",\"logo\":{\"@type\":\"ImageObject\",\"inLanguage\":\"en-US\",\"@id\":\"https:\/\/restaurantgutschein.omr.com\/en\/#\/schema\/logo\/image\/\",\"url\":\"https:\/\/restaurantgutschein.omr.com\/wp-content\/uploads\/2025\/04\/cropped-favi-2.png\",\"contentUrl\":\"https:\/\/restaurantgutschein.omr.com\/wp-content\/uploads\/2025\/04\/cropped-favi-2.png\",\"width\":512,\"height\":512,\"caption\":\"BON BON x OMR Restaurant-Gutschein\"},\"image\":{\"@id\":\"https:\/\/restaurantgutschein.omr.com\/en\/#\/schema\/logo\/image\/\"}}]}<\/script>\n<!-- \/ Yoast SEO plugin. -->","yoast_head_json":{"title":"Cotidiano Gutschein kaufen | #PayNowEatLater","description":"Restaurant Gutschein f\u00fcr \"Cotidiano\" online kaufen. Sofortiger Versand als PDF per E-Mail. Ideal auch als Last Minute Geschenk-Gutschein.","robots":{"index":"noindex","follow":"follow"},"og_locale":"en_US","og_type":"article","og_title":"Cotidiano Gutschein kaufen | #PayNowEatLater","og_description":"Restaurant Gutschein f\u00fcr \"Cotidiano\" online kaufen. Sofortiger Versand als PDF per E-Mail. Ideal auch als Last Minute Geschenk-Gutschein.","og_url":"https:\/\/restaurantgutschein.omr.com\/en\/produkt\/cotidiano\/","og_site_name":"BON BON x OMR Restaurant-Gutschein","article_modified_time":"2026-04-08T13:42:10+00:00","og_image":[{"width":1500,"height":800,"url":"https:\/\/restaurantgutschein.omr.com\/wp-content\/uploads\/2025\/04\/cotidiano-restaurant-gutschein-8duFK.jpg","type":"image\/jpeg"}],"twitter_misc":{"Est. reading time":"3 minutes"},"schema":{"@context":"https:\/\/schema.org","@graph":[{"@type":"WebPage","@id":"https:\/\/restaurantgutschein.omr.com\/en\/produkt\/cotidiano\/","url":"https:\/\/restaurantgutschein.omr.com\/en\/produkt\/cotidiano\/","name":"Cotidiano Gutschein kaufen | #PayNowEatLater","isPartOf":{"@id":"https:\/\/restaurantgutschein.omr.com\/en\/#website"},"primaryImageOfPage":{"@id":"https:\/\/restaurantgutschein.omr.com\/en\/produkt\/cotidiano\/#primaryimage"},"image":{"@id":"https:\/\/restaurantgutschein.omr.com\/en\/produkt\/cotidiano\/#primaryimage"},"thumbnailUrl":"https:\/\/restaurantgutschein.omr.com\/wp-content\/uploads\/2025\/04\/cotidiano-restaurant-gutschein-8duFK.jpg","datePublished":"2025-04-15T13:30:46+00:00","dateModified":"2026-04-08T13:42:10+00:00","description":"Restaurant Gutschein f\u00fcr \"Cotidiano\" online kaufen. Sofortiger Versand als PDF per E-Mail. Ideal auch als Last Minute Geschenk-Gutschein.","breadcrumb":{"@id":"https:\/\/restaurantgutschein.omr.com\/en\/produkt\/cotidiano\/#breadcrumb"},"inLanguage":"en-US","potentialAction":[{"@type":"ReadAction","target":["https:\/\/restaurantgutschein.omr.com\/en\/produkt\/cotidiano\/"]}]},{"@type":"ImageObject","inLanguage":"en-US","@id":"https:\/\/restaurantgutschein.omr.com\/en\/produkt\/cotidiano\/#primaryimage","url":"https:\/\/restaurantgutschein.omr.com\/wp-content\/uploads\/2025\/04\/cotidiano-restaurant-gutschein-8duFK.jpg","contentUrl":"https:\/\/restaurantgutschein.omr.com\/wp-content\/uploads\/2025\/04\/cotidiano-restaurant-gutschein-8duFK.jpg","width":1500,"height":800},{"@type":"BreadcrumbList","@id":"https:\/\/restaurantgutschein.omr.com\/en\/produkt\/cotidiano\/#breadcrumb","itemListElement":[{"@type":"ListItem","position":1,"name":"Startseite","item":"https:\/\/restaurantgutschein.omr.com\/en\/"},{"@type":"ListItem","position":2,"name":"Cotidiano"}]},{"@type":"WebSite","@id":"https:\/\/restaurantgutschein.omr.com\/en\/#website","url":"https:\/\/restaurantgutschein.omr.com\/en\/","name":"BON BON x OMR Restaurant-Gutschein","description":"","publisher":{"@id":"https:\/\/restaurantgutschein.omr.com\/en\/#organization"},"potentialAction":[{"@type":"SearchAction","target":{"@type":"EntryPoint","urlTemplate":"https:\/\/restaurantgutschein.omr.com\/en\/?s={search_term_string}"},"query-input":{"@type":"PropertyValueSpecification","valueRequired":true,"valueName":"search_term_string"}}],"inLanguage":"en-US"},{"@type":"Organization","@id":"https:\/\/restaurantgutschein.omr.com\/en\/#organization","name":"BON BON x OMR Restaurant-Gutschein","url":"https:\/\/restaurantgutschein.omr.com\/en\/","logo":{"@type":"ImageObject","inLanguage":"en-US","@id":"https:\/\/restaurantgutschein.omr.com\/en\/#\/schema\/logo\/image\/","url":"https:\/\/restaurantgutschein.omr.com\/wp-content\/uploads\/2025\/04\/cropped-favi-2.png","contentUrl":"https:\/\/restaurantgutschein.omr.com\/wp-content\/uploads\/2025\/04\/cropped-favi-2.png","width":512,"height":512,"caption":"BON BON x OMR Restaurant-Gutschein"},"image":{"@id":"https:\/\/restaurantgutschein.omr.com\/en\/#\/schema\/logo\/image\/"}}]}},"_links":{"self":[{"href":"https:\/\/restaurantgutschein.omr.com\/en\/wp-json\/wp\/v2\/product\/385472","targetHints":{"allow":["GET"]}}],"collection":[{"href":"https:\/\/restaurantgutschein.omr.com\/en\/wp-json\/wp\/v2\/product"}],"about":[{"href":"https:\/\/restaurantgutschein.omr.com\/en\/wp-json\/wp\/v2\/types\/product"}],"wp:featuredmedia":[{"embeddable":true,"href":"https:\/\/restaurantgutschein.omr.com\/en\/wp-json\/wp\/v2\/media\/385473"}],"wp:attachment":[{"href":"https:\/\/restaurantgutschein.omr.com\/en\/wp-json\/wp\/v2\/media?parent=385472"}],"wp:term":[{"taxonomy":"product_brand","embeddable":true,"href":"https:\/\/restaurantgutschein.omr.com\/en\/wp-json\/wp\/v2\/product_brand?post=385472"},{"taxonomy":"product_cat","embeddable":true,"href":"https:\/\/restaurantgutschein.omr.com\/en\/wp-json\/wp\/v2\/product_cat?post=385472"},{"taxonomy":"product_tag","embeddable":true,"href":"https:\/\/restaurantgutschein.omr.com\/en\/wp-json\/wp\/v2\/product_tag?post=385472"}],"curies":[{"name":"wp","href":"https:\/\/api.w.org\/{rel}","templated":true}]}}