{"id":383386,"date":"2025-04-15T14:28:00","date_gmt":"2025-04-15T12:28:00","guid":{"rendered":"https:\/\/restaurantgutschein.omr.com\/produkt\/piazza-emilia\/"},"modified":"2026-03-19T10:13:09","modified_gmt":"2026-03-19T09:13:09","slug":"piazza-emilia","status":"publish","type":"product","link":"https:\/\/restaurantgutschein.omr.com\/en\/produkt\/piazza-emilia\/","title":{"rendered":"Piazza Emilia"},"content":{"rendered":"<p>Piazza Emilia Authentische italienische K\u00fcche im Herzen von Ingolstadt. <\/p>\n<p>Piazza Emilia bietet eine gem\u00fctliche und einladende Atmosph\u00e4re, ideal f\u00fcr Familien und Freunde. Die Speisekarte ist voll von traditionellen italienischen Spezialit\u00e4ten, darunter hausgemachte Pasta und k\u00f6stliche Pizzen, die mit frischen, qualitativ hochwertigen Zutaten zubereitet werden. Besonders hervorzuheben sind die Tagliatelle al Tartufo und die klassische Margherita-Pizza. Das Restaurant legt Wert auf eine freundliche und aufmerksame Bedienung, die jeden Besuch zu einem besonderen Erlebnis macht. Mit einem charmanten Innenbereich und einer sonnigen Terasse ist es der perfekte Ort, um authentische italienische Gerichte zu genie\u00dfen und die italienische Lebensart zu erleben.<\/p>\n<p> Theresienstra\u00dfe 24 85049 Ingolstadt   Italienisch Restaurant<\/p>\n","protected":false},"excerpt":{"rendered":"<p>Piazza Emilia Authentische italienische K\u00fcche im Herzen von Ingolstadt. Piazza Emilia bietet eine gem\u00fctliche und einladende Atmosph\u00e4re, ideal f\u00fcr Familien und Freunde. Die Speisekarte ist voll von traditionellen italienischen Spezialit\u00e4ten, darunter hausgemachte Pasta und k\u00f6stliche Pizzen, die mit frischen, qualitativ hochwertigen Zutaten zubereitet werden. Besonders hervorzuheben sind die Tagliatelle al Tartufo und die klassische Margherita-Pizza. [&hellip;]<\/p>\n","protected":false},"featured_media":436272,"template":"","meta":{"_acf_changed":false},"product_brand":[],"product_cat":[636],"product_tag":[],"class_list":{"0":"post-383386","1":"product","2":"type-product","3":"status-publish","4":"has-post-thumbnail","6":"product_cat-ingolstadt","7":"cuisine-italienisch","8":"art-der-location-restaurant","10":"first","11":"instock","12":"shipping-taxable","13":"purchasable","14":"product-type-variable"},"acf":[],"yoast_head":"<!-- This site is optimized with the Yoast SEO plugin v26.9 - https:\/\/yoast.com\/product\/yoast-seo-wordpress\/ -->\n<title>Piazza Emilia Gutschein kaufen | #PayNowEatLater<\/title>\n<meta name=\"description\" content=\"Restaurant Gutschein f\u00fcr &quot;Piazza Emilia&quot; online kaufen. Sofortiger Versand als PDF per E-Mail. Ideal auch als Last Minute Geschenk-Gutschein.\" \/>\n<meta name=\"robots\" content=\"noindex, follow\" \/>\n<meta property=\"og:locale\" content=\"en_US\" \/>\n<meta property=\"og:type\" content=\"article\" \/>\n<meta property=\"og:title\" content=\"Piazza Emilia Gutschein kaufen | #PayNowEatLater\" \/>\n<meta property=\"og:description\" content=\"Restaurant Gutschein f\u00fcr &quot;Piazza Emilia&quot; online kaufen. Sofortiger Versand als PDF per E-Mail. Ideal auch als Last Minute Geschenk-Gutschein.\" \/>\n<meta property=\"og:url\" content=\"https:\/\/restaurantgutschein.omr.com\/en\/produkt\/piazza-emilia\/\" \/>\n<meta property=\"og:site_name\" content=\"BON BON x OMR Restaurant-Gutschein\" \/>\n<meta property=\"article:modified_time\" content=\"2026-03-19T09:13:09+00:00\" \/>\n<meta property=\"og:image\" content=\"https:\/\/restaurantgutschein.omr.com\/wp-content\/uploads\/2025\/04\/piazza-emilia-restaurant-gutschein-ingolstadt-F5ADq_1500x800.webp\" \/>\n\t<meta property=\"og:image:width\" content=\"1500\" \/>\n\t<meta property=\"og:image:height\" content=\"800\" \/>\n\t<meta property=\"og:image:type\" content=\"image\/webp\" \/>\n<meta name=\"twitter:label1\" content=\"Est. reading time\" \/>\n\t<meta name=\"twitter:data1\" content=\"1 minute\" \/>\n<script type=\"application\/ld+json\" class=\"yoast-schema-graph\">{\"@context\":\"https:\/\/schema.org\",\"@graph\":[{\"@type\":\"WebPage\",\"@id\":\"https:\/\/restaurantgutschein.omr.com\/en\/produkt\/piazza-emilia\/\",\"url\":\"https:\/\/restaurantgutschein.omr.com\/en\/produkt\/piazza-emilia\/\",\"name\":\"Piazza Emilia Gutschein kaufen | #PayNowEatLater\",\"isPartOf\":{\"@id\":\"https:\/\/restaurantgutschein.omr.com\/en\/#website\"},\"primaryImageOfPage\":{\"@id\":\"https:\/\/restaurantgutschein.omr.com\/en\/produkt\/piazza-emilia\/#primaryimage\"},\"image\":{\"@id\":\"https:\/\/restaurantgutschein.omr.com\/en\/produkt\/piazza-emilia\/#primaryimage\"},\"thumbnailUrl\":\"https:\/\/restaurantgutschein.omr.com\/wp-content\/uploads\/2025\/04\/piazza-emilia-restaurant-gutschein-ingolstadt-F5ADq_1500x800.webp\",\"datePublished\":\"2025-04-15T12:28:00+00:00\",\"dateModified\":\"2026-03-19T09:13:09+00:00\",\"description\":\"Restaurant Gutschein f\u00fcr \\\"Piazza Emilia\\\" online kaufen. Sofortiger Versand als PDF per E-Mail. Ideal auch als Last Minute Geschenk-Gutschein.\",\"breadcrumb\":{\"@id\":\"https:\/\/restaurantgutschein.omr.com\/en\/produkt\/piazza-emilia\/#breadcrumb\"},\"inLanguage\":\"en-US\",\"potentialAction\":[{\"@type\":\"ReadAction\",\"target\":[\"https:\/\/restaurantgutschein.omr.com\/en\/produkt\/piazza-emilia\/\"]}]},{\"@type\":\"ImageObject\",\"inLanguage\":\"en-US\",\"@id\":\"https:\/\/restaurantgutschein.omr.com\/en\/produkt\/piazza-emilia\/#primaryimage\",\"url\":\"https:\/\/restaurantgutschein.omr.com\/wp-content\/uploads\/2025\/04\/piazza-emilia-restaurant-gutschein-ingolstadt-F5ADq_1500x800.webp\",\"contentUrl\":\"https:\/\/restaurantgutschein.omr.com\/wp-content\/uploads\/2025\/04\/piazza-emilia-restaurant-gutschein-ingolstadt-F5ADq_1500x800.webp\",\"width\":1500,\"height\":800},{\"@type\":\"BreadcrumbList\",\"@id\":\"https:\/\/restaurantgutschein.omr.com\/en\/produkt\/piazza-emilia\/#breadcrumb\",\"itemListElement\":[{\"@type\":\"ListItem\",\"position\":1,\"name\":\"Startseite\",\"item\":\"https:\/\/restaurantgutschein.omr.com\/en\/\"},{\"@type\":\"ListItem\",\"position\":2,\"name\":\"Piazza Emilia\"}]},{\"@type\":\"WebSite\",\"@id\":\"https:\/\/restaurantgutschein.omr.com\/en\/#website\",\"url\":\"https:\/\/restaurantgutschein.omr.com\/en\/\",\"name\":\"BON BON x OMR Restaurant-Gutschein\",\"description\":\"\",\"publisher\":{\"@id\":\"https:\/\/restaurantgutschein.omr.com\/en\/#organization\"},\"potentialAction\":[{\"@type\":\"SearchAction\",\"target\":{\"@type\":\"EntryPoint\",\"urlTemplate\":\"https:\/\/restaurantgutschein.omr.com\/en\/?s={search_term_string}\"},\"query-input\":{\"@type\":\"PropertyValueSpecification\",\"valueRequired\":true,\"valueName\":\"search_term_string\"}}],\"inLanguage\":\"en-US\"},{\"@type\":\"Organization\",\"@id\":\"https:\/\/restaurantgutschein.omr.com\/en\/#organization\",\"name\":\"BON BON x OMR Restaurant-Gutschein\",\"url\":\"https:\/\/restaurantgutschein.omr.com\/en\/\",\"logo\":{\"@type\":\"ImageObject\",\"inLanguage\":\"en-US\",\"@id\":\"https:\/\/restaurantgutschein.omr.com\/en\/#\/schema\/logo\/image\/\",\"url\":\"https:\/\/restaurantgutschein.omr.com\/wp-content\/uploads\/2025\/04\/cropped-favi-2.png\",\"contentUrl\":\"https:\/\/restaurantgutschein.omr.com\/wp-content\/uploads\/2025\/04\/cropped-favi-2.png\",\"width\":512,\"height\":512,\"caption\":\"BON BON x OMR Restaurant-Gutschein\"},\"image\":{\"@id\":\"https:\/\/restaurantgutschein.omr.com\/en\/#\/schema\/logo\/image\/\"}}]}<\/script>\n<!-- \/ Yoast SEO plugin. -->","yoast_head_json":{"title":"Piazza Emilia Gutschein kaufen | #PayNowEatLater","description":"Restaurant Gutschein f\u00fcr \"Piazza Emilia\" online kaufen. Sofortiger Versand als PDF per E-Mail. Ideal auch als Last Minute Geschenk-Gutschein.","robots":{"index":"noindex","follow":"follow"},"og_locale":"en_US","og_type":"article","og_title":"Piazza Emilia Gutschein kaufen | #PayNowEatLater","og_description":"Restaurant Gutschein f\u00fcr \"Piazza Emilia\" online kaufen. Sofortiger Versand als PDF per E-Mail. Ideal auch als Last Minute Geschenk-Gutschein.","og_url":"https:\/\/restaurantgutschein.omr.com\/en\/produkt\/piazza-emilia\/","og_site_name":"BON BON x OMR Restaurant-Gutschein","article_modified_time":"2026-03-19T09:13:09+00:00","og_image":[{"width":1500,"height":800,"url":"https:\/\/restaurantgutschein.omr.com\/wp-content\/uploads\/2025\/04\/piazza-emilia-restaurant-gutschein-ingolstadt-F5ADq_1500x800.webp","type":"image\/webp"}],"twitter_misc":{"Est. reading time":"1 minute"},"schema":{"@context":"https:\/\/schema.org","@graph":[{"@type":"WebPage","@id":"https:\/\/restaurantgutschein.omr.com\/en\/produkt\/piazza-emilia\/","url":"https:\/\/restaurantgutschein.omr.com\/en\/produkt\/piazza-emilia\/","name":"Piazza Emilia Gutschein kaufen | #PayNowEatLater","isPartOf":{"@id":"https:\/\/restaurantgutschein.omr.com\/en\/#website"},"primaryImageOfPage":{"@id":"https:\/\/restaurantgutschein.omr.com\/en\/produkt\/piazza-emilia\/#primaryimage"},"image":{"@id":"https:\/\/restaurantgutschein.omr.com\/en\/produkt\/piazza-emilia\/#primaryimage"},"thumbnailUrl":"https:\/\/restaurantgutschein.omr.com\/wp-content\/uploads\/2025\/04\/piazza-emilia-restaurant-gutschein-ingolstadt-F5ADq_1500x800.webp","datePublished":"2025-04-15T12:28:00+00:00","dateModified":"2026-03-19T09:13:09+00:00","description":"Restaurant Gutschein f\u00fcr \"Piazza Emilia\" online kaufen. Sofortiger Versand als PDF per E-Mail. Ideal auch als Last Minute Geschenk-Gutschein.","breadcrumb":{"@id":"https:\/\/restaurantgutschein.omr.com\/en\/produkt\/piazza-emilia\/#breadcrumb"},"inLanguage":"en-US","potentialAction":[{"@type":"ReadAction","target":["https:\/\/restaurantgutschein.omr.com\/en\/produkt\/piazza-emilia\/"]}]},{"@type":"ImageObject","inLanguage":"en-US","@id":"https:\/\/restaurantgutschein.omr.com\/en\/produkt\/piazza-emilia\/#primaryimage","url":"https:\/\/restaurantgutschein.omr.com\/wp-content\/uploads\/2025\/04\/piazza-emilia-restaurant-gutschein-ingolstadt-F5ADq_1500x800.webp","contentUrl":"https:\/\/restaurantgutschein.omr.com\/wp-content\/uploads\/2025\/04\/piazza-emilia-restaurant-gutschein-ingolstadt-F5ADq_1500x800.webp","width":1500,"height":800},{"@type":"BreadcrumbList","@id":"https:\/\/restaurantgutschein.omr.com\/en\/produkt\/piazza-emilia\/#breadcrumb","itemListElement":[{"@type":"ListItem","position":1,"name":"Startseite","item":"https:\/\/restaurantgutschein.omr.com\/en\/"},{"@type":"ListItem","position":2,"name":"Piazza Emilia"}]},{"@type":"WebSite","@id":"https:\/\/restaurantgutschein.omr.com\/en\/#website","url":"https:\/\/restaurantgutschein.omr.com\/en\/","name":"BON BON x OMR Restaurant-Gutschein","description":"","publisher":{"@id":"https:\/\/restaurantgutschein.omr.com\/en\/#organization"},"potentialAction":[{"@type":"SearchAction","target":{"@type":"EntryPoint","urlTemplate":"https:\/\/restaurantgutschein.omr.com\/en\/?s={search_term_string}"},"query-input":{"@type":"PropertyValueSpecification","valueRequired":true,"valueName":"search_term_string"}}],"inLanguage":"en-US"},{"@type":"Organization","@id":"https:\/\/restaurantgutschein.omr.com\/en\/#organization","name":"BON BON x OMR Restaurant-Gutschein","url":"https:\/\/restaurantgutschein.omr.com\/en\/","logo":{"@type":"ImageObject","inLanguage":"en-US","@id":"https:\/\/restaurantgutschein.omr.com\/en\/#\/schema\/logo\/image\/","url":"https:\/\/restaurantgutschein.omr.com\/wp-content\/uploads\/2025\/04\/cropped-favi-2.png","contentUrl":"https:\/\/restaurantgutschein.omr.com\/wp-content\/uploads\/2025\/04\/cropped-favi-2.png","width":512,"height":512,"caption":"BON BON x OMR Restaurant-Gutschein"},"image":{"@id":"https:\/\/restaurantgutschein.omr.com\/en\/#\/schema\/logo\/image\/"}}]}},"_links":{"self":[{"href":"https:\/\/restaurantgutschein.omr.com\/en\/wp-json\/wp\/v2\/product\/383386","targetHints":{"allow":["GET"]}}],"collection":[{"href":"https:\/\/restaurantgutschein.omr.com\/en\/wp-json\/wp\/v2\/product"}],"about":[{"href":"https:\/\/restaurantgutschein.omr.com\/en\/wp-json\/wp\/v2\/types\/product"}],"wp:featuredmedia":[{"embeddable":true,"href":"https:\/\/restaurantgutschein.omr.com\/en\/wp-json\/wp\/v2\/media\/436272"}],"wp:attachment":[{"href":"https:\/\/restaurantgutschein.omr.com\/en\/wp-json\/wp\/v2\/media?parent=383386"}],"wp:term":[{"taxonomy":"product_brand","embeddable":true,"href":"https:\/\/restaurantgutschein.omr.com\/en\/wp-json\/wp\/v2\/product_brand?post=383386"},{"taxonomy":"product_cat","embeddable":true,"href":"https:\/\/restaurantgutschein.omr.com\/en\/wp-json\/wp\/v2\/product_cat?post=383386"},{"taxonomy":"product_tag","embeddable":true,"href":"https:\/\/restaurantgutschein.omr.com\/en\/wp-json\/wp\/v2\/product_tag?post=383386"}],"curies":[{"name":"wp","href":"https:\/\/api.w.org\/{rel}","templated":true}]}}