{"id":383097,"date":"2025-04-15T14:25:57","date_gmt":"2025-04-15T12:25:57","guid":{"rendered":"https:\/\/restaurantgutschein.omr.com\/produkt\/marielitas\/"},"modified":"2026-01-12T22:09:34","modified_gmt":"2026-01-12T21:09:34","slug":"marielitas","status":"publish","type":"product","link":"https:\/\/restaurantgutschein.omr.com\/en\/produkt\/marielitas\/","title":{"rendered":"Marielitas"},"content":{"rendered":"<p>Marielitas Mexikanisches Restaurant mit gem\u00fctlicher Atmosph\u00e4re. <\/p>\n<p>Marielitas in M\u00fcnchen ist ein gem\u00fctliches, mexikanisches Restaurant, das sich in der Hollywood Super Bowling in F\u00fcrstenried befindet. Es bietet eine entspannte Atmosph\u00e4re mit separaten Bereichen f\u00fcr private Feiern sowie eine Kaktus Lounge. Das Restaurant ist bekannt f\u00fcr seine frischen und vielf\u00e4ltigen Gerichte, die von mexikanischer K\u00fcche bis hin zu internationalen Speisen wie Steaks und Burgern reichen. Besonders beliebt sind auch die Cocktails und Longdrinks, die auf der Sonnenterrasse genossen werden k\u00f6nnen. Ideal f\u00fcr Gruppen und Events jeder Art.<\/p>\n<p> Forstenrieder Allee 74 81476 M\u00fcnchen   Gut B\u00fcrgerlich Restaurant<\/p>\n","protected":false},"excerpt":{"rendered":"<p>Marielitas Mexikanisches Restaurant mit gem\u00fctlicher Atmosph\u00e4re. Marielitas in M\u00fcnchen ist ein gem\u00fctliches, mexikanisches Restaurant, das sich in der Hollywood Super Bowling in F\u00fcrstenried befindet. Es bietet eine entspannte Atmosph\u00e4re mit separaten Bereichen f\u00fcr private Feiern sowie eine Kaktus Lounge. Das Restaurant ist bekannt f\u00fcr seine frischen und vielf\u00e4ltigen Gerichte, die von mexikanischer K\u00fcche bis hin [&hellip;]<\/p>\n","protected":false},"featured_media":383102,"template":"","meta":{"_acf_changed":false},"product_brand":[],"product_cat":[450],"product_tag":[],"class_list":{"0":"post-383097","1":"product","2":"type-product","3":"status-publish","4":"has-post-thumbnail","6":"product_cat-muenchen","7":"cuisine-gut-buergerlich","8":"art-der-location-restaurant","10":"first","11":"instock","12":"shipping-taxable","13":"purchasable","14":"product-type-variable"},"acf":[],"yoast_head":"<!-- This site is optimized with the Yoast SEO plugin v26.9 - https:\/\/yoast.com\/product\/yoast-seo-wordpress\/ -->\n<title>Marielitas Gutschein kaufen | #PayNowEatLater<\/title>\n<meta name=\"description\" content=\"Restaurant Gutschein f\u00fcr &quot;Marielitas&quot; online kaufen. Sofortiger Versand als PDF per E-Mail. Ideal auch als Last Minute Geschenk-Gutschein.\" \/>\n<meta name=\"robots\" content=\"noindex, follow\" \/>\n<meta property=\"og:locale\" content=\"en_US\" \/>\n<meta property=\"og:type\" content=\"article\" \/>\n<meta property=\"og:title\" content=\"Marielitas Gutschein kaufen | #PayNowEatLater\" \/>\n<meta property=\"og:description\" content=\"Restaurant Gutschein f\u00fcr &quot;Marielitas&quot; online kaufen. Sofortiger Versand als PDF per E-Mail. Ideal auch als Last Minute Geschenk-Gutschein.\" \/>\n<meta property=\"og:url\" content=\"https:\/\/restaurantgutschein.omr.com\/en\/produkt\/marielitas\/\" \/>\n<meta property=\"og:site_name\" content=\"BON BON x OMR Restaurant-Gutschein\" \/>\n<meta property=\"article:modified_time\" content=\"2026-01-12T21:09:34+00:00\" \/>\n<meta property=\"og:image\" content=\"https:\/\/restaurantgutschein.omr.com\/wp-content\/uploads\/2025\/04\/marielitas-restaurant-gutschein-muenchen-hmAxt_1500x800.jpg\" \/>\n\t<meta property=\"og:image:width\" content=\"1500\" \/>\n\t<meta property=\"og:image:height\" content=\"800\" \/>\n\t<meta property=\"og:image:type\" content=\"image\/jpeg\" \/>\n<meta name=\"twitter:label1\" content=\"Est. reading time\" \/>\n\t<meta name=\"twitter:data1\" content=\"1 minute\" \/>\n<script type=\"application\/ld+json\" class=\"yoast-schema-graph\">{\"@context\":\"https:\/\/schema.org\",\"@graph\":[{\"@type\":\"WebPage\",\"@id\":\"https:\/\/restaurantgutschein.omr.com\/en\/produkt\/marielitas\/\",\"url\":\"https:\/\/restaurantgutschein.omr.com\/en\/produkt\/marielitas\/\",\"name\":\"Marielitas Gutschein kaufen | #PayNowEatLater\",\"isPartOf\":{\"@id\":\"https:\/\/restaurantgutschein.omr.com\/en\/#website\"},\"primaryImageOfPage\":{\"@id\":\"https:\/\/restaurantgutschein.omr.com\/en\/produkt\/marielitas\/#primaryimage\"},\"image\":{\"@id\":\"https:\/\/restaurantgutschein.omr.com\/en\/produkt\/marielitas\/#primaryimage\"},\"thumbnailUrl\":\"https:\/\/restaurantgutschein.omr.com\/wp-content\/uploads\/2025\/04\/marielitas-restaurant-gutschein-muenchen-hmAxt_1500x800.jpg\",\"datePublished\":\"2025-04-15T12:25:57+00:00\",\"dateModified\":\"2026-01-12T21:09:34+00:00\",\"description\":\"Restaurant Gutschein f\u00fcr \\\"Marielitas\\\" online kaufen. Sofortiger Versand als PDF per E-Mail. Ideal auch als Last Minute Geschenk-Gutschein.\",\"breadcrumb\":{\"@id\":\"https:\/\/restaurantgutschein.omr.com\/en\/produkt\/marielitas\/#breadcrumb\"},\"inLanguage\":\"en-US\",\"potentialAction\":[{\"@type\":\"ReadAction\",\"target\":[\"https:\/\/restaurantgutschein.omr.com\/en\/produkt\/marielitas\/\"]}]},{\"@type\":\"ImageObject\",\"inLanguage\":\"en-US\",\"@id\":\"https:\/\/restaurantgutschein.omr.com\/en\/produkt\/marielitas\/#primaryimage\",\"url\":\"https:\/\/restaurantgutschein.omr.com\/wp-content\/uploads\/2025\/04\/marielitas-restaurant-gutschein-muenchen-hmAxt_1500x800.jpg\",\"contentUrl\":\"https:\/\/restaurantgutschein.omr.com\/wp-content\/uploads\/2025\/04\/marielitas-restaurant-gutschein-muenchen-hmAxt_1500x800.jpg\",\"width\":1500,\"height\":800},{\"@type\":\"BreadcrumbList\",\"@id\":\"https:\/\/restaurantgutschein.omr.com\/en\/produkt\/marielitas\/#breadcrumb\",\"itemListElement\":[{\"@type\":\"ListItem\",\"position\":1,\"name\":\"Startseite\",\"item\":\"https:\/\/restaurantgutschein.omr.com\/en\/\"},{\"@type\":\"ListItem\",\"position\":2,\"name\":\"Marielitas\"}]},{\"@type\":\"WebSite\",\"@id\":\"https:\/\/restaurantgutschein.omr.com\/en\/#website\",\"url\":\"https:\/\/restaurantgutschein.omr.com\/en\/\",\"name\":\"BON BON x OMR Restaurant-Gutschein\",\"description\":\"\",\"publisher\":{\"@id\":\"https:\/\/restaurantgutschein.omr.com\/en\/#organization\"},\"potentialAction\":[{\"@type\":\"SearchAction\",\"target\":{\"@type\":\"EntryPoint\",\"urlTemplate\":\"https:\/\/restaurantgutschein.omr.com\/en\/?s={search_term_string}\"},\"query-input\":{\"@type\":\"PropertyValueSpecification\",\"valueRequired\":true,\"valueName\":\"search_term_string\"}}],\"inLanguage\":\"en-US\"},{\"@type\":\"Organization\",\"@id\":\"https:\/\/restaurantgutschein.omr.com\/en\/#organization\",\"name\":\"BON BON x OMR Restaurant-Gutschein\",\"url\":\"https:\/\/restaurantgutschein.omr.com\/en\/\",\"logo\":{\"@type\":\"ImageObject\",\"inLanguage\":\"en-US\",\"@id\":\"https:\/\/restaurantgutschein.omr.com\/en\/#\/schema\/logo\/image\/\",\"url\":\"https:\/\/restaurantgutschein.omr.com\/wp-content\/uploads\/2025\/04\/cropped-favi-2.png\",\"contentUrl\":\"https:\/\/restaurantgutschein.omr.com\/wp-content\/uploads\/2025\/04\/cropped-favi-2.png\",\"width\":512,\"height\":512,\"caption\":\"BON BON x OMR Restaurant-Gutschein\"},\"image\":{\"@id\":\"https:\/\/restaurantgutschein.omr.com\/en\/#\/schema\/logo\/image\/\"}}]}<\/script>\n<!-- \/ Yoast SEO plugin. -->","yoast_head_json":{"title":"Marielitas Gutschein kaufen | #PayNowEatLater","description":"Restaurant Gutschein f\u00fcr \"Marielitas\" online kaufen. Sofortiger Versand als PDF per E-Mail. Ideal auch als Last Minute Geschenk-Gutschein.","robots":{"index":"noindex","follow":"follow"},"og_locale":"en_US","og_type":"article","og_title":"Marielitas Gutschein kaufen | #PayNowEatLater","og_description":"Restaurant Gutschein f\u00fcr \"Marielitas\" online kaufen. Sofortiger Versand als PDF per E-Mail. Ideal auch als Last Minute Geschenk-Gutschein.","og_url":"https:\/\/restaurantgutschein.omr.com\/en\/produkt\/marielitas\/","og_site_name":"BON BON x OMR Restaurant-Gutschein","article_modified_time":"2026-01-12T21:09:34+00:00","og_image":[{"width":1500,"height":800,"url":"https:\/\/restaurantgutschein.omr.com\/wp-content\/uploads\/2025\/04\/marielitas-restaurant-gutschein-muenchen-hmAxt_1500x800.jpg","type":"image\/jpeg"}],"twitter_misc":{"Est. reading time":"1 minute"},"schema":{"@context":"https:\/\/schema.org","@graph":[{"@type":"WebPage","@id":"https:\/\/restaurantgutschein.omr.com\/en\/produkt\/marielitas\/","url":"https:\/\/restaurantgutschein.omr.com\/en\/produkt\/marielitas\/","name":"Marielitas Gutschein kaufen | #PayNowEatLater","isPartOf":{"@id":"https:\/\/restaurantgutschein.omr.com\/en\/#website"},"primaryImageOfPage":{"@id":"https:\/\/restaurantgutschein.omr.com\/en\/produkt\/marielitas\/#primaryimage"},"image":{"@id":"https:\/\/restaurantgutschein.omr.com\/en\/produkt\/marielitas\/#primaryimage"},"thumbnailUrl":"https:\/\/restaurantgutschein.omr.com\/wp-content\/uploads\/2025\/04\/marielitas-restaurant-gutschein-muenchen-hmAxt_1500x800.jpg","datePublished":"2025-04-15T12:25:57+00:00","dateModified":"2026-01-12T21:09:34+00:00","description":"Restaurant Gutschein f\u00fcr \"Marielitas\" online kaufen. Sofortiger Versand als PDF per E-Mail. Ideal auch als Last Minute Geschenk-Gutschein.","breadcrumb":{"@id":"https:\/\/restaurantgutschein.omr.com\/en\/produkt\/marielitas\/#breadcrumb"},"inLanguage":"en-US","potentialAction":[{"@type":"ReadAction","target":["https:\/\/restaurantgutschein.omr.com\/en\/produkt\/marielitas\/"]}]},{"@type":"ImageObject","inLanguage":"en-US","@id":"https:\/\/restaurantgutschein.omr.com\/en\/produkt\/marielitas\/#primaryimage","url":"https:\/\/restaurantgutschein.omr.com\/wp-content\/uploads\/2025\/04\/marielitas-restaurant-gutschein-muenchen-hmAxt_1500x800.jpg","contentUrl":"https:\/\/restaurantgutschein.omr.com\/wp-content\/uploads\/2025\/04\/marielitas-restaurant-gutschein-muenchen-hmAxt_1500x800.jpg","width":1500,"height":800},{"@type":"BreadcrumbList","@id":"https:\/\/restaurantgutschein.omr.com\/en\/produkt\/marielitas\/#breadcrumb","itemListElement":[{"@type":"ListItem","position":1,"name":"Startseite","item":"https:\/\/restaurantgutschein.omr.com\/en\/"},{"@type":"ListItem","position":2,"name":"Marielitas"}]},{"@type":"WebSite","@id":"https:\/\/restaurantgutschein.omr.com\/en\/#website","url":"https:\/\/restaurantgutschein.omr.com\/en\/","name":"BON BON x OMR Restaurant-Gutschein","description":"","publisher":{"@id":"https:\/\/restaurantgutschein.omr.com\/en\/#organization"},"potentialAction":[{"@type":"SearchAction","target":{"@type":"EntryPoint","urlTemplate":"https:\/\/restaurantgutschein.omr.com\/en\/?s={search_term_string}"},"query-input":{"@type":"PropertyValueSpecification","valueRequired":true,"valueName":"search_term_string"}}],"inLanguage":"en-US"},{"@type":"Organization","@id":"https:\/\/restaurantgutschein.omr.com\/en\/#organization","name":"BON BON x OMR Restaurant-Gutschein","url":"https:\/\/restaurantgutschein.omr.com\/en\/","logo":{"@type":"ImageObject","inLanguage":"en-US","@id":"https:\/\/restaurantgutschein.omr.com\/en\/#\/schema\/logo\/image\/","url":"https:\/\/restaurantgutschein.omr.com\/wp-content\/uploads\/2025\/04\/cropped-favi-2.png","contentUrl":"https:\/\/restaurantgutschein.omr.com\/wp-content\/uploads\/2025\/04\/cropped-favi-2.png","width":512,"height":512,"caption":"BON BON x OMR Restaurant-Gutschein"},"image":{"@id":"https:\/\/restaurantgutschein.omr.com\/en\/#\/schema\/logo\/image\/"}}]}},"_links":{"self":[{"href":"https:\/\/restaurantgutschein.omr.com\/en\/wp-json\/wp\/v2\/product\/383097","targetHints":{"allow":["GET"]}}],"collection":[{"href":"https:\/\/restaurantgutschein.omr.com\/en\/wp-json\/wp\/v2\/product"}],"about":[{"href":"https:\/\/restaurantgutschein.omr.com\/en\/wp-json\/wp\/v2\/types\/product"}],"wp:featuredmedia":[{"embeddable":true,"href":"https:\/\/restaurantgutschein.omr.com\/en\/wp-json\/wp\/v2\/media\/383102"}],"wp:attachment":[{"href":"https:\/\/restaurantgutschein.omr.com\/en\/wp-json\/wp\/v2\/media?parent=383097"}],"wp:term":[{"taxonomy":"product_brand","embeddable":true,"href":"https:\/\/restaurantgutschein.omr.com\/en\/wp-json\/wp\/v2\/product_brand?post=383097"},{"taxonomy":"product_cat","embeddable":true,"href":"https:\/\/restaurantgutschein.omr.com\/en\/wp-json\/wp\/v2\/product_cat?post=383097"},{"taxonomy":"product_tag","embeddable":true,"href":"https:\/\/restaurantgutschein.omr.com\/en\/wp-json\/wp\/v2\/product_tag?post=383097"}],"curies":[{"name":"wp","href":"https:\/\/api.w.org\/{rel}","templated":true}]}}