{"id":380700,"date":"2025-04-15T13:49:08","date_gmt":"2025-04-15T11:49:08","guid":{"rendered":"https:\/\/restaurantgutschein.omr.com\/produkt\/galerie-cafe-barth\/"},"modified":"2026-01-18T14:29:31","modified_gmt":"2026-01-18T13:29:31","slug":"galerie-cafe-barth","status":"publish","type":"product","link":"https:\/\/restaurantgutschein.omr.com\/en\/produkt\/galerie-cafe-barth\/","title":{"rendered":"Galerie Cafe Barth"},"content":{"rendered":"<p>Galerie Cafe Barth Gem\u00fctliches Caf\u00e9 in Barth, bekannt f\u00fcr regionale und saisonale Spezialit\u00e4ten. Das Galerie Cafe Barth besticht durch seine warme, einladende Atmosph\u00e4re mit einem Hauch von k\u00fcnstlerischem Flair. Das Caf\u00e9 befindet sich in einem charmanten alten Geb\u00e4ude in der Klosterstra\u00dfe, was den Besuchern ein Gef\u00fchl von Tradition und Gem\u00fctlichkeit vermittelt. Besonders hervorzuheben sind die regionalen und saisonalen Spezialit\u00e4ten, die mit viel Liebe und besten Zutaten zubereitet werden. Die Besucher k\u00f6nnen sich auf eine wechselnde Speisekarte freuen, die stets frische, lokale Produkte in den Vordergrund stellt. Zu den besonderen Empfehlungen geh\u00f6ren die hausgemachten Kuchen und Torten sowie verschiedene Kaffeespezialit\u00e4ten, die man in Ruhe genie\u00dfen kann. Was das Galerie Cafe Barth einzigartig macht, ist neben der hohen Qualit\u00e4t der Speisen auch das angenehme Ambiente, das ideal f\u00fcr entspannte Nachmittage mit Freunden oder Familie ist. Die typischen G\u00e4ste sind Einheimische, Touristen und Familien, die den freundlichen und aufmerksamen Service zu sch\u00e4tzen wissen. Ob f\u00fcr ein Fr\u00fchst\u00fcck, einen leichten Snack oder einen gem\u00fctlichen Nachmittagstee \u2013 das Galerie Cafe Barth ist immer einen Besuch wert. Klosterstra\u00dfe 1 18356 Barth Galerie Caf\u00e9 Barth<br \/>\nKlosterstra\u00dfe 1<\/p>\n<p>18356 Barth  Caf\u00e9 &amp; B\u00e4ckerei Fr\u00fchst\u00fcck Sweets &amp; Dessert Vegan &amp; Vegetarisch Caf\u00e9<\/p>\n","protected":false},"excerpt":{"rendered":"<p>Galerie Cafe Barth Gem\u00fctliches Caf\u00e9 in Barth, bekannt f\u00fcr regionale und saisonale Spezialit\u00e4ten. Das Galerie Cafe Barth besticht durch seine warme, einladende Atmosph\u00e4re mit einem Hauch von k\u00fcnstlerischem Flair. Das Caf\u00e9 befindet sich in einem charmanten alten Geb\u00e4ude in der Klosterstra\u00dfe, was den Besuchern ein Gef\u00fchl von Tradition und Gem\u00fctlichkeit vermittelt. Besonders hervorzuheben sind die [&hellip;]<\/p>\n","protected":false},"featured_media":380702,"template":"","meta":{"_acf_changed":false},"product_brand":[],"product_cat":[47],"product_tag":[],"class_list":{"0":"post-380700","1":"product","2":"type-product","3":"status-publish","4":"has-post-thumbnail","6":"product_cat-weitere-staedte","7":"cuisine-cafe-baeckerei","8":"cuisine-fruehstueck","9":"cuisine-sweets-dessert","10":"cuisine-vegan-vegetarisch","11":"art-der-location-cafe","13":"first","14":"instock","15":"shipping-taxable","16":"purchasable","17":"product-type-variable"},"acf":[],"yoast_head":"<!-- This site is optimized with the Yoast SEO plugin v26.9 - https:\/\/yoast.com\/product\/yoast-seo-wordpress\/ -->\n<title>Galerie Cafe Barth Gutschein kaufen | #PayNowEatLater<\/title>\n<meta name=\"description\" content=\"Restaurant Gutschein f\u00fcr &quot;Galerie Cafe Barth&quot; online kaufen. Sofortiger Versand als PDF per E-Mail. Ideal auch als Last Minute Geschenk-Gutschein.\" \/>\n<meta name=\"robots\" content=\"noindex, follow\" \/>\n<meta property=\"og:locale\" content=\"en_US\" \/>\n<meta property=\"og:type\" content=\"article\" \/>\n<meta property=\"og:title\" content=\"Galerie Cafe Barth Gutschein kaufen | #PayNowEatLater\" \/>\n<meta property=\"og:description\" content=\"Restaurant Gutschein f\u00fcr &quot;Galerie Cafe Barth&quot; online kaufen. Sofortiger Versand als PDF per E-Mail. Ideal auch als Last Minute Geschenk-Gutschein.\" \/>\n<meta property=\"og:url\" content=\"https:\/\/restaurantgutschein.omr.com\/en\/produkt\/galerie-cafe-barth\/\" \/>\n<meta property=\"og:site_name\" content=\"BON BON x OMR Restaurant-Gutschein\" \/>\n<meta property=\"article:modified_time\" content=\"2026-01-18T13:29:31+00:00\" \/>\n<meta property=\"og:image\" content=\"https:\/\/restaurantgutschein.omr.com\/wp-content\/uploads\/2025\/04\/galerie-cafe-barth-restaurant-gutschein-barth-W96iD.jpg\" \/>\n\t<meta property=\"og:image:width\" content=\"1024\" \/>\n\t<meta property=\"og:image:height\" content=\"753\" \/>\n\t<meta property=\"og:image:type\" content=\"image\/jpeg\" \/>\n<meta name=\"twitter:label1\" content=\"Est. reading time\" \/>\n\t<meta name=\"twitter:data1\" content=\"1 minute\" \/>\n<script type=\"application\/ld+json\" class=\"yoast-schema-graph\">{\"@context\":\"https:\/\/schema.org\",\"@graph\":[{\"@type\":\"WebPage\",\"@id\":\"https:\/\/restaurantgutschein.omr.com\/en\/produkt\/galerie-cafe-barth\/\",\"url\":\"https:\/\/restaurantgutschein.omr.com\/en\/produkt\/galerie-cafe-barth\/\",\"name\":\"Galerie Cafe Barth Gutschein kaufen | #PayNowEatLater\",\"isPartOf\":{\"@id\":\"https:\/\/restaurantgutschein.omr.com\/en\/#website\"},\"primaryImageOfPage\":{\"@id\":\"https:\/\/restaurantgutschein.omr.com\/en\/produkt\/galerie-cafe-barth\/#primaryimage\"},\"image\":{\"@id\":\"https:\/\/restaurantgutschein.omr.com\/en\/produkt\/galerie-cafe-barth\/#primaryimage\"},\"thumbnailUrl\":\"https:\/\/restaurantgutschein.omr.com\/wp-content\/uploads\/2025\/04\/galerie-cafe-barth-restaurant-gutschein-barth-W96iD.jpg\",\"datePublished\":\"2025-04-15T11:49:08+00:00\",\"dateModified\":\"2026-01-18T13:29:31+00:00\",\"description\":\"Restaurant Gutschein f\u00fcr \\\"Galerie Cafe Barth\\\" online kaufen. Sofortiger Versand als PDF per E-Mail. Ideal auch als Last Minute Geschenk-Gutschein.\",\"breadcrumb\":{\"@id\":\"https:\/\/restaurantgutschein.omr.com\/en\/produkt\/galerie-cafe-barth\/#breadcrumb\"},\"inLanguage\":\"en-US\",\"potentialAction\":[{\"@type\":\"ReadAction\",\"target\":[\"https:\/\/restaurantgutschein.omr.com\/en\/produkt\/galerie-cafe-barth\/\"]}]},{\"@type\":\"ImageObject\",\"inLanguage\":\"en-US\",\"@id\":\"https:\/\/restaurantgutschein.omr.com\/en\/produkt\/galerie-cafe-barth\/#primaryimage\",\"url\":\"https:\/\/restaurantgutschein.omr.com\/wp-content\/uploads\/2025\/04\/galerie-cafe-barth-restaurant-gutschein-barth-W96iD.jpg\",\"contentUrl\":\"https:\/\/restaurantgutschein.omr.com\/wp-content\/uploads\/2025\/04\/galerie-cafe-barth-restaurant-gutschein-barth-W96iD.jpg\",\"width\":1024,\"height\":753},{\"@type\":\"BreadcrumbList\",\"@id\":\"https:\/\/restaurantgutschein.omr.com\/en\/produkt\/galerie-cafe-barth\/#breadcrumb\",\"itemListElement\":[{\"@type\":\"ListItem\",\"position\":1,\"name\":\"Startseite\",\"item\":\"https:\/\/restaurantgutschein.omr.com\/en\/\"},{\"@type\":\"ListItem\",\"position\":2,\"name\":\"Galerie Cafe Barth\"}]},{\"@type\":\"WebSite\",\"@id\":\"https:\/\/restaurantgutschein.omr.com\/en\/#website\",\"url\":\"https:\/\/restaurantgutschein.omr.com\/en\/\",\"name\":\"BON BON x OMR Restaurant-Gutschein\",\"description\":\"\",\"publisher\":{\"@id\":\"https:\/\/restaurantgutschein.omr.com\/en\/#organization\"},\"potentialAction\":[{\"@type\":\"SearchAction\",\"target\":{\"@type\":\"EntryPoint\",\"urlTemplate\":\"https:\/\/restaurantgutschein.omr.com\/en\/?s={search_term_string}\"},\"query-input\":{\"@type\":\"PropertyValueSpecification\",\"valueRequired\":true,\"valueName\":\"search_term_string\"}}],\"inLanguage\":\"en-US\"},{\"@type\":\"Organization\",\"@id\":\"https:\/\/restaurantgutschein.omr.com\/en\/#organization\",\"name\":\"BON BON x OMR Restaurant-Gutschein\",\"url\":\"https:\/\/restaurantgutschein.omr.com\/en\/\",\"logo\":{\"@type\":\"ImageObject\",\"inLanguage\":\"en-US\",\"@id\":\"https:\/\/restaurantgutschein.omr.com\/en\/#\/schema\/logo\/image\/\",\"url\":\"https:\/\/restaurantgutschein.omr.com\/wp-content\/uploads\/2025\/04\/cropped-favi-2.png\",\"contentUrl\":\"https:\/\/restaurantgutschein.omr.com\/wp-content\/uploads\/2025\/04\/cropped-favi-2.png\",\"width\":512,\"height\":512,\"caption\":\"BON BON x OMR Restaurant-Gutschein\"},\"image\":{\"@id\":\"https:\/\/restaurantgutschein.omr.com\/en\/#\/schema\/logo\/image\/\"}}]}<\/script>\n<!-- \/ Yoast SEO plugin. -->","yoast_head_json":{"title":"Galerie Cafe Barth Gutschein kaufen | #PayNowEatLater","description":"Restaurant Gutschein f\u00fcr \"Galerie Cafe Barth\" online kaufen. Sofortiger Versand als PDF per E-Mail. Ideal auch als Last Minute Geschenk-Gutschein.","robots":{"index":"noindex","follow":"follow"},"og_locale":"en_US","og_type":"article","og_title":"Galerie Cafe Barth Gutschein kaufen | #PayNowEatLater","og_description":"Restaurant Gutschein f\u00fcr \"Galerie Cafe Barth\" online kaufen. Sofortiger Versand als PDF per E-Mail. Ideal auch als Last Minute Geschenk-Gutschein.","og_url":"https:\/\/restaurantgutschein.omr.com\/en\/produkt\/galerie-cafe-barth\/","og_site_name":"BON BON x OMR Restaurant-Gutschein","article_modified_time":"2026-01-18T13:29:31+00:00","og_image":[{"width":1024,"height":753,"url":"https:\/\/restaurantgutschein.omr.com\/wp-content\/uploads\/2025\/04\/galerie-cafe-barth-restaurant-gutschein-barth-W96iD.jpg","type":"image\/jpeg"}],"twitter_misc":{"Est. reading time":"1 minute"},"schema":{"@context":"https:\/\/schema.org","@graph":[{"@type":"WebPage","@id":"https:\/\/restaurantgutschein.omr.com\/en\/produkt\/galerie-cafe-barth\/","url":"https:\/\/restaurantgutschein.omr.com\/en\/produkt\/galerie-cafe-barth\/","name":"Galerie Cafe Barth Gutschein kaufen | #PayNowEatLater","isPartOf":{"@id":"https:\/\/restaurantgutschein.omr.com\/en\/#website"},"primaryImageOfPage":{"@id":"https:\/\/restaurantgutschein.omr.com\/en\/produkt\/galerie-cafe-barth\/#primaryimage"},"image":{"@id":"https:\/\/restaurantgutschein.omr.com\/en\/produkt\/galerie-cafe-barth\/#primaryimage"},"thumbnailUrl":"https:\/\/restaurantgutschein.omr.com\/wp-content\/uploads\/2025\/04\/galerie-cafe-barth-restaurant-gutschein-barth-W96iD.jpg","datePublished":"2025-04-15T11:49:08+00:00","dateModified":"2026-01-18T13:29:31+00:00","description":"Restaurant Gutschein f\u00fcr \"Galerie Cafe Barth\" online kaufen. Sofortiger Versand als PDF per E-Mail. Ideal auch als Last Minute Geschenk-Gutschein.","breadcrumb":{"@id":"https:\/\/restaurantgutschein.omr.com\/en\/produkt\/galerie-cafe-barth\/#breadcrumb"},"inLanguage":"en-US","potentialAction":[{"@type":"ReadAction","target":["https:\/\/restaurantgutschein.omr.com\/en\/produkt\/galerie-cafe-barth\/"]}]},{"@type":"ImageObject","inLanguage":"en-US","@id":"https:\/\/restaurantgutschein.omr.com\/en\/produkt\/galerie-cafe-barth\/#primaryimage","url":"https:\/\/restaurantgutschein.omr.com\/wp-content\/uploads\/2025\/04\/galerie-cafe-barth-restaurant-gutschein-barth-W96iD.jpg","contentUrl":"https:\/\/restaurantgutschein.omr.com\/wp-content\/uploads\/2025\/04\/galerie-cafe-barth-restaurant-gutschein-barth-W96iD.jpg","width":1024,"height":753},{"@type":"BreadcrumbList","@id":"https:\/\/restaurantgutschein.omr.com\/en\/produkt\/galerie-cafe-barth\/#breadcrumb","itemListElement":[{"@type":"ListItem","position":1,"name":"Startseite","item":"https:\/\/restaurantgutschein.omr.com\/en\/"},{"@type":"ListItem","position":2,"name":"Galerie Cafe Barth"}]},{"@type":"WebSite","@id":"https:\/\/restaurantgutschein.omr.com\/en\/#website","url":"https:\/\/restaurantgutschein.omr.com\/en\/","name":"BON BON x OMR Restaurant-Gutschein","description":"","publisher":{"@id":"https:\/\/restaurantgutschein.omr.com\/en\/#organization"},"potentialAction":[{"@type":"SearchAction","target":{"@type":"EntryPoint","urlTemplate":"https:\/\/restaurantgutschein.omr.com\/en\/?s={search_term_string}"},"query-input":{"@type":"PropertyValueSpecification","valueRequired":true,"valueName":"search_term_string"}}],"inLanguage":"en-US"},{"@type":"Organization","@id":"https:\/\/restaurantgutschein.omr.com\/en\/#organization","name":"BON BON x OMR Restaurant-Gutschein","url":"https:\/\/restaurantgutschein.omr.com\/en\/","logo":{"@type":"ImageObject","inLanguage":"en-US","@id":"https:\/\/restaurantgutschein.omr.com\/en\/#\/schema\/logo\/image\/","url":"https:\/\/restaurantgutschein.omr.com\/wp-content\/uploads\/2025\/04\/cropped-favi-2.png","contentUrl":"https:\/\/restaurantgutschein.omr.com\/wp-content\/uploads\/2025\/04\/cropped-favi-2.png","width":512,"height":512,"caption":"BON BON x OMR Restaurant-Gutschein"},"image":{"@id":"https:\/\/restaurantgutschein.omr.com\/en\/#\/schema\/logo\/image\/"}}]}},"_links":{"self":[{"href":"https:\/\/restaurantgutschein.omr.com\/en\/wp-json\/wp\/v2\/product\/380700","targetHints":{"allow":["GET"]}}],"collection":[{"href":"https:\/\/restaurantgutschein.omr.com\/en\/wp-json\/wp\/v2\/product"}],"about":[{"href":"https:\/\/restaurantgutschein.omr.com\/en\/wp-json\/wp\/v2\/types\/product"}],"wp:featuredmedia":[{"embeddable":true,"href":"https:\/\/restaurantgutschein.omr.com\/en\/wp-json\/wp\/v2\/media\/380702"}],"wp:attachment":[{"href":"https:\/\/restaurantgutschein.omr.com\/en\/wp-json\/wp\/v2\/media?parent=380700"}],"wp:term":[{"taxonomy":"product_brand","embeddable":true,"href":"https:\/\/restaurantgutschein.omr.com\/en\/wp-json\/wp\/v2\/product_brand?post=380700"},{"taxonomy":"product_cat","embeddable":true,"href":"https:\/\/restaurantgutschein.omr.com\/en\/wp-json\/wp\/v2\/product_cat?post=380700"},{"taxonomy":"product_tag","embeddable":true,"href":"https:\/\/restaurantgutschein.omr.com\/en\/wp-json\/wp\/v2\/product_tag?post=380700"}],"curies":[{"name":"wp","href":"https:\/\/api.w.org\/{rel}","templated":true}]}}