{"id":379359,"date":"2025-04-15T13:31:49","date_gmt":"2025-04-15T11:31:49","guid":{"rendered":"https:\/\/restaurantgutschein.omr.com\/produkt\/brauerei-gasthof-zwoenitz\/"},"modified":"2026-04-01T17:45:11","modified_gmt":"2026-04-01T15:45:11","slug":"brauerei-gasthof-zwoenitz","status":"publish","type":"product","link":"https:\/\/restaurantgutschein.omr.com\/en\/produkt\/brauerei-gasthof-zwoenitz\/","title":{"rendered":"Brauerei Gasthof Zw\u00f6nitz"},"content":{"rendered":"<p>Brauerei Gasthof Zw\u00f6nitz \u201dMit einem herzlichen \u201eGl\u00fcck Auf\u201c begr\u00fc\u00dfen wir euch in unserem Gasthaus. Ankommen, Genie\u00dfen, Entspannen \u2013 wir begr\u00fc\u00dfen Dich in unserem Gasthaus im Herzen des Erzgebirges. Bei uns kannst Du traditionell erzgebirgische Hausmannskost und regionale Spezialit\u00e4ten in urig, gem\u00fctlicher Atmosph\u00e4re genie\u00dfen. Wir bereiten saisonal frische Produkte in unserer K\u00fcche mit viel Liebe f\u00fcr Dich zu. Lass Dich in unserem Biergarten und den gem\u00fctlichen Gastr\u00e4umen bei leckerem Essen und einem hausgebrauten Glas Bier (gern auch mehr) von uns verw\u00f6hnen! Gr\u00fcnhainer Stra\u00dfe 15 08297 Zw\u00f6nitz Brauerei Gasthof Zw\u00f6nitz Inh. Dominik Naumann<br \/>\nGr\u00fcnhainer Str. 15, 08297 Zw\u00f6nitz, Germany  Fleisch &amp; Fisch Fr\u00fchst\u00fcck Gut B\u00fcrgerlich Salat &amp; Bowl Sweets &amp; Dessert Vegan &amp; Vegetarisch Restaurant<\/p>\n","protected":false},"excerpt":{"rendered":"<p>Brauerei Gasthof Zw\u00f6nitz \u201dMit einem herzlichen \u201eGl\u00fcck Auf\u201c begr\u00fc\u00dfen wir euch in unserem Gasthaus. Ankommen, Genie\u00dfen, Entspannen \u2013 wir begr\u00fc\u00dfen Dich in unserem Gasthaus im Herzen des Erzgebirges. Bei uns kannst Du traditionell erzgebirgische Hausmannskost und regionale Spezialit\u00e4ten in urig, gem\u00fctlicher Atmosph\u00e4re genie\u00dfen. Wir bereiten saisonal frische Produkte in unserer K\u00fcche mit viel Liebe f\u00fcr [&hellip;]<\/p>\n","protected":false},"featured_media":379361,"template":"","meta":{"_acf_changed":false},"product_brand":[],"product_cat":[47],"product_tag":[],"class_list":{"0":"post-379359","1":"product","2":"type-product","3":"status-publish","4":"has-post-thumbnail","6":"product_cat-weitere-staedte","7":"cuisine-fleisch-fisch","8":"cuisine-fruehstueck","9":"cuisine-gut-buergerlich","10":"cuisine-salat-bowl","11":"cuisine-sweets-dessert","12":"cuisine-vegan-vegetarisch","13":"art-der-location-restaurant","15":"first","16":"instock","17":"shipping-taxable","18":"purchasable","19":"product-type-variable"},"acf":[],"yoast_head":"<!-- This site is optimized with the Yoast SEO plugin v26.9 - https:\/\/yoast.com\/product\/yoast-seo-wordpress\/ -->\n<title>Brauerei Gasthof Zw\u00f6nitz Gutschein kaufen | #PayNowEatLater<\/title>\n<meta name=\"description\" content=\"Restaurant Gutschein f\u00fcr &quot;Brauerei Gasthof Zw\u00f6nitz&quot; online kaufen. Sofortiger Versand als PDF per E-Mail. Ideal auch als Last Minute Geschenk-Gutschein.\" \/>\n<meta name=\"robots\" content=\"noindex, follow\" \/>\n<meta property=\"og:locale\" content=\"en_US\" \/>\n<meta property=\"og:type\" content=\"article\" \/>\n<meta property=\"og:title\" content=\"Brauerei Gasthof Zw\u00f6nitz Gutschein kaufen | #PayNowEatLater\" \/>\n<meta property=\"og:description\" content=\"Restaurant Gutschein f\u00fcr &quot;Brauerei Gasthof Zw\u00f6nitz&quot; online kaufen. Sofortiger Versand als PDF per E-Mail. Ideal auch als Last Minute Geschenk-Gutschein.\" \/>\n<meta property=\"og:url\" content=\"https:\/\/restaurantgutschein.omr.com\/en\/produkt\/brauerei-gasthof-zwoenitz\/\" \/>\n<meta property=\"og:site_name\" content=\"BON BON x OMR Restaurant-Gutschein\" \/>\n<meta property=\"article:modified_time\" content=\"2026-04-01T15:45:11+00:00\" \/>\n<meta property=\"og:image\" content=\"https:\/\/restaurantgutschein.omr.com\/wp-content\/uploads\/2025\/04\/brauerei-gasthof-zwoenitz-restaurant-gutschein-zwoenitz-QyTX9.jpg\" \/>\n\t<meta property=\"og:image:width\" content=\"1920\" \/>\n\t<meta property=\"og:image:height\" content=\"1282\" \/>\n\t<meta property=\"og:image:type\" content=\"image\/jpeg\" \/>\n<meta name=\"twitter:label1\" content=\"Est. reading time\" \/>\n\t<meta name=\"twitter:data1\" content=\"1 minute\" \/>\n<script type=\"application\/ld+json\" class=\"yoast-schema-graph\">{\"@context\":\"https:\/\/schema.org\",\"@graph\":[{\"@type\":\"WebPage\",\"@id\":\"https:\/\/restaurantgutschein.omr.com\/en\/produkt\/brauerei-gasthof-zwoenitz\/\",\"url\":\"https:\/\/restaurantgutschein.omr.com\/en\/produkt\/brauerei-gasthof-zwoenitz\/\",\"name\":\"Brauerei Gasthof Zw\u00f6nitz Gutschein kaufen | #PayNowEatLater\",\"isPartOf\":{\"@id\":\"https:\/\/restaurantgutschein.omr.com\/en\/#website\"},\"primaryImageOfPage\":{\"@id\":\"https:\/\/restaurantgutschein.omr.com\/en\/produkt\/brauerei-gasthof-zwoenitz\/#primaryimage\"},\"image\":{\"@id\":\"https:\/\/restaurantgutschein.omr.com\/en\/produkt\/brauerei-gasthof-zwoenitz\/#primaryimage\"},\"thumbnailUrl\":\"https:\/\/restaurantgutschein.omr.com\/wp-content\/uploads\/2025\/04\/brauerei-gasthof-zwoenitz-restaurant-gutschein-zwoenitz-QyTX9.jpg\",\"datePublished\":\"2025-04-15T11:31:49+00:00\",\"dateModified\":\"2026-04-01T15:45:11+00:00\",\"description\":\"Restaurant Gutschein f\u00fcr \\\"Brauerei Gasthof Zw\u00f6nitz\\\" online kaufen. Sofortiger Versand als PDF per E-Mail. Ideal auch als Last Minute Geschenk-Gutschein.\",\"breadcrumb\":{\"@id\":\"https:\/\/restaurantgutschein.omr.com\/en\/produkt\/brauerei-gasthof-zwoenitz\/#breadcrumb\"},\"inLanguage\":\"en-US\",\"potentialAction\":[{\"@type\":\"ReadAction\",\"target\":[\"https:\/\/restaurantgutschein.omr.com\/en\/produkt\/brauerei-gasthof-zwoenitz\/\"]}]},{\"@type\":\"ImageObject\",\"inLanguage\":\"en-US\",\"@id\":\"https:\/\/restaurantgutschein.omr.com\/en\/produkt\/brauerei-gasthof-zwoenitz\/#primaryimage\",\"url\":\"https:\/\/restaurantgutschein.omr.com\/wp-content\/uploads\/2025\/04\/brauerei-gasthof-zwoenitz-restaurant-gutschein-zwoenitz-QyTX9.jpg\",\"contentUrl\":\"https:\/\/restaurantgutschein.omr.com\/wp-content\/uploads\/2025\/04\/brauerei-gasthof-zwoenitz-restaurant-gutschein-zwoenitz-QyTX9.jpg\",\"width\":1920,\"height\":1282},{\"@type\":\"BreadcrumbList\",\"@id\":\"https:\/\/restaurantgutschein.omr.com\/en\/produkt\/brauerei-gasthof-zwoenitz\/#breadcrumb\",\"itemListElement\":[{\"@type\":\"ListItem\",\"position\":1,\"name\":\"Startseite\",\"item\":\"https:\/\/restaurantgutschein.omr.com\/en\/\"},{\"@type\":\"ListItem\",\"position\":2,\"name\":\"Brauerei Gasthof Zw\u00f6nitz\"}]},{\"@type\":\"WebSite\",\"@id\":\"https:\/\/restaurantgutschein.omr.com\/en\/#website\",\"url\":\"https:\/\/restaurantgutschein.omr.com\/en\/\",\"name\":\"BON BON x OMR Restaurant-Gutschein\",\"description\":\"\",\"publisher\":{\"@id\":\"https:\/\/restaurantgutschein.omr.com\/en\/#organization\"},\"potentialAction\":[{\"@type\":\"SearchAction\",\"target\":{\"@type\":\"EntryPoint\",\"urlTemplate\":\"https:\/\/restaurantgutschein.omr.com\/en\/?s={search_term_string}\"},\"query-input\":{\"@type\":\"PropertyValueSpecification\",\"valueRequired\":true,\"valueName\":\"search_term_string\"}}],\"inLanguage\":\"en-US\"},{\"@type\":\"Organization\",\"@id\":\"https:\/\/restaurantgutschein.omr.com\/en\/#organization\",\"name\":\"BON BON x OMR Restaurant-Gutschein\",\"url\":\"https:\/\/restaurantgutschein.omr.com\/en\/\",\"logo\":{\"@type\":\"ImageObject\",\"inLanguage\":\"en-US\",\"@id\":\"https:\/\/restaurantgutschein.omr.com\/en\/#\/schema\/logo\/image\/\",\"url\":\"https:\/\/restaurantgutschein.omr.com\/wp-content\/uploads\/2025\/04\/cropped-favi-2.png\",\"contentUrl\":\"https:\/\/restaurantgutschein.omr.com\/wp-content\/uploads\/2025\/04\/cropped-favi-2.png\",\"width\":512,\"height\":512,\"caption\":\"BON BON x OMR Restaurant-Gutschein\"},\"image\":{\"@id\":\"https:\/\/restaurantgutschein.omr.com\/en\/#\/schema\/logo\/image\/\"}}]}<\/script>\n<!-- \/ Yoast SEO plugin. -->","yoast_head_json":{"title":"Brauerei Gasthof Zw\u00f6nitz Gutschein kaufen | #PayNowEatLater","description":"Restaurant Gutschein f\u00fcr \"Brauerei Gasthof Zw\u00f6nitz\" online kaufen. Sofortiger Versand als PDF per E-Mail. Ideal auch als Last Minute Geschenk-Gutschein.","robots":{"index":"noindex","follow":"follow"},"og_locale":"en_US","og_type":"article","og_title":"Brauerei Gasthof Zw\u00f6nitz Gutschein kaufen | #PayNowEatLater","og_description":"Restaurant Gutschein f\u00fcr \"Brauerei Gasthof Zw\u00f6nitz\" online kaufen. Sofortiger Versand als PDF per E-Mail. Ideal auch als Last Minute Geschenk-Gutschein.","og_url":"https:\/\/restaurantgutschein.omr.com\/en\/produkt\/brauerei-gasthof-zwoenitz\/","og_site_name":"BON BON x OMR Restaurant-Gutschein","article_modified_time":"2026-04-01T15:45:11+00:00","og_image":[{"width":1920,"height":1282,"url":"https:\/\/restaurantgutschein.omr.com\/wp-content\/uploads\/2025\/04\/brauerei-gasthof-zwoenitz-restaurant-gutschein-zwoenitz-QyTX9.jpg","type":"image\/jpeg"}],"twitter_misc":{"Est. reading time":"1 minute"},"schema":{"@context":"https:\/\/schema.org","@graph":[{"@type":"WebPage","@id":"https:\/\/restaurantgutschein.omr.com\/en\/produkt\/brauerei-gasthof-zwoenitz\/","url":"https:\/\/restaurantgutschein.omr.com\/en\/produkt\/brauerei-gasthof-zwoenitz\/","name":"Brauerei Gasthof Zw\u00f6nitz Gutschein kaufen | #PayNowEatLater","isPartOf":{"@id":"https:\/\/restaurantgutschein.omr.com\/en\/#website"},"primaryImageOfPage":{"@id":"https:\/\/restaurantgutschein.omr.com\/en\/produkt\/brauerei-gasthof-zwoenitz\/#primaryimage"},"image":{"@id":"https:\/\/restaurantgutschein.omr.com\/en\/produkt\/brauerei-gasthof-zwoenitz\/#primaryimage"},"thumbnailUrl":"https:\/\/restaurantgutschein.omr.com\/wp-content\/uploads\/2025\/04\/brauerei-gasthof-zwoenitz-restaurant-gutschein-zwoenitz-QyTX9.jpg","datePublished":"2025-04-15T11:31:49+00:00","dateModified":"2026-04-01T15:45:11+00:00","description":"Restaurant Gutschein f\u00fcr \"Brauerei Gasthof Zw\u00f6nitz\" online kaufen. Sofortiger Versand als PDF per E-Mail. Ideal auch als Last Minute Geschenk-Gutschein.","breadcrumb":{"@id":"https:\/\/restaurantgutschein.omr.com\/en\/produkt\/brauerei-gasthof-zwoenitz\/#breadcrumb"},"inLanguage":"en-US","potentialAction":[{"@type":"ReadAction","target":["https:\/\/restaurantgutschein.omr.com\/en\/produkt\/brauerei-gasthof-zwoenitz\/"]}]},{"@type":"ImageObject","inLanguage":"en-US","@id":"https:\/\/restaurantgutschein.omr.com\/en\/produkt\/brauerei-gasthof-zwoenitz\/#primaryimage","url":"https:\/\/restaurantgutschein.omr.com\/wp-content\/uploads\/2025\/04\/brauerei-gasthof-zwoenitz-restaurant-gutschein-zwoenitz-QyTX9.jpg","contentUrl":"https:\/\/restaurantgutschein.omr.com\/wp-content\/uploads\/2025\/04\/brauerei-gasthof-zwoenitz-restaurant-gutschein-zwoenitz-QyTX9.jpg","width":1920,"height":1282},{"@type":"BreadcrumbList","@id":"https:\/\/restaurantgutschein.omr.com\/en\/produkt\/brauerei-gasthof-zwoenitz\/#breadcrumb","itemListElement":[{"@type":"ListItem","position":1,"name":"Startseite","item":"https:\/\/restaurantgutschein.omr.com\/en\/"},{"@type":"ListItem","position":2,"name":"Brauerei Gasthof Zw\u00f6nitz"}]},{"@type":"WebSite","@id":"https:\/\/restaurantgutschein.omr.com\/en\/#website","url":"https:\/\/restaurantgutschein.omr.com\/en\/","name":"BON BON x OMR Restaurant-Gutschein","description":"","publisher":{"@id":"https:\/\/restaurantgutschein.omr.com\/en\/#organization"},"potentialAction":[{"@type":"SearchAction","target":{"@type":"EntryPoint","urlTemplate":"https:\/\/restaurantgutschein.omr.com\/en\/?s={search_term_string}"},"query-input":{"@type":"PropertyValueSpecification","valueRequired":true,"valueName":"search_term_string"}}],"inLanguage":"en-US"},{"@type":"Organization","@id":"https:\/\/restaurantgutschein.omr.com\/en\/#organization","name":"BON BON x OMR Restaurant-Gutschein","url":"https:\/\/restaurantgutschein.omr.com\/en\/","logo":{"@type":"ImageObject","inLanguage":"en-US","@id":"https:\/\/restaurantgutschein.omr.com\/en\/#\/schema\/logo\/image\/","url":"https:\/\/restaurantgutschein.omr.com\/wp-content\/uploads\/2025\/04\/cropped-favi-2.png","contentUrl":"https:\/\/restaurantgutschein.omr.com\/wp-content\/uploads\/2025\/04\/cropped-favi-2.png","width":512,"height":512,"caption":"BON BON x OMR Restaurant-Gutschein"},"image":{"@id":"https:\/\/restaurantgutschein.omr.com\/en\/#\/schema\/logo\/image\/"}}]}},"_links":{"self":[{"href":"https:\/\/restaurantgutschein.omr.com\/en\/wp-json\/wp\/v2\/product\/379359","targetHints":{"allow":["GET"]}}],"collection":[{"href":"https:\/\/restaurantgutschein.omr.com\/en\/wp-json\/wp\/v2\/product"}],"about":[{"href":"https:\/\/restaurantgutschein.omr.com\/en\/wp-json\/wp\/v2\/types\/product"}],"wp:featuredmedia":[{"embeddable":true,"href":"https:\/\/restaurantgutschein.omr.com\/en\/wp-json\/wp\/v2\/media\/379361"}],"wp:attachment":[{"href":"https:\/\/restaurantgutschein.omr.com\/en\/wp-json\/wp\/v2\/media?parent=379359"}],"wp:term":[{"taxonomy":"product_brand","embeddable":true,"href":"https:\/\/restaurantgutschein.omr.com\/en\/wp-json\/wp\/v2\/product_brand?post=379359"},{"taxonomy":"product_cat","embeddable":true,"href":"https:\/\/restaurantgutschein.omr.com\/en\/wp-json\/wp\/v2\/product_cat?post=379359"},{"taxonomy":"product_tag","embeddable":true,"href":"https:\/\/restaurantgutschein.omr.com\/en\/wp-json\/wp\/v2\/product_tag?post=379359"}],"curies":[{"name":"wp","href":"https:\/\/api.w.org\/{rel}","templated":true}]}}