{"id":379028,"date":"2025-04-15T13:28:20","date_gmt":"2025-04-15T11:28:20","guid":{"rendered":"https:\/\/restaurantgutschein.omr.com\/produkt\/hotel-zum-ratsherrn\/"},"modified":"2026-04-05T20:53:12","modified_gmt":"2026-04-05T18:53:12","slug":"hotel-zum-ratsherrn","status":"publish","type":"product","link":"https:\/\/restaurantgutschein.omr.com\/en\/produkt\/hotel-zum-ratsherrn\/","title":{"rendered":"Hotel zum Ratsherrn"},"content":{"rendered":"<p>Hotel zum Ratsherrn Das kleine Steakhouse <\/p>\n<p>Seit nunmehr 30 Jahren bieten wir eine reichhaltige Auswahl an Steakvariationen und anderen K\u00f6stlichkeiten.<\/p>\n<p>Das Restaurant ist auch \u00fcber die Grenzen L\u00fcbecks hinaus sehr bekannt und beliebt.<\/p>\n<p>In unseren beiden Veranstaltungsr\u00e4umen finden Sie ausreichend Platz f\u00fcr Familienfeiern oder Tagungen bis zu 60 Personen.<\/p>\n<p> Herrendamm 2-4 23556 L\u00fcbeck STEGA &#8211; Hahnenstein &amp; M\u00e4rkl oHG<br \/>\n  Burger &amp; Amerikanisch Fleisch &amp; Fisch Restaurant<\/p>\n","protected":false},"excerpt":{"rendered":"<p>Hotel zum Ratsherrn Das kleine Steakhouse Seit nunmehr 30 Jahren bieten wir eine reichhaltige Auswahl an Steakvariationen und anderen K\u00f6stlichkeiten. Das Restaurant ist auch \u00fcber die Grenzen L\u00fcbecks hinaus sehr bekannt und beliebt. In unseren beiden Veranstaltungsr\u00e4umen finden Sie ausreichend Platz f\u00fcr Familienfeiern oder Tagungen bis zu 60 Personen. Herrendamm 2-4 23556 L\u00fcbeck STEGA &#8211; [&hellip;]<\/p>\n","protected":false},"featured_media":379030,"template":"","meta":{"_acf_changed":false},"product_brand":[],"product_cat":[502],"product_tag":[],"class_list":{"0":"post-379028","1":"product","2":"type-product","3":"status-publish","4":"has-post-thumbnail","6":"product_cat-luebeck","7":"cuisine-burger-amerikanisch","8":"cuisine-fleisch-fisch","9":"art-der-location-restaurant","11":"first","12":"instock","13":"shipping-taxable","14":"purchasable","15":"product-type-variable"},"acf":[],"yoast_head":"<!-- This site is optimized with the Yoast SEO plugin v26.9 - https:\/\/yoast.com\/product\/yoast-seo-wordpress\/ -->\n<title>Hotel zum Ratsherrn Gutschein kaufen | #PayNowEatLater<\/title>\n<meta name=\"description\" content=\"Restaurant Gutschein f\u00fcr &quot;Hotel zum Ratsherrn&quot; online kaufen. Sofortiger Versand als PDF per E-Mail. Ideal auch als Last Minute Geschenk-Gutschein.\" \/>\n<meta name=\"robots\" content=\"noindex, follow\" \/>\n<meta property=\"og:locale\" content=\"en_US\" \/>\n<meta property=\"og:type\" content=\"article\" \/>\n<meta property=\"og:title\" content=\"Hotel zum Ratsherrn Gutschein kaufen | #PayNowEatLater\" \/>\n<meta property=\"og:description\" content=\"Restaurant Gutschein f\u00fcr &quot;Hotel zum Ratsherrn&quot; online kaufen. Sofortiger Versand als PDF per E-Mail. Ideal auch als Last Minute Geschenk-Gutschein.\" \/>\n<meta property=\"og:url\" content=\"https:\/\/restaurantgutschein.omr.com\/en\/produkt\/hotel-zum-ratsherrn\/\" \/>\n<meta property=\"og:site_name\" content=\"BON BON x OMR Restaurant-Gutschein\" \/>\n<meta property=\"article:modified_time\" content=\"2026-04-05T18:53:12+00:00\" \/>\n<meta property=\"og:image\" content=\"https:\/\/restaurantgutschein.omr.com\/wp-content\/uploads\/2025\/04\/hotel-zum-ratsherrn-restaurant-gutschein-luebeck-AejBw_1500x800.jpg\" \/>\n\t<meta property=\"og:image:width\" content=\"1500\" \/>\n\t<meta property=\"og:image:height\" content=\"800\" \/>\n\t<meta property=\"og:image:type\" content=\"image\/jpeg\" \/>\n<script type=\"application\/ld+json\" class=\"yoast-schema-graph\">{\"@context\":\"https:\/\/schema.org\",\"@graph\":[{\"@type\":\"WebPage\",\"@id\":\"https:\/\/restaurantgutschein.omr.com\/en\/produkt\/hotel-zum-ratsherrn\/\",\"url\":\"https:\/\/restaurantgutschein.omr.com\/en\/produkt\/hotel-zum-ratsherrn\/\",\"name\":\"Hotel zum Ratsherrn Gutschein kaufen | #PayNowEatLater\",\"isPartOf\":{\"@id\":\"https:\/\/restaurantgutschein.omr.com\/en\/#website\"},\"primaryImageOfPage\":{\"@id\":\"https:\/\/restaurantgutschein.omr.com\/en\/produkt\/hotel-zum-ratsherrn\/#primaryimage\"},\"image\":{\"@id\":\"https:\/\/restaurantgutschein.omr.com\/en\/produkt\/hotel-zum-ratsherrn\/#primaryimage\"},\"thumbnailUrl\":\"https:\/\/restaurantgutschein.omr.com\/wp-content\/uploads\/2025\/04\/hotel-zum-ratsherrn-restaurant-gutschein-luebeck-AejBw_1500x800.jpg\",\"datePublished\":\"2025-04-15T11:28:20+00:00\",\"dateModified\":\"2026-04-05T18:53:12+00:00\",\"description\":\"Restaurant Gutschein f\u00fcr \\\"Hotel zum Ratsherrn\\\" online kaufen. Sofortiger Versand als PDF per E-Mail. Ideal auch als Last Minute Geschenk-Gutschein.\",\"breadcrumb\":{\"@id\":\"https:\/\/restaurantgutschein.omr.com\/en\/produkt\/hotel-zum-ratsherrn\/#breadcrumb\"},\"inLanguage\":\"en-US\",\"potentialAction\":[{\"@type\":\"ReadAction\",\"target\":[\"https:\/\/restaurantgutschein.omr.com\/en\/produkt\/hotel-zum-ratsherrn\/\"]}]},{\"@type\":\"ImageObject\",\"inLanguage\":\"en-US\",\"@id\":\"https:\/\/restaurantgutschein.omr.com\/en\/produkt\/hotel-zum-ratsherrn\/#primaryimage\",\"url\":\"https:\/\/restaurantgutschein.omr.com\/wp-content\/uploads\/2025\/04\/hotel-zum-ratsherrn-restaurant-gutschein-luebeck-AejBw_1500x800.jpg\",\"contentUrl\":\"https:\/\/restaurantgutschein.omr.com\/wp-content\/uploads\/2025\/04\/hotel-zum-ratsherrn-restaurant-gutschein-luebeck-AejBw_1500x800.jpg\",\"width\":1500,\"height\":800},{\"@type\":\"BreadcrumbList\",\"@id\":\"https:\/\/restaurantgutschein.omr.com\/en\/produkt\/hotel-zum-ratsherrn\/#breadcrumb\",\"itemListElement\":[{\"@type\":\"ListItem\",\"position\":1,\"name\":\"Startseite\",\"item\":\"https:\/\/restaurantgutschein.omr.com\/en\/\"},{\"@type\":\"ListItem\",\"position\":2,\"name\":\"Hotel zum Ratsherrn\"}]},{\"@type\":\"WebSite\",\"@id\":\"https:\/\/restaurantgutschein.omr.com\/en\/#website\",\"url\":\"https:\/\/restaurantgutschein.omr.com\/en\/\",\"name\":\"BON BON x OMR Restaurant-Gutschein\",\"description\":\"\",\"publisher\":{\"@id\":\"https:\/\/restaurantgutschein.omr.com\/en\/#organization\"},\"potentialAction\":[{\"@type\":\"SearchAction\",\"target\":{\"@type\":\"EntryPoint\",\"urlTemplate\":\"https:\/\/restaurantgutschein.omr.com\/en\/?s={search_term_string}\"},\"query-input\":{\"@type\":\"PropertyValueSpecification\",\"valueRequired\":true,\"valueName\":\"search_term_string\"}}],\"inLanguage\":\"en-US\"},{\"@type\":\"Organization\",\"@id\":\"https:\/\/restaurantgutschein.omr.com\/en\/#organization\",\"name\":\"BON BON x OMR Restaurant-Gutschein\",\"url\":\"https:\/\/restaurantgutschein.omr.com\/en\/\",\"logo\":{\"@type\":\"ImageObject\",\"inLanguage\":\"en-US\",\"@id\":\"https:\/\/restaurantgutschein.omr.com\/en\/#\/schema\/logo\/image\/\",\"url\":\"https:\/\/restaurantgutschein.omr.com\/wp-content\/uploads\/2025\/04\/cropped-favi-2.png\",\"contentUrl\":\"https:\/\/restaurantgutschein.omr.com\/wp-content\/uploads\/2025\/04\/cropped-favi-2.png\",\"width\":512,\"height\":512,\"caption\":\"BON BON x OMR Restaurant-Gutschein\"},\"image\":{\"@id\":\"https:\/\/restaurantgutschein.omr.com\/en\/#\/schema\/logo\/image\/\"}}]}<\/script>\n<!-- \/ Yoast SEO plugin. -->","yoast_head_json":{"title":"Hotel zum Ratsherrn Gutschein kaufen | #PayNowEatLater","description":"Restaurant Gutschein f\u00fcr \"Hotel zum Ratsherrn\" online kaufen. Sofortiger Versand als PDF per E-Mail. Ideal auch als Last Minute Geschenk-Gutschein.","robots":{"index":"noindex","follow":"follow"},"og_locale":"en_US","og_type":"article","og_title":"Hotel zum Ratsherrn Gutschein kaufen | #PayNowEatLater","og_description":"Restaurant Gutschein f\u00fcr \"Hotel zum Ratsherrn\" online kaufen. Sofortiger Versand als PDF per E-Mail. Ideal auch als Last Minute Geschenk-Gutschein.","og_url":"https:\/\/restaurantgutschein.omr.com\/en\/produkt\/hotel-zum-ratsherrn\/","og_site_name":"BON BON x OMR Restaurant-Gutschein","article_modified_time":"2026-04-05T18:53:12+00:00","og_image":[{"width":1500,"height":800,"url":"https:\/\/restaurantgutschein.omr.com\/wp-content\/uploads\/2025\/04\/hotel-zum-ratsherrn-restaurant-gutschein-luebeck-AejBw_1500x800.jpg","type":"image\/jpeg"}],"schema":{"@context":"https:\/\/schema.org","@graph":[{"@type":"WebPage","@id":"https:\/\/restaurantgutschein.omr.com\/en\/produkt\/hotel-zum-ratsherrn\/","url":"https:\/\/restaurantgutschein.omr.com\/en\/produkt\/hotel-zum-ratsherrn\/","name":"Hotel zum Ratsherrn Gutschein kaufen | #PayNowEatLater","isPartOf":{"@id":"https:\/\/restaurantgutschein.omr.com\/en\/#website"},"primaryImageOfPage":{"@id":"https:\/\/restaurantgutschein.omr.com\/en\/produkt\/hotel-zum-ratsherrn\/#primaryimage"},"image":{"@id":"https:\/\/restaurantgutschein.omr.com\/en\/produkt\/hotel-zum-ratsherrn\/#primaryimage"},"thumbnailUrl":"https:\/\/restaurantgutschein.omr.com\/wp-content\/uploads\/2025\/04\/hotel-zum-ratsherrn-restaurant-gutschein-luebeck-AejBw_1500x800.jpg","datePublished":"2025-04-15T11:28:20+00:00","dateModified":"2026-04-05T18:53:12+00:00","description":"Restaurant Gutschein f\u00fcr \"Hotel zum Ratsherrn\" online kaufen. Sofortiger Versand als PDF per E-Mail. Ideal auch als Last Minute Geschenk-Gutschein.","breadcrumb":{"@id":"https:\/\/restaurantgutschein.omr.com\/en\/produkt\/hotel-zum-ratsherrn\/#breadcrumb"},"inLanguage":"en-US","potentialAction":[{"@type":"ReadAction","target":["https:\/\/restaurantgutschein.omr.com\/en\/produkt\/hotel-zum-ratsherrn\/"]}]},{"@type":"ImageObject","inLanguage":"en-US","@id":"https:\/\/restaurantgutschein.omr.com\/en\/produkt\/hotel-zum-ratsherrn\/#primaryimage","url":"https:\/\/restaurantgutschein.omr.com\/wp-content\/uploads\/2025\/04\/hotel-zum-ratsherrn-restaurant-gutschein-luebeck-AejBw_1500x800.jpg","contentUrl":"https:\/\/restaurantgutschein.omr.com\/wp-content\/uploads\/2025\/04\/hotel-zum-ratsherrn-restaurant-gutschein-luebeck-AejBw_1500x800.jpg","width":1500,"height":800},{"@type":"BreadcrumbList","@id":"https:\/\/restaurantgutschein.omr.com\/en\/produkt\/hotel-zum-ratsherrn\/#breadcrumb","itemListElement":[{"@type":"ListItem","position":1,"name":"Startseite","item":"https:\/\/restaurantgutschein.omr.com\/en\/"},{"@type":"ListItem","position":2,"name":"Hotel zum Ratsherrn"}]},{"@type":"WebSite","@id":"https:\/\/restaurantgutschein.omr.com\/en\/#website","url":"https:\/\/restaurantgutschein.omr.com\/en\/","name":"BON BON x OMR Restaurant-Gutschein","description":"","publisher":{"@id":"https:\/\/restaurantgutschein.omr.com\/en\/#organization"},"potentialAction":[{"@type":"SearchAction","target":{"@type":"EntryPoint","urlTemplate":"https:\/\/restaurantgutschein.omr.com\/en\/?s={search_term_string}"},"query-input":{"@type":"PropertyValueSpecification","valueRequired":true,"valueName":"search_term_string"}}],"inLanguage":"en-US"},{"@type":"Organization","@id":"https:\/\/restaurantgutschein.omr.com\/en\/#organization","name":"BON BON x OMR Restaurant-Gutschein","url":"https:\/\/restaurantgutschein.omr.com\/en\/","logo":{"@type":"ImageObject","inLanguage":"en-US","@id":"https:\/\/restaurantgutschein.omr.com\/en\/#\/schema\/logo\/image\/","url":"https:\/\/restaurantgutschein.omr.com\/wp-content\/uploads\/2025\/04\/cropped-favi-2.png","contentUrl":"https:\/\/restaurantgutschein.omr.com\/wp-content\/uploads\/2025\/04\/cropped-favi-2.png","width":512,"height":512,"caption":"BON BON x OMR Restaurant-Gutschein"},"image":{"@id":"https:\/\/restaurantgutschein.omr.com\/en\/#\/schema\/logo\/image\/"}}]}},"_links":{"self":[{"href":"https:\/\/restaurantgutschein.omr.com\/en\/wp-json\/wp\/v2\/product\/379028","targetHints":{"allow":["GET"]}}],"collection":[{"href":"https:\/\/restaurantgutschein.omr.com\/en\/wp-json\/wp\/v2\/product"}],"about":[{"href":"https:\/\/restaurantgutschein.omr.com\/en\/wp-json\/wp\/v2\/types\/product"}],"wp:featuredmedia":[{"embeddable":true,"href":"https:\/\/restaurantgutschein.omr.com\/en\/wp-json\/wp\/v2\/media\/379030"}],"wp:attachment":[{"href":"https:\/\/restaurantgutschein.omr.com\/en\/wp-json\/wp\/v2\/media?parent=379028"}],"wp:term":[{"taxonomy":"product_brand","embeddable":true,"href":"https:\/\/restaurantgutschein.omr.com\/en\/wp-json\/wp\/v2\/product_brand?post=379028"},{"taxonomy":"product_cat","embeddable":true,"href":"https:\/\/restaurantgutschein.omr.com\/en\/wp-json\/wp\/v2\/product_cat?post=379028"},{"taxonomy":"product_tag","embeddable":true,"href":"https:\/\/restaurantgutschein.omr.com\/en\/wp-json\/wp\/v2\/product_tag?post=379028"}],"curies":[{"name":"wp","href":"https:\/\/api.w.org\/{rel}","templated":true}]}}