{"id":378427,"date":"2025-04-15T13:21:08","date_gmt":"2025-04-15T11:21:08","guid":{"rendered":"https:\/\/restaurantgutschein.omr.com\/produkt\/cyn-cyn\/"},"modified":"2026-01-23T16:54:35","modified_gmt":"2026-01-23T15:54:35","slug":"cyn-cyn","status":"publish","type":"product","link":"https:\/\/restaurantgutschein.omr.com\/en\/produkt\/cyn-cyn\/","title":{"rendered":"CYN CYN"},"content":{"rendered":"<p>CYN CYN Cyn Cyn \u2013 Handpulled Noodles <\/p>\n<p><span class=\"s1\">Bei Cyn Cyn servieren wir moderne Biang Biang Noodles mit kr\u00e4ftigen Aromen und handgezogener Textur. Frisch zubereitet, zeitgem\u00e4\u00df interpretiert und immer mit veganen Optionen. Erg\u00e4nzt wird das Men\u00fc durch hausgemachte Dumplings und wechselnde Specials. An zwei Standorten in Hamburg, Eimsb\u00fcttel und im Karolinenviertel, steht Cyn Cyn f\u00fcr ehrliche K\u00fcche, handwerkliche Qualit\u00e4t und Lust auf Neues.<\/span><\/p>\n<p>    CYN CYN GbR<br \/>\nEppendorfer Weg 62, 20259 Hamburg, Germany {&#8220;entries&#8221;:[{&#8220;name&#8221;:&#8221;CYN CYN Eimsb\u00fcttel&#8221;,&#8221;strasse&#8221;:&#8221;Eppendorfer Weg 62&#8243;,&#8221;plz&#8221;:&#8221;20259&#8243;,&#8221;stadt&#8221;:&#8221;Hamburg&#8221;,&#8221;position&#8221;:{&#8220;lat&#8221;:53.57263569999999930359990685246884822845458984375,&#8221;lng&#8221;:9.9600740000000005380798029364086687564849853515625},&#8221;imgPath&#8221;:&#8221;https:\/\/restaurantgutschein.omr.com\/wp-content\/uploads\/2025\/04\/cyn-cyn-restaurant-gutschein-hamburg-KCWEG-450&#215;300.jpe&#8221;,&#8221;link&#8221;:&#8221;https:\/\/restaurantgutschein.omr.com\/produkt\/cyn-cyn\/&#8221;,&#8221;shortInfo&#8221;:&#8221;Cyn Cyn \u2013 Handpulled Noodles&#8221;},{&#8220;name&#8221;:&#8221;CYN CYN Karoviertel&#8221;,&#8221;strasse&#8221;:&#8221;Karolinenstra\u00dfe 32&#8243;,&#8221;plz&#8221;:&#8221;20357&#8243;,&#8221;stadt&#8221;:&#8221;Hamburg&#8221;,&#8221;position&#8221;:{&#8220;lat&#8221;:53.559945499999997764462023042142391204833984375,&#8221;lng&#8221;:9.975106000000000250338416662998497486114501953125},&#8221;imgPath&#8221;:&#8221;https:\/\/restaurantgutschein.omr.com\/wp-content\/uploads\/2025\/04\/cyn-cyn-restaurant-gutschein-hamburg-KCWEG-450&#215;300.jpe&#8221;,&#8221;link&#8221;:&#8221;https:\/\/restaurantgutschein.omr.com\/produkt\/cyn-cyn\/&#8221;,&#8221;shortInfo&#8221;:&#8221;Cyn Cyn \u2013 Handpulled Noodles&#8221;}]} Asiatisch Vegan &amp; Vegetarisch Restaurant<\/p>\n","protected":false},"excerpt":{"rendered":"<p>CYN CYN Cyn Cyn \u2013 Handpulled Noodles Bei Cyn Cyn servieren wir moderne Biang Biang Noodles mit kr\u00e4ftigen Aromen und handgezogener Textur. Frisch zubereitet, zeitgem\u00e4\u00df interpretiert und immer mit veganen Optionen. Erg\u00e4nzt wird das Men\u00fc durch hausgemachte Dumplings und wechselnde Specials. An zwei Standorten in Hamburg, Eimsb\u00fcttel und im Karolinenviertel, steht Cyn Cyn f\u00fcr ehrliche [&hellip;]<\/p>\n","protected":false},"featured_media":437360,"template":"","meta":{"_acf_changed":false},"product_brand":[],"product_cat":[454],"product_tag":[],"class_list":{"0":"post-378427","1":"product","2":"type-product","3":"status-publish","4":"has-post-thumbnail","6":"product_cat-hamburg","7":"cuisine-asiatisch","8":"cuisine-vegan-vegetarisch","9":"art-der-location-restaurant","11":"first","12":"instock","13":"shipping-taxable","14":"purchasable","15":"product-type-simple"},"acf":[],"yoast_head":"<!-- This site is optimized with the Yoast SEO plugin v26.9 - https:\/\/yoast.com\/product\/yoast-seo-wordpress\/ -->\n<title>CYN CYN Gutschein kaufen | #PayNowEatLater<\/title>\n<meta name=\"description\" content=\"Restaurant Gutschein f\u00fcr &quot;CYN CYN&quot; online kaufen. Sofortiger Versand als PDF per E-Mail. Ideal auch als Last Minute Geschenk-Gutschein.\" \/>\n<meta name=\"robots\" content=\"noindex, follow\" \/>\n<meta property=\"og:locale\" content=\"en_US\" \/>\n<meta property=\"og:type\" content=\"article\" \/>\n<meta property=\"og:title\" content=\"CYN CYN Gutschein kaufen | #PayNowEatLater\" \/>\n<meta property=\"og:description\" content=\"Restaurant Gutschein f\u00fcr &quot;CYN CYN&quot; online kaufen. Sofortiger Versand als PDF per E-Mail. Ideal auch als Last Minute Geschenk-Gutschein.\" \/>\n<meta property=\"og:url\" content=\"https:\/\/restaurantgutschein.omr.com\/en\/produkt\/cyn-cyn\/\" \/>\n<meta property=\"og:site_name\" content=\"BON BON x OMR Restaurant-Gutschein\" \/>\n<meta property=\"article:modified_time\" content=\"2026-01-23T15:54:35+00:00\" \/>\n<meta property=\"og:image\" content=\"https:\/\/restaurantgutschein.omr.com\/wp-content\/uploads\/2025\/04\/cyn-cyn-restaurant-gutschein-hamburg-KCWEG.jpe\" \/>\n\t<meta property=\"og:image:width\" content=\"2048\" \/>\n\t<meta property=\"og:image:height\" content=\"2048\" \/>\n\t<meta property=\"og:image:type\" content=\"image\/jpeg\" \/>\n<meta name=\"twitter:label1\" content=\"Est. reading time\" \/>\n\t<meta name=\"twitter:data1\" content=\"1 minute\" \/>\n<script type=\"application\/ld+json\" class=\"yoast-schema-graph\">{\"@context\":\"https:\/\/schema.org\",\"@graph\":[{\"@type\":\"WebPage\",\"@id\":\"https:\/\/restaurantgutschein.omr.com\/en\/produkt\/cyn-cyn\/\",\"url\":\"https:\/\/restaurantgutschein.omr.com\/en\/produkt\/cyn-cyn\/\",\"name\":\"CYN CYN Gutschein kaufen | #PayNowEatLater\",\"isPartOf\":{\"@id\":\"https:\/\/restaurantgutschein.omr.com\/en\/#website\"},\"primaryImageOfPage\":{\"@id\":\"https:\/\/restaurantgutschein.omr.com\/en\/produkt\/cyn-cyn\/#primaryimage\"},\"image\":{\"@id\":\"https:\/\/restaurantgutschein.omr.com\/en\/produkt\/cyn-cyn\/#primaryimage\"},\"thumbnailUrl\":\"https:\/\/restaurantgutschein.omr.com\/wp-content\/uploads\/2025\/04\/cyn-cyn-restaurant-gutschein-hamburg-KCWEG.jpe\",\"datePublished\":\"2025-04-15T11:21:08+00:00\",\"dateModified\":\"2026-01-23T15:54:35+00:00\",\"description\":\"Restaurant Gutschein f\u00fcr \\\"CYN CYN\\\" online kaufen. Sofortiger Versand als PDF per E-Mail. Ideal auch als Last Minute Geschenk-Gutschein.\",\"breadcrumb\":{\"@id\":\"https:\/\/restaurantgutschein.omr.com\/en\/produkt\/cyn-cyn\/#breadcrumb\"},\"inLanguage\":\"en-US\",\"potentialAction\":[{\"@type\":\"ReadAction\",\"target\":[\"https:\/\/restaurantgutschein.omr.com\/en\/produkt\/cyn-cyn\/\"]}]},{\"@type\":\"ImageObject\",\"inLanguage\":\"en-US\",\"@id\":\"https:\/\/restaurantgutschein.omr.com\/en\/produkt\/cyn-cyn\/#primaryimage\",\"url\":\"https:\/\/restaurantgutschein.omr.com\/wp-content\/uploads\/2025\/04\/cyn-cyn-restaurant-gutschein-hamburg-KCWEG.jpe\",\"contentUrl\":\"https:\/\/restaurantgutschein.omr.com\/wp-content\/uploads\/2025\/04\/cyn-cyn-restaurant-gutschein-hamburg-KCWEG.jpe\",\"width\":2048,\"height\":2048},{\"@type\":\"BreadcrumbList\",\"@id\":\"https:\/\/restaurantgutschein.omr.com\/en\/produkt\/cyn-cyn\/#breadcrumb\",\"itemListElement\":[{\"@type\":\"ListItem\",\"position\":1,\"name\":\"Startseite\",\"item\":\"https:\/\/restaurantgutschein.omr.com\/en\/\"},{\"@type\":\"ListItem\",\"position\":2,\"name\":\"CYN CYN\"}]},{\"@type\":\"WebSite\",\"@id\":\"https:\/\/restaurantgutschein.omr.com\/en\/#website\",\"url\":\"https:\/\/restaurantgutschein.omr.com\/en\/\",\"name\":\"BON BON x OMR Restaurant-Gutschein\",\"description\":\"\",\"publisher\":{\"@id\":\"https:\/\/restaurantgutschein.omr.com\/en\/#organization\"},\"potentialAction\":[{\"@type\":\"SearchAction\",\"target\":{\"@type\":\"EntryPoint\",\"urlTemplate\":\"https:\/\/restaurantgutschein.omr.com\/en\/?s={search_term_string}\"},\"query-input\":{\"@type\":\"PropertyValueSpecification\",\"valueRequired\":true,\"valueName\":\"search_term_string\"}}],\"inLanguage\":\"en-US\"},{\"@type\":\"Organization\",\"@id\":\"https:\/\/restaurantgutschein.omr.com\/en\/#organization\",\"name\":\"BON BON x OMR Restaurant-Gutschein\",\"url\":\"https:\/\/restaurantgutschein.omr.com\/en\/\",\"logo\":{\"@type\":\"ImageObject\",\"inLanguage\":\"en-US\",\"@id\":\"https:\/\/restaurantgutschein.omr.com\/en\/#\/schema\/logo\/image\/\",\"url\":\"https:\/\/restaurantgutschein.omr.com\/wp-content\/uploads\/2025\/04\/cropped-favi-2.png\",\"contentUrl\":\"https:\/\/restaurantgutschein.omr.com\/wp-content\/uploads\/2025\/04\/cropped-favi-2.png\",\"width\":512,\"height\":512,\"caption\":\"BON BON x OMR Restaurant-Gutschein\"},\"image\":{\"@id\":\"https:\/\/restaurantgutschein.omr.com\/en\/#\/schema\/logo\/image\/\"}}]}<\/script>\n<!-- \/ Yoast SEO plugin. -->","yoast_head_json":{"title":"CYN CYN Gutschein kaufen | #PayNowEatLater","description":"Restaurant Gutschein f\u00fcr \"CYN CYN\" online kaufen. Sofortiger Versand als PDF per E-Mail. Ideal auch als Last Minute Geschenk-Gutschein.","robots":{"index":"noindex","follow":"follow"},"og_locale":"en_US","og_type":"article","og_title":"CYN CYN Gutschein kaufen | #PayNowEatLater","og_description":"Restaurant Gutschein f\u00fcr \"CYN CYN\" online kaufen. Sofortiger Versand als PDF per E-Mail. Ideal auch als Last Minute Geschenk-Gutschein.","og_url":"https:\/\/restaurantgutschein.omr.com\/en\/produkt\/cyn-cyn\/","og_site_name":"BON BON x OMR Restaurant-Gutschein","article_modified_time":"2026-01-23T15:54:35+00:00","og_image":[{"width":2048,"height":2048,"url":"https:\/\/restaurantgutschein.omr.com\/wp-content\/uploads\/2025\/04\/cyn-cyn-restaurant-gutschein-hamburg-KCWEG.jpe","type":"image\/jpeg"}],"twitter_misc":{"Est. reading time":"1 minute"},"schema":{"@context":"https:\/\/schema.org","@graph":[{"@type":"WebPage","@id":"https:\/\/restaurantgutschein.omr.com\/en\/produkt\/cyn-cyn\/","url":"https:\/\/restaurantgutschein.omr.com\/en\/produkt\/cyn-cyn\/","name":"CYN CYN Gutschein kaufen | #PayNowEatLater","isPartOf":{"@id":"https:\/\/restaurantgutschein.omr.com\/en\/#website"},"primaryImageOfPage":{"@id":"https:\/\/restaurantgutschein.omr.com\/en\/produkt\/cyn-cyn\/#primaryimage"},"image":{"@id":"https:\/\/restaurantgutschein.omr.com\/en\/produkt\/cyn-cyn\/#primaryimage"},"thumbnailUrl":"https:\/\/restaurantgutschein.omr.com\/wp-content\/uploads\/2025\/04\/cyn-cyn-restaurant-gutschein-hamburg-KCWEG.jpe","datePublished":"2025-04-15T11:21:08+00:00","dateModified":"2026-01-23T15:54:35+00:00","description":"Restaurant Gutschein f\u00fcr \"CYN CYN\" online kaufen. Sofortiger Versand als PDF per E-Mail. Ideal auch als Last Minute Geschenk-Gutschein.","breadcrumb":{"@id":"https:\/\/restaurantgutschein.omr.com\/en\/produkt\/cyn-cyn\/#breadcrumb"},"inLanguage":"en-US","potentialAction":[{"@type":"ReadAction","target":["https:\/\/restaurantgutschein.omr.com\/en\/produkt\/cyn-cyn\/"]}]},{"@type":"ImageObject","inLanguage":"en-US","@id":"https:\/\/restaurantgutschein.omr.com\/en\/produkt\/cyn-cyn\/#primaryimage","url":"https:\/\/restaurantgutschein.omr.com\/wp-content\/uploads\/2025\/04\/cyn-cyn-restaurant-gutschein-hamburg-KCWEG.jpe","contentUrl":"https:\/\/restaurantgutschein.omr.com\/wp-content\/uploads\/2025\/04\/cyn-cyn-restaurant-gutschein-hamburg-KCWEG.jpe","width":2048,"height":2048},{"@type":"BreadcrumbList","@id":"https:\/\/restaurantgutschein.omr.com\/en\/produkt\/cyn-cyn\/#breadcrumb","itemListElement":[{"@type":"ListItem","position":1,"name":"Startseite","item":"https:\/\/restaurantgutschein.omr.com\/en\/"},{"@type":"ListItem","position":2,"name":"CYN CYN"}]},{"@type":"WebSite","@id":"https:\/\/restaurantgutschein.omr.com\/en\/#website","url":"https:\/\/restaurantgutschein.omr.com\/en\/","name":"BON BON x OMR Restaurant-Gutschein","description":"","publisher":{"@id":"https:\/\/restaurantgutschein.omr.com\/en\/#organization"},"potentialAction":[{"@type":"SearchAction","target":{"@type":"EntryPoint","urlTemplate":"https:\/\/restaurantgutschein.omr.com\/en\/?s={search_term_string}"},"query-input":{"@type":"PropertyValueSpecification","valueRequired":true,"valueName":"search_term_string"}}],"inLanguage":"en-US"},{"@type":"Organization","@id":"https:\/\/restaurantgutschein.omr.com\/en\/#organization","name":"BON BON x OMR Restaurant-Gutschein","url":"https:\/\/restaurantgutschein.omr.com\/en\/","logo":{"@type":"ImageObject","inLanguage":"en-US","@id":"https:\/\/restaurantgutschein.omr.com\/en\/#\/schema\/logo\/image\/","url":"https:\/\/restaurantgutschein.omr.com\/wp-content\/uploads\/2025\/04\/cropped-favi-2.png","contentUrl":"https:\/\/restaurantgutschein.omr.com\/wp-content\/uploads\/2025\/04\/cropped-favi-2.png","width":512,"height":512,"caption":"BON BON x OMR Restaurant-Gutschein"},"image":{"@id":"https:\/\/restaurantgutschein.omr.com\/en\/#\/schema\/logo\/image\/"}}]}},"_links":{"self":[{"href":"https:\/\/restaurantgutschein.omr.com\/en\/wp-json\/wp\/v2\/product\/378427","targetHints":{"allow":["GET"]}}],"collection":[{"href":"https:\/\/restaurantgutschein.omr.com\/en\/wp-json\/wp\/v2\/product"}],"about":[{"href":"https:\/\/restaurantgutschein.omr.com\/en\/wp-json\/wp\/v2\/types\/product"}],"wp:featuredmedia":[{"embeddable":true,"href":"https:\/\/restaurantgutschein.omr.com\/en\/wp-json\/wp\/v2\/media\/437360"}],"wp:attachment":[{"href":"https:\/\/restaurantgutschein.omr.com\/en\/wp-json\/wp\/v2\/media?parent=378427"}],"wp:term":[{"taxonomy":"product_brand","embeddable":true,"href":"https:\/\/restaurantgutschein.omr.com\/en\/wp-json\/wp\/v2\/product_brand?post=378427"},{"taxonomy":"product_cat","embeddable":true,"href":"https:\/\/restaurantgutschein.omr.com\/en\/wp-json\/wp\/v2\/product_cat?post=378427"},{"taxonomy":"product_tag","embeddable":true,"href":"https:\/\/restaurantgutschein.omr.com\/en\/wp-json\/wp\/v2\/product_tag?post=378427"}],"curies":[{"name":"wp","href":"https:\/\/api.w.org\/{rel}","templated":true}]}}