{"id":377991,"date":"2025-04-15T13:15:12","date_gmt":"2025-04-15T11:15:12","guid":{"rendered":"https:\/\/restaurantgutschein.omr.com\/produkt\/fruehstueck-3000\/"},"modified":"2026-04-12T15:27:25","modified_gmt":"2026-04-12T13:27:25","slug":"fruehstueck-3000","status":"publish","type":"product","link":"https:\/\/restaurantgutschein.omr.com\/en\/produkt\/fruehstueck-3000\/","title":{"rendered":"Fr\u00fchst\u00fcck 3000"},"content":{"rendered":"<p>Fr\u00fchst\u00fcck 3000 Bester Brunch in Berlin <\/p>\n<p>Bei Fr\u00fchst\u00fcck 3000 f\u00e4ngt jeder Tag gut an. Und zwar die ganze Woche lang, von fr\u00fch bis sp\u00e4tnachmittags. Geboten wird eine Mischung aus modern interpretierten Fr\u00fchst\u00fccks-Klassikern und saisonalen Specials \u2013 frisch, hausgemacht, zum Niederknien gut. Ein veganes Bircher-Muesli, French Toast mit einer Sanddorn-Orangen-Sauce,  dazu internationale Spezialit\u00e4ten wie , Erbsenkrapfen mit Minzjoghurt oder ein asiatisches Rindertatar. Von Croissant \u00fcber Kaviar ist hier f\u00fcr jeden Geschmack etwas dabei.<\/p>\n<p> B\u00fclowstra\u00dfe 101 10783 Berlin Fr\u00fchst\u00fcck 3000<br \/>\n  Caf\u00e9 &amp; B\u00e4ckerei Fr\u00fchst\u00fcck International Sweets &amp; Dessert Vegan &amp; Vegetarisch Caf\u00e9 Restaurant<\/p>\n","protected":false},"excerpt":{"rendered":"<p>Fr\u00fchst\u00fcck 3000 Bester Brunch in Berlin Bei Fr\u00fchst\u00fcck 3000 f\u00e4ngt jeder Tag gut an. Und zwar die ganze Woche lang, von fr\u00fch bis sp\u00e4tnachmittags. Geboten wird eine Mischung aus modern interpretierten Fr\u00fchst\u00fccks-Klassikern und saisonalen Specials \u2013 frisch, hausgemacht, zum Niederknien gut. Ein veganes Bircher-Muesli, French Toast mit einer Sanddorn-Orangen-Sauce, dazu internationale Spezialit\u00e4ten wie , Erbsenkrapfen [&hellip;]<\/p>\n","protected":false},"featured_media":377994,"template":"","meta":{"_acf_changed":false},"product_brand":[],"product_cat":[486],"product_tag":[],"class_list":{"0":"post-377991","1":"product","2":"type-product","3":"status-publish","4":"has-post-thumbnail","6":"product_cat-berlin","7":"cuisine-cafe-baeckerei","8":"cuisine-fruehstueck","9":"cuisine-international","10":"cuisine-sweets-dessert","11":"cuisine-vegan-vegetarisch","12":"art-der-location-cafe","13":"art-der-location-restaurant","15":"first","16":"instock","17":"shipping-taxable","18":"purchasable","19":"product-type-variable"},"acf":[],"yoast_head":"<!-- This site is optimized with the Yoast SEO plugin v26.9 - https:\/\/yoast.com\/product\/yoast-seo-wordpress\/ -->\n<title>Fr\u00fchst\u00fcck 3000 Gutschein kaufen | #PayNowEatLater<\/title>\n<meta name=\"description\" content=\"Restaurant Gutschein f\u00fcr &quot;Fr\u00fchst\u00fcck 3000&quot; online kaufen. Sofortiger Versand als PDF per E-Mail. Ideal auch als Last Minute Geschenk-Gutschein.\" \/>\n<meta name=\"robots\" content=\"noindex, follow\" \/>\n<meta property=\"og:locale\" content=\"en_US\" \/>\n<meta property=\"og:type\" content=\"article\" \/>\n<meta property=\"og:title\" content=\"Fr\u00fchst\u00fcck 3000 Gutschein kaufen | #PayNowEatLater\" \/>\n<meta property=\"og:description\" content=\"Restaurant Gutschein f\u00fcr &quot;Fr\u00fchst\u00fcck 3000&quot; online kaufen. Sofortiger Versand als PDF per E-Mail. Ideal auch als Last Minute Geschenk-Gutschein.\" \/>\n<meta property=\"og:url\" content=\"https:\/\/restaurantgutschein.omr.com\/en\/produkt\/fruehstueck-3000\/\" \/>\n<meta property=\"og:site_name\" content=\"BON BON x OMR Restaurant-Gutschein\" \/>\n<meta property=\"article:modified_time\" content=\"2026-04-12T13:27:25+00:00\" \/>\n<meta property=\"og:image\" content=\"https:\/\/restaurantgutschein.omr.com\/wp-content\/uploads\/2025\/04\/berlin-3-000-restaurant-gutschein-berlin-_AVmn.jpg\" \/>\n\t<meta property=\"og:image:width\" content=\"1500\" \/>\n\t<meta property=\"og:image:height\" content=\"800\" \/>\n\t<meta property=\"og:image:type\" content=\"image\/jpeg\" \/>\n<meta name=\"twitter:label1\" content=\"Est. reading time\" \/>\n\t<meta name=\"twitter:data1\" content=\"1 minute\" \/>\n<script type=\"application\/ld+json\" class=\"yoast-schema-graph\">{\"@context\":\"https:\/\/schema.org\",\"@graph\":[{\"@type\":\"WebPage\",\"@id\":\"https:\/\/restaurantgutschein.omr.com\/en\/produkt\/fruehstueck-3000\/\",\"url\":\"https:\/\/restaurantgutschein.omr.com\/en\/produkt\/fruehstueck-3000\/\",\"name\":\"Fr\u00fchst\u00fcck 3000 Gutschein kaufen | #PayNowEatLater\",\"isPartOf\":{\"@id\":\"https:\/\/restaurantgutschein.omr.com\/en\/#website\"},\"primaryImageOfPage\":{\"@id\":\"https:\/\/restaurantgutschein.omr.com\/en\/produkt\/fruehstueck-3000\/#primaryimage\"},\"image\":{\"@id\":\"https:\/\/restaurantgutschein.omr.com\/en\/produkt\/fruehstueck-3000\/#primaryimage\"},\"thumbnailUrl\":\"https:\/\/restaurantgutschein.omr.com\/wp-content\/uploads\/2025\/04\/berlin-3-000-restaurant-gutschein-berlin-_AVmn.jpg\",\"datePublished\":\"2025-04-15T11:15:12+00:00\",\"dateModified\":\"2026-04-12T13:27:25+00:00\",\"description\":\"Restaurant Gutschein f\u00fcr \\\"Fr\u00fchst\u00fcck 3000\\\" online kaufen. Sofortiger Versand als PDF per E-Mail. Ideal auch als Last Minute Geschenk-Gutschein.\",\"breadcrumb\":{\"@id\":\"https:\/\/restaurantgutschein.omr.com\/en\/produkt\/fruehstueck-3000\/#breadcrumb\"},\"inLanguage\":\"en-US\",\"potentialAction\":[{\"@type\":\"ReadAction\",\"target\":[\"https:\/\/restaurantgutschein.omr.com\/en\/produkt\/fruehstueck-3000\/\"]}]},{\"@type\":\"ImageObject\",\"inLanguage\":\"en-US\",\"@id\":\"https:\/\/restaurantgutschein.omr.com\/en\/produkt\/fruehstueck-3000\/#primaryimage\",\"url\":\"https:\/\/restaurantgutschein.omr.com\/wp-content\/uploads\/2025\/04\/berlin-3-000-restaurant-gutschein-berlin-_AVmn.jpg\",\"contentUrl\":\"https:\/\/restaurantgutschein.omr.com\/wp-content\/uploads\/2025\/04\/berlin-3-000-restaurant-gutschein-berlin-_AVmn.jpg\",\"width\":1500,\"height\":800},{\"@type\":\"BreadcrumbList\",\"@id\":\"https:\/\/restaurantgutschein.omr.com\/en\/produkt\/fruehstueck-3000\/#breadcrumb\",\"itemListElement\":[{\"@type\":\"ListItem\",\"position\":1,\"name\":\"Startseite\",\"item\":\"https:\/\/restaurantgutschein.omr.com\/en\/\"},{\"@type\":\"ListItem\",\"position\":2,\"name\":\"Fr\u00fchst\u00fcck 3000\"}]},{\"@type\":\"WebSite\",\"@id\":\"https:\/\/restaurantgutschein.omr.com\/en\/#website\",\"url\":\"https:\/\/restaurantgutschein.omr.com\/en\/\",\"name\":\"BON BON x OMR Restaurant-Gutschein\",\"description\":\"\",\"publisher\":{\"@id\":\"https:\/\/restaurantgutschein.omr.com\/en\/#organization\"},\"potentialAction\":[{\"@type\":\"SearchAction\",\"target\":{\"@type\":\"EntryPoint\",\"urlTemplate\":\"https:\/\/restaurantgutschein.omr.com\/en\/?s={search_term_string}\"},\"query-input\":{\"@type\":\"PropertyValueSpecification\",\"valueRequired\":true,\"valueName\":\"search_term_string\"}}],\"inLanguage\":\"en-US\"},{\"@type\":\"Organization\",\"@id\":\"https:\/\/restaurantgutschein.omr.com\/en\/#organization\",\"name\":\"BON BON x OMR Restaurant-Gutschein\",\"url\":\"https:\/\/restaurantgutschein.omr.com\/en\/\",\"logo\":{\"@type\":\"ImageObject\",\"inLanguage\":\"en-US\",\"@id\":\"https:\/\/restaurantgutschein.omr.com\/en\/#\/schema\/logo\/image\/\",\"url\":\"https:\/\/restaurantgutschein.omr.com\/wp-content\/uploads\/2025\/04\/cropped-favi-2.png\",\"contentUrl\":\"https:\/\/restaurantgutschein.omr.com\/wp-content\/uploads\/2025\/04\/cropped-favi-2.png\",\"width\":512,\"height\":512,\"caption\":\"BON BON x OMR Restaurant-Gutschein\"},\"image\":{\"@id\":\"https:\/\/restaurantgutschein.omr.com\/en\/#\/schema\/logo\/image\/\"}}]}<\/script>\n<!-- \/ Yoast SEO plugin. -->","yoast_head_json":{"title":"Fr\u00fchst\u00fcck 3000 Gutschein kaufen | #PayNowEatLater","description":"Restaurant Gutschein f\u00fcr \"Fr\u00fchst\u00fcck 3000\" online kaufen. Sofortiger Versand als PDF per E-Mail. Ideal auch als Last Minute Geschenk-Gutschein.","robots":{"index":"noindex","follow":"follow"},"og_locale":"en_US","og_type":"article","og_title":"Fr\u00fchst\u00fcck 3000 Gutschein kaufen | #PayNowEatLater","og_description":"Restaurant Gutschein f\u00fcr \"Fr\u00fchst\u00fcck 3000\" online kaufen. Sofortiger Versand als PDF per E-Mail. Ideal auch als Last Minute Geschenk-Gutschein.","og_url":"https:\/\/restaurantgutschein.omr.com\/en\/produkt\/fruehstueck-3000\/","og_site_name":"BON BON x OMR Restaurant-Gutschein","article_modified_time":"2026-04-12T13:27:25+00:00","og_image":[{"width":1500,"height":800,"url":"https:\/\/restaurantgutschein.omr.com\/wp-content\/uploads\/2025\/04\/berlin-3-000-restaurant-gutschein-berlin-_AVmn.jpg","type":"image\/jpeg"}],"twitter_misc":{"Est. reading time":"1 minute"},"schema":{"@context":"https:\/\/schema.org","@graph":[{"@type":"WebPage","@id":"https:\/\/restaurantgutschein.omr.com\/en\/produkt\/fruehstueck-3000\/","url":"https:\/\/restaurantgutschein.omr.com\/en\/produkt\/fruehstueck-3000\/","name":"Fr\u00fchst\u00fcck 3000 Gutschein kaufen | #PayNowEatLater","isPartOf":{"@id":"https:\/\/restaurantgutschein.omr.com\/en\/#website"},"primaryImageOfPage":{"@id":"https:\/\/restaurantgutschein.omr.com\/en\/produkt\/fruehstueck-3000\/#primaryimage"},"image":{"@id":"https:\/\/restaurantgutschein.omr.com\/en\/produkt\/fruehstueck-3000\/#primaryimage"},"thumbnailUrl":"https:\/\/restaurantgutschein.omr.com\/wp-content\/uploads\/2025\/04\/berlin-3-000-restaurant-gutschein-berlin-_AVmn.jpg","datePublished":"2025-04-15T11:15:12+00:00","dateModified":"2026-04-12T13:27:25+00:00","description":"Restaurant Gutschein f\u00fcr \"Fr\u00fchst\u00fcck 3000\" online kaufen. Sofortiger Versand als PDF per E-Mail. Ideal auch als Last Minute Geschenk-Gutschein.","breadcrumb":{"@id":"https:\/\/restaurantgutschein.omr.com\/en\/produkt\/fruehstueck-3000\/#breadcrumb"},"inLanguage":"en-US","potentialAction":[{"@type":"ReadAction","target":["https:\/\/restaurantgutschein.omr.com\/en\/produkt\/fruehstueck-3000\/"]}]},{"@type":"ImageObject","inLanguage":"en-US","@id":"https:\/\/restaurantgutschein.omr.com\/en\/produkt\/fruehstueck-3000\/#primaryimage","url":"https:\/\/restaurantgutschein.omr.com\/wp-content\/uploads\/2025\/04\/berlin-3-000-restaurant-gutschein-berlin-_AVmn.jpg","contentUrl":"https:\/\/restaurantgutschein.omr.com\/wp-content\/uploads\/2025\/04\/berlin-3-000-restaurant-gutschein-berlin-_AVmn.jpg","width":1500,"height":800},{"@type":"BreadcrumbList","@id":"https:\/\/restaurantgutschein.omr.com\/en\/produkt\/fruehstueck-3000\/#breadcrumb","itemListElement":[{"@type":"ListItem","position":1,"name":"Startseite","item":"https:\/\/restaurantgutschein.omr.com\/en\/"},{"@type":"ListItem","position":2,"name":"Fr\u00fchst\u00fcck 3000"}]},{"@type":"WebSite","@id":"https:\/\/restaurantgutschein.omr.com\/en\/#website","url":"https:\/\/restaurantgutschein.omr.com\/en\/","name":"BON BON x OMR Restaurant-Gutschein","description":"","publisher":{"@id":"https:\/\/restaurantgutschein.omr.com\/en\/#organization"},"potentialAction":[{"@type":"SearchAction","target":{"@type":"EntryPoint","urlTemplate":"https:\/\/restaurantgutschein.omr.com\/en\/?s={search_term_string}"},"query-input":{"@type":"PropertyValueSpecification","valueRequired":true,"valueName":"search_term_string"}}],"inLanguage":"en-US"},{"@type":"Organization","@id":"https:\/\/restaurantgutschein.omr.com\/en\/#organization","name":"BON BON x OMR Restaurant-Gutschein","url":"https:\/\/restaurantgutschein.omr.com\/en\/","logo":{"@type":"ImageObject","inLanguage":"en-US","@id":"https:\/\/restaurantgutschein.omr.com\/en\/#\/schema\/logo\/image\/","url":"https:\/\/restaurantgutschein.omr.com\/wp-content\/uploads\/2025\/04\/cropped-favi-2.png","contentUrl":"https:\/\/restaurantgutschein.omr.com\/wp-content\/uploads\/2025\/04\/cropped-favi-2.png","width":512,"height":512,"caption":"BON BON x OMR Restaurant-Gutschein"},"image":{"@id":"https:\/\/restaurantgutschein.omr.com\/en\/#\/schema\/logo\/image\/"}}]}},"_links":{"self":[{"href":"https:\/\/restaurantgutschein.omr.com\/en\/wp-json\/wp\/v2\/product\/377991","targetHints":{"allow":["GET"]}}],"collection":[{"href":"https:\/\/restaurantgutschein.omr.com\/en\/wp-json\/wp\/v2\/product"}],"about":[{"href":"https:\/\/restaurantgutschein.omr.com\/en\/wp-json\/wp\/v2\/types\/product"}],"wp:featuredmedia":[{"embeddable":true,"href":"https:\/\/restaurantgutschein.omr.com\/en\/wp-json\/wp\/v2\/media\/377994"}],"wp:attachment":[{"href":"https:\/\/restaurantgutschein.omr.com\/en\/wp-json\/wp\/v2\/media?parent=377991"}],"wp:term":[{"taxonomy":"product_brand","embeddable":true,"href":"https:\/\/restaurantgutschein.omr.com\/en\/wp-json\/wp\/v2\/product_brand?post=377991"},{"taxonomy":"product_cat","embeddable":true,"href":"https:\/\/restaurantgutschein.omr.com\/en\/wp-json\/wp\/v2\/product_cat?post=377991"},{"taxonomy":"product_tag","embeddable":true,"href":"https:\/\/restaurantgutschein.omr.com\/en\/wp-json\/wp\/v2\/product_tag?post=377991"}],"curies":[{"name":"wp","href":"https:\/\/api.w.org\/{rel}","templated":true}]}}