{"id":377397,"date":"2025-04-15T13:08:34","date_gmt":"2025-04-15T11:08:34","guid":{"rendered":"https:\/\/restaurantgutschein.omr.com\/produkt\/restaurant-lippeschloesschen\/"},"modified":"2026-03-24T13:50:48","modified_gmt":"2026-03-24T12:50:48","slug":"restaurant-lippeschloesschen","status":"usedtosell","type":"product","link":"https:\/\/restaurantgutschein.omr.com\/en\/produkt\/restaurant-lippeschloesschen\/","title":{"rendered":"Restaurant Lippeschl\u00f6\u00dfchen"},"content":{"rendered":"<p>Restaurant Lippeschl\u00f6\u00dfchen Traditionsgastronomie am Niederrhein Schon zu Napoleons Zeiten ist das Lippeschl\u00f6\u00dfchen gastronomisch genutzt worden. Es war das Offizierscasino der Besatzung des Forts Bl\u00fccher.<br \/>\nAls Tanzlokal hatte es in den 60ger und 70ger Jahren einen Ruf weit \u00fcber die Grenzen von Nordrhein-Westfalen erhalten. Nach wechselnden Betreibern Anfang der 80iger Jahre haben am 16.04.1986\u00a0 Jutta und Ullrich Langhoff die Geschicke des Hauses \u00fcbernommen.<br \/>\nSaisonales, Regionales Speisenangebot im Jahreszeitlichen Wechsel.<br \/>\nVeranstaltungsr\u00e4ume von 20-90 Personen.<br \/>\nTagungen, Familienfeiern, Event-Veranstaltungen.<br \/>\n Willy-Brandt-Stra\u00dfe 2 46485 Wesel Restaurant Lippeschl\u00f6\u00dfchen<br \/>\nWilly-Brandt-Stra\u00dfe 2, 46485 Wesel, Germany  Deutsch &amp; Regional Restaurant<\/p>\n","protected":false},"excerpt":{"rendered":"<p>Restaurant Lippeschl\u00f6\u00dfchen Traditionsgastronomie am Niederrhein Schon zu Napoleons Zeiten ist das Lippeschl\u00f6\u00dfchen gastronomisch genutzt worden. Es war das Offizierscasino der Besatzung des Forts Bl\u00fccher. Als Tanzlokal hatte es in den 60ger und 70ger Jahren einen Ruf weit \u00fcber die Grenzen von Nordrhein-Westfalen erhalten. Nach wechselnden Betreibern Anfang der 80iger Jahre haben am 16.04.1986\u00a0 Jutta und [&hellip;]<\/p>\n","protected":false},"featured_media":377398,"template":"","meta":{"_acf_changed":false},"product_brand":[],"product_cat":[658],"product_tag":[],"class_list":{"0":"post-377397","1":"product","2":"type-product","3":"status-usedtosell","4":"has-post-thumbnail","6":"product_cat-wesel","7":"cuisine-deutsch-regional","8":"art-der-location-restaurant","10":"first","11":"instock","12":"shipping-taxable","13":"product-type-simple"},"acf":[],"yoast_head":"<!-- This site is optimized with the Yoast SEO plugin v26.9 - https:\/\/yoast.com\/product\/yoast-seo-wordpress\/ -->\n<title>Restaurant Lippeschl\u00f6\u00dfchen Gutschein kaufen | #PayNowEatLater<\/title>\n<meta name=\"description\" content=\"Restaurant Gutschein f\u00fcr &quot;Restaurant Lippeschl\u00f6\u00dfchen&quot; online kaufen. Sofortiger Versand als PDF per E-Mail. Ideal auch als Last Minute Geschenk-Gutschein.\" \/>\n<meta name=\"robots\" content=\"noindex, follow\" \/>\n<meta property=\"og:locale\" content=\"en_US\" \/>\n<meta property=\"og:type\" content=\"article\" \/>\n<meta property=\"og:title\" content=\"Restaurant Lippeschl\u00f6\u00dfchen Gutschein kaufen | #PayNowEatLater\" \/>\n<meta property=\"og:description\" content=\"Restaurant Gutschein f\u00fcr &quot;Restaurant Lippeschl\u00f6\u00dfchen&quot; online kaufen. Sofortiger Versand als PDF per E-Mail. Ideal auch als Last Minute Geschenk-Gutschein.\" \/>\n<meta property=\"og:url\" content=\"https:\/\/restaurantgutschein.omr.com\/en\/produkt\/restaurant-lippeschloesschen\/\" \/>\n<meta property=\"og:site_name\" content=\"BON BON x OMR Restaurant-Gutschein\" \/>\n<meta property=\"article:modified_time\" content=\"2026-03-24T12:50:48+00:00\" \/>\n<meta property=\"og:image\" content=\"https:\/\/restaurantgutschein.omr.com\/wp-content\/uploads\/2025\/04\/restaurant-lippeschloesschen-restaurant-gutschein-wesel-ZN0Dq-1024x681.jpg\" \/>\n\t<meta property=\"og:image:width\" content=\"1024\" \/>\n\t<meta property=\"og:image:height\" content=\"681\" \/>\n\t<meta property=\"og:image:type\" content=\"image\/jpeg\" \/>\n<script type=\"application\/ld+json\" class=\"yoast-schema-graph\">{\"@context\":\"https:\/\/schema.org\",\"@graph\":[{\"@type\":\"WebPage\",\"@id\":\"https:\/\/restaurantgutschein.omr.com\/en\/produkt\/restaurant-lippeschloesschen\/\",\"url\":\"https:\/\/restaurantgutschein.omr.com\/en\/produkt\/restaurant-lippeschloesschen\/\",\"name\":\"Restaurant Lippeschl\u00f6\u00dfchen Gutschein kaufen | #PayNowEatLater\",\"isPartOf\":{\"@id\":\"https:\/\/restaurantgutschein.omr.com\/en\/#website\"},\"primaryImageOfPage\":{\"@id\":\"https:\/\/restaurantgutschein.omr.com\/en\/produkt\/restaurant-lippeschloesschen\/#primaryimage\"},\"image\":{\"@id\":\"https:\/\/restaurantgutschein.omr.com\/en\/produkt\/restaurant-lippeschloesschen\/#primaryimage\"},\"thumbnailUrl\":\"https:\/\/restaurantgutschein.omr.com\/wp-content\/uploads\/2025\/04\/restaurant-lippeschloesschen-restaurant-gutschein-wesel-ZN0Dq.jpg\",\"datePublished\":\"2025-04-15T11:08:34+00:00\",\"dateModified\":\"2026-03-24T12:50:48+00:00\",\"description\":\"Restaurant Gutschein f\u00fcr \\\"Restaurant Lippeschl\u00f6\u00dfchen\\\" online kaufen. Sofortiger Versand als PDF per E-Mail. Ideal auch als Last Minute Geschenk-Gutschein.\",\"breadcrumb\":{\"@id\":\"https:\/\/restaurantgutschein.omr.com\/en\/produkt\/restaurant-lippeschloesschen\/#breadcrumb\"},\"inLanguage\":\"en-US\",\"potentialAction\":[{\"@type\":\"ReadAction\",\"target\":[\"https:\/\/restaurantgutschein.omr.com\/en\/produkt\/restaurant-lippeschloesschen\/\"]}]},{\"@type\":\"ImageObject\",\"inLanguage\":\"en-US\",\"@id\":\"https:\/\/restaurantgutschein.omr.com\/en\/produkt\/restaurant-lippeschloesschen\/#primaryimage\",\"url\":\"https:\/\/restaurantgutschein.omr.com\/wp-content\/uploads\/2025\/04\/restaurant-lippeschloesschen-restaurant-gutschein-wesel-ZN0Dq.jpg\",\"contentUrl\":\"https:\/\/restaurantgutschein.omr.com\/wp-content\/uploads\/2025\/04\/restaurant-lippeschloesschen-restaurant-gutschein-wesel-ZN0Dq.jpg\",\"width\":4256,\"height\":2832},{\"@type\":\"BreadcrumbList\",\"@id\":\"https:\/\/restaurantgutschein.omr.com\/en\/produkt\/restaurant-lippeschloesschen\/#breadcrumb\",\"itemListElement\":[{\"@type\":\"ListItem\",\"position\":1,\"name\":\"Startseite\",\"item\":\"https:\/\/restaurantgutschein.omr.com\/en\/\"},{\"@type\":\"ListItem\",\"position\":2,\"name\":\"Restaurant Lippeschl\u00f6\u00dfchen\"}]},{\"@type\":\"WebSite\",\"@id\":\"https:\/\/restaurantgutschein.omr.com\/en\/#website\",\"url\":\"https:\/\/restaurantgutschein.omr.com\/en\/\",\"name\":\"BON BON x OMR Restaurant-Gutschein\",\"description\":\"\",\"publisher\":{\"@id\":\"https:\/\/restaurantgutschein.omr.com\/en\/#organization\"},\"potentialAction\":[{\"@type\":\"SearchAction\",\"target\":{\"@type\":\"EntryPoint\",\"urlTemplate\":\"https:\/\/restaurantgutschein.omr.com\/en\/?s={search_term_string}\"},\"query-input\":{\"@type\":\"PropertyValueSpecification\",\"valueRequired\":true,\"valueName\":\"search_term_string\"}}],\"inLanguage\":\"en-US\"},{\"@type\":\"Organization\",\"@id\":\"https:\/\/restaurantgutschein.omr.com\/en\/#organization\",\"name\":\"BON BON x OMR Restaurant-Gutschein\",\"url\":\"https:\/\/restaurantgutschein.omr.com\/en\/\",\"logo\":{\"@type\":\"ImageObject\",\"inLanguage\":\"en-US\",\"@id\":\"https:\/\/restaurantgutschein.omr.com\/en\/#\/schema\/logo\/image\/\",\"url\":\"https:\/\/restaurantgutschein.omr.com\/wp-content\/uploads\/2025\/04\/cropped-favi-2.png\",\"contentUrl\":\"https:\/\/restaurantgutschein.omr.com\/wp-content\/uploads\/2025\/04\/cropped-favi-2.png\",\"width\":512,\"height\":512,\"caption\":\"BON BON x OMR Restaurant-Gutschein\"},\"image\":{\"@id\":\"https:\/\/restaurantgutschein.omr.com\/en\/#\/schema\/logo\/image\/\"}}]}<\/script>\n<!-- \/ Yoast SEO plugin. -->","yoast_head_json":{"title":"Restaurant Lippeschl\u00f6\u00dfchen Gutschein kaufen | #PayNowEatLater","description":"Restaurant Gutschein f\u00fcr \"Restaurant Lippeschl\u00f6\u00dfchen\" online kaufen. Sofortiger Versand als PDF per E-Mail. Ideal auch als Last Minute Geschenk-Gutschein.","robots":{"index":"noindex","follow":"follow"},"og_locale":"en_US","og_type":"article","og_title":"Restaurant Lippeschl\u00f6\u00dfchen Gutschein kaufen | #PayNowEatLater","og_description":"Restaurant Gutschein f\u00fcr \"Restaurant Lippeschl\u00f6\u00dfchen\" online kaufen. Sofortiger Versand als PDF per E-Mail. Ideal auch als Last Minute Geschenk-Gutschein.","og_url":"https:\/\/restaurantgutschein.omr.com\/en\/produkt\/restaurant-lippeschloesschen\/","og_site_name":"BON BON x OMR Restaurant-Gutschein","article_modified_time":"2026-03-24T12:50:48+00:00","og_image":[{"width":1024,"height":681,"url":"https:\/\/restaurantgutschein.omr.com\/wp-content\/uploads\/2025\/04\/restaurant-lippeschloesschen-restaurant-gutschein-wesel-ZN0Dq-1024x681.jpg","type":"image\/jpeg"}],"schema":{"@context":"https:\/\/schema.org","@graph":[{"@type":"WebPage","@id":"https:\/\/restaurantgutschein.omr.com\/en\/produkt\/restaurant-lippeschloesschen\/","url":"https:\/\/restaurantgutschein.omr.com\/en\/produkt\/restaurant-lippeschloesschen\/","name":"Restaurant Lippeschl\u00f6\u00dfchen Gutschein kaufen | #PayNowEatLater","isPartOf":{"@id":"https:\/\/restaurantgutschein.omr.com\/en\/#website"},"primaryImageOfPage":{"@id":"https:\/\/restaurantgutschein.omr.com\/en\/produkt\/restaurant-lippeschloesschen\/#primaryimage"},"image":{"@id":"https:\/\/restaurantgutschein.omr.com\/en\/produkt\/restaurant-lippeschloesschen\/#primaryimage"},"thumbnailUrl":"https:\/\/restaurantgutschein.omr.com\/wp-content\/uploads\/2025\/04\/restaurant-lippeschloesschen-restaurant-gutschein-wesel-ZN0Dq.jpg","datePublished":"2025-04-15T11:08:34+00:00","dateModified":"2026-03-24T12:50:48+00:00","description":"Restaurant Gutschein f\u00fcr \"Restaurant Lippeschl\u00f6\u00dfchen\" online kaufen. Sofortiger Versand als PDF per E-Mail. Ideal auch als Last Minute Geschenk-Gutschein.","breadcrumb":{"@id":"https:\/\/restaurantgutschein.omr.com\/en\/produkt\/restaurant-lippeschloesschen\/#breadcrumb"},"inLanguage":"en-US","potentialAction":[{"@type":"ReadAction","target":["https:\/\/restaurantgutschein.omr.com\/en\/produkt\/restaurant-lippeschloesschen\/"]}]},{"@type":"ImageObject","inLanguage":"en-US","@id":"https:\/\/restaurantgutschein.omr.com\/en\/produkt\/restaurant-lippeschloesschen\/#primaryimage","url":"https:\/\/restaurantgutschein.omr.com\/wp-content\/uploads\/2025\/04\/restaurant-lippeschloesschen-restaurant-gutschein-wesel-ZN0Dq.jpg","contentUrl":"https:\/\/restaurantgutschein.omr.com\/wp-content\/uploads\/2025\/04\/restaurant-lippeschloesschen-restaurant-gutschein-wesel-ZN0Dq.jpg","width":4256,"height":2832},{"@type":"BreadcrumbList","@id":"https:\/\/restaurantgutschein.omr.com\/en\/produkt\/restaurant-lippeschloesschen\/#breadcrumb","itemListElement":[{"@type":"ListItem","position":1,"name":"Startseite","item":"https:\/\/restaurantgutschein.omr.com\/en\/"},{"@type":"ListItem","position":2,"name":"Restaurant Lippeschl\u00f6\u00dfchen"}]},{"@type":"WebSite","@id":"https:\/\/restaurantgutschein.omr.com\/en\/#website","url":"https:\/\/restaurantgutschein.omr.com\/en\/","name":"BON BON x OMR Restaurant-Gutschein","description":"","publisher":{"@id":"https:\/\/restaurantgutschein.omr.com\/en\/#organization"},"potentialAction":[{"@type":"SearchAction","target":{"@type":"EntryPoint","urlTemplate":"https:\/\/restaurantgutschein.omr.com\/en\/?s={search_term_string}"},"query-input":{"@type":"PropertyValueSpecification","valueRequired":true,"valueName":"search_term_string"}}],"inLanguage":"en-US"},{"@type":"Organization","@id":"https:\/\/restaurantgutschein.omr.com\/en\/#organization","name":"BON BON x OMR Restaurant-Gutschein","url":"https:\/\/restaurantgutschein.omr.com\/en\/","logo":{"@type":"ImageObject","inLanguage":"en-US","@id":"https:\/\/restaurantgutschein.omr.com\/en\/#\/schema\/logo\/image\/","url":"https:\/\/restaurantgutschein.omr.com\/wp-content\/uploads\/2025\/04\/cropped-favi-2.png","contentUrl":"https:\/\/restaurantgutschein.omr.com\/wp-content\/uploads\/2025\/04\/cropped-favi-2.png","width":512,"height":512,"caption":"BON BON x OMR Restaurant-Gutschein"},"image":{"@id":"https:\/\/restaurantgutschein.omr.com\/en\/#\/schema\/logo\/image\/"}}]}},"_links":{"self":[{"href":"https:\/\/restaurantgutschein.omr.com\/en\/wp-json\/wp\/v2\/product\/377397","targetHints":{"allow":["GET"]}}],"collection":[{"href":"https:\/\/restaurantgutschein.omr.com\/en\/wp-json\/wp\/v2\/product"}],"about":[{"href":"https:\/\/restaurantgutschein.omr.com\/en\/wp-json\/wp\/v2\/types\/product"}],"wp:featuredmedia":[{"embeddable":true,"href":"https:\/\/restaurantgutschein.omr.com\/en\/wp-json\/wp\/v2\/media\/377398"}],"wp:attachment":[{"href":"https:\/\/restaurantgutschein.omr.com\/en\/wp-json\/wp\/v2\/media?parent=377397"}],"wp:term":[{"taxonomy":"product_brand","embeddable":true,"href":"https:\/\/restaurantgutschein.omr.com\/en\/wp-json\/wp\/v2\/product_brand?post=377397"},{"taxonomy":"product_cat","embeddable":true,"href":"https:\/\/restaurantgutschein.omr.com\/en\/wp-json\/wp\/v2\/product_cat?post=377397"},{"taxonomy":"product_tag","embeddable":true,"href":"https:\/\/restaurantgutschein.omr.com\/en\/wp-json\/wp\/v2\/product_tag?post=377397"}],"curies":[{"name":"wp","href":"https:\/\/api.w.org\/{rel}","templated":true}]}}