{"id":377085,"date":"2025-04-15T13:03:35","date_gmt":"2025-04-15T11:03:35","guid":{"rendered":"https:\/\/restaurantgutschein.omr.com\/produkt\/the-duchy\/"},"modified":"2026-02-23T18:47:37","modified_gmt":"2026-02-23T17:47:37","slug":"the-duchy","status":"usedtosell","type":"product","link":"https:\/\/restaurantgutschein.omr.com\/en\/produkt\/the-duchy\/","title":{"rendered":"The Duchy"},"content":{"rendered":"<p>The Duchy D\u00dcSSELDORFS EUROP\u00c4ISCHE BRASSERIE UND BAR MIT LOKALER VERBUNDENHEIT Unverwechselbare Geschmackserlebnisse gepaart mit einer unerm\u00fcdlichen Leidenschaft f\u00fcr das Beste, was Europa zu bieten hat: Das kulinarische Team rund um K\u00fcchenchef Philipp Ferber serviert eine raffinierte K\u00fcche im Brasserie-Stil mit lokalem Bezug. Egal, ob Sie ein entspanntes Dinner oder einen leichten Snack an der Raw Bar genie\u00dfen, im The Duchy werden alle kulinarischen W\u00fcnsche erf\u00fcllt. K\u00f6nigsallee 11 40213 D\u00fcsseldorf WPHG D\u00fcsseldorf Operating GmbH<br \/>\nWPHG D\u00fcsseldorf Operating GmbH<br \/>\nK\u00f6nigsallee 11<br \/>\n40212 D\u00fcsseldorf  Asiatisch Bar &amp; Drinks Fleisch &amp; Fisch Gehobene K\u00fcche International Salat &amp; Bowl Sweets &amp; Dessert Vegan &amp; Vegetarisch Bar Restaurant<\/p>\n","protected":false},"excerpt":{"rendered":"<p>The Duchy D\u00dcSSELDORFS EUROP\u00c4ISCHE BRASSERIE UND BAR MIT LOKALER VERBUNDENHEIT Unverwechselbare Geschmackserlebnisse gepaart mit einer unerm\u00fcdlichen Leidenschaft f\u00fcr das Beste, was Europa zu bieten hat: Das kulinarische Team rund um K\u00fcchenchef Philipp Ferber serviert eine raffinierte K\u00fcche im Brasserie-Stil mit lokalem Bezug. Egal, ob Sie ein entspanntes Dinner oder einen leichten Snack an der Raw [&hellip;]<\/p>\n","protected":false},"featured_media":377088,"template":"","meta":{"_acf_changed":false},"product_brand":[],"product_cat":[476],"product_tag":[],"class_list":{"0":"post-377085","1":"product","2":"type-product","3":"status-usedtosell","4":"has-post-thumbnail","6":"product_cat-duesseldorf","7":"cuisine-asiatisch","8":"cuisine-bar-drinks","9":"cuisine-fleisch-fisch","10":"cuisine-gehobene-kueche","11":"cuisine-international","12":"cuisine-salat-bowl","13":"cuisine-sweets-dessert","14":"cuisine-vegan-vegetarisch","15":"art-der-location-bar","16":"art-der-location-restaurant","18":"first","19":"instock","20":"shipping-taxable","21":"product-type-simple"},"acf":[],"yoast_head":"<!-- This site is optimized with the Yoast SEO plugin v26.9 - https:\/\/yoast.com\/product\/yoast-seo-wordpress\/ -->\n<title>The Duchy Gutschein kaufen | #PayNowEatLater<\/title>\n<meta name=\"description\" content=\"Restaurant Gutschein f\u00fcr &quot;The Duchy&quot; online kaufen. Sofortiger Versand als PDF per E-Mail. Ideal auch als Last Minute Geschenk-Gutschein.\" \/>\n<meta name=\"robots\" content=\"noindex, follow\" \/>\n<meta property=\"og:locale\" content=\"en_US\" \/>\n<meta property=\"og:type\" content=\"article\" \/>\n<meta property=\"og:title\" content=\"The Duchy Gutschein kaufen | #PayNowEatLater\" \/>\n<meta property=\"og:description\" content=\"Restaurant Gutschein f\u00fcr &quot;The Duchy&quot; online kaufen. Sofortiger Versand als PDF per E-Mail. Ideal auch als Last Minute Geschenk-Gutschein.\" \/>\n<meta property=\"og:url\" content=\"https:\/\/restaurantgutschein.omr.com\/en\/produkt\/the-duchy\/\" \/>\n<meta property=\"og:site_name\" content=\"BON BON x OMR Restaurant-Gutschein\" \/>\n<meta property=\"article:modified_time\" content=\"2026-02-23T17:47:37+00:00\" \/>\n<meta property=\"og:image\" content=\"https:\/\/restaurantgutschein.omr.com\/wp-content\/uploads\/2025\/04\/the-duchy-restaurant-gutschein-duesseldorf-xJvEa-1024x683.jpg\" \/>\n\t<meta property=\"og:image:width\" content=\"1024\" \/>\n\t<meta property=\"og:image:height\" content=\"683\" \/>\n\t<meta property=\"og:image:type\" content=\"image\/jpeg\" \/>\n<meta name=\"twitter:label1\" content=\"Est. reading time\" \/>\n\t<meta name=\"twitter:data1\" content=\"1 minute\" \/>\n<script type=\"application\/ld+json\" class=\"yoast-schema-graph\">{\"@context\":\"https:\/\/schema.org\",\"@graph\":[{\"@type\":\"WebPage\",\"@id\":\"https:\/\/restaurantgutschein.omr.com\/en\/produkt\/the-duchy\/\",\"url\":\"https:\/\/restaurantgutschein.omr.com\/en\/produkt\/the-duchy\/\",\"name\":\"The Duchy Gutschein kaufen | #PayNowEatLater\",\"isPartOf\":{\"@id\":\"https:\/\/restaurantgutschein.omr.com\/en\/#website\"},\"primaryImageOfPage\":{\"@id\":\"https:\/\/restaurantgutschein.omr.com\/en\/produkt\/the-duchy\/#primaryimage\"},\"image\":{\"@id\":\"https:\/\/restaurantgutschein.omr.com\/en\/produkt\/the-duchy\/#primaryimage\"},\"thumbnailUrl\":\"https:\/\/restaurantgutschein.omr.com\/wp-content\/uploads\/2025\/04\/the-duchy-restaurant-gutschein-duesseldorf-xJvEa.jpg\",\"datePublished\":\"2025-04-15T11:03:35+00:00\",\"dateModified\":\"2026-02-23T17:47:37+00:00\",\"description\":\"Restaurant Gutschein f\u00fcr \\\"The Duchy\\\" online kaufen. Sofortiger Versand als PDF per E-Mail. Ideal auch als Last Minute Geschenk-Gutschein.\",\"breadcrumb\":{\"@id\":\"https:\/\/restaurantgutschein.omr.com\/en\/produkt\/the-duchy\/#breadcrumb\"},\"inLanguage\":\"en-US\",\"potentialAction\":[{\"@type\":\"ReadAction\",\"target\":[\"https:\/\/restaurantgutschein.omr.com\/en\/produkt\/the-duchy\/\"]}]},{\"@type\":\"ImageObject\",\"inLanguage\":\"en-US\",\"@id\":\"https:\/\/restaurantgutschein.omr.com\/en\/produkt\/the-duchy\/#primaryimage\",\"url\":\"https:\/\/restaurantgutschein.omr.com\/wp-content\/uploads\/2025\/04\/the-duchy-restaurant-gutschein-duesseldorf-xJvEa.jpg\",\"contentUrl\":\"https:\/\/restaurantgutschein.omr.com\/wp-content\/uploads\/2025\/04\/the-duchy-restaurant-gutschein-duesseldorf-xJvEa.jpg\",\"width\":8060,\"height\":5376},{\"@type\":\"BreadcrumbList\",\"@id\":\"https:\/\/restaurantgutschein.omr.com\/en\/produkt\/the-duchy\/#breadcrumb\",\"itemListElement\":[{\"@type\":\"ListItem\",\"position\":1,\"name\":\"Startseite\",\"item\":\"https:\/\/restaurantgutschein.omr.com\/en\/\"},{\"@type\":\"ListItem\",\"position\":2,\"name\":\"The Duchy\"}]},{\"@type\":\"WebSite\",\"@id\":\"https:\/\/restaurantgutschein.omr.com\/en\/#website\",\"url\":\"https:\/\/restaurantgutschein.omr.com\/en\/\",\"name\":\"BON BON x OMR Restaurant-Gutschein\",\"description\":\"\",\"publisher\":{\"@id\":\"https:\/\/restaurantgutschein.omr.com\/en\/#organization\"},\"potentialAction\":[{\"@type\":\"SearchAction\",\"target\":{\"@type\":\"EntryPoint\",\"urlTemplate\":\"https:\/\/restaurantgutschein.omr.com\/en\/?s={search_term_string}\"},\"query-input\":{\"@type\":\"PropertyValueSpecification\",\"valueRequired\":true,\"valueName\":\"search_term_string\"}}],\"inLanguage\":\"en-US\"},{\"@type\":\"Organization\",\"@id\":\"https:\/\/restaurantgutschein.omr.com\/en\/#organization\",\"name\":\"BON BON x OMR Restaurant-Gutschein\",\"url\":\"https:\/\/restaurantgutschein.omr.com\/en\/\",\"logo\":{\"@type\":\"ImageObject\",\"inLanguage\":\"en-US\",\"@id\":\"https:\/\/restaurantgutschein.omr.com\/en\/#\/schema\/logo\/image\/\",\"url\":\"https:\/\/restaurantgutschein.omr.com\/wp-content\/uploads\/2025\/04\/cropped-favi-2.png\",\"contentUrl\":\"https:\/\/restaurantgutschein.omr.com\/wp-content\/uploads\/2025\/04\/cropped-favi-2.png\",\"width\":512,\"height\":512,\"caption\":\"BON BON x OMR Restaurant-Gutschein\"},\"image\":{\"@id\":\"https:\/\/restaurantgutschein.omr.com\/en\/#\/schema\/logo\/image\/\"}}]}<\/script>\n<!-- \/ Yoast SEO plugin. -->","yoast_head_json":{"title":"The Duchy Gutschein kaufen | #PayNowEatLater","description":"Restaurant Gutschein f\u00fcr \"The Duchy\" online kaufen. Sofortiger Versand als PDF per E-Mail. Ideal auch als Last Minute Geschenk-Gutschein.","robots":{"index":"noindex","follow":"follow"},"og_locale":"en_US","og_type":"article","og_title":"The Duchy Gutschein kaufen | #PayNowEatLater","og_description":"Restaurant Gutschein f\u00fcr \"The Duchy\" online kaufen. Sofortiger Versand als PDF per E-Mail. Ideal auch als Last Minute Geschenk-Gutschein.","og_url":"https:\/\/restaurantgutschein.omr.com\/en\/produkt\/the-duchy\/","og_site_name":"BON BON x OMR Restaurant-Gutschein","article_modified_time":"2026-02-23T17:47:37+00:00","og_image":[{"width":1024,"height":683,"url":"https:\/\/restaurantgutschein.omr.com\/wp-content\/uploads\/2025\/04\/the-duchy-restaurant-gutschein-duesseldorf-xJvEa-1024x683.jpg","type":"image\/jpeg"}],"twitter_misc":{"Est. reading time":"1 minute"},"schema":{"@context":"https:\/\/schema.org","@graph":[{"@type":"WebPage","@id":"https:\/\/restaurantgutschein.omr.com\/en\/produkt\/the-duchy\/","url":"https:\/\/restaurantgutschein.omr.com\/en\/produkt\/the-duchy\/","name":"The Duchy Gutschein kaufen | #PayNowEatLater","isPartOf":{"@id":"https:\/\/restaurantgutschein.omr.com\/en\/#website"},"primaryImageOfPage":{"@id":"https:\/\/restaurantgutschein.omr.com\/en\/produkt\/the-duchy\/#primaryimage"},"image":{"@id":"https:\/\/restaurantgutschein.omr.com\/en\/produkt\/the-duchy\/#primaryimage"},"thumbnailUrl":"https:\/\/restaurantgutschein.omr.com\/wp-content\/uploads\/2025\/04\/the-duchy-restaurant-gutschein-duesseldorf-xJvEa.jpg","datePublished":"2025-04-15T11:03:35+00:00","dateModified":"2026-02-23T17:47:37+00:00","description":"Restaurant Gutschein f\u00fcr \"The Duchy\" online kaufen. Sofortiger Versand als PDF per E-Mail. Ideal auch als Last Minute Geschenk-Gutschein.","breadcrumb":{"@id":"https:\/\/restaurantgutschein.omr.com\/en\/produkt\/the-duchy\/#breadcrumb"},"inLanguage":"en-US","potentialAction":[{"@type":"ReadAction","target":["https:\/\/restaurantgutschein.omr.com\/en\/produkt\/the-duchy\/"]}]},{"@type":"ImageObject","inLanguage":"en-US","@id":"https:\/\/restaurantgutschein.omr.com\/en\/produkt\/the-duchy\/#primaryimage","url":"https:\/\/restaurantgutschein.omr.com\/wp-content\/uploads\/2025\/04\/the-duchy-restaurant-gutschein-duesseldorf-xJvEa.jpg","contentUrl":"https:\/\/restaurantgutschein.omr.com\/wp-content\/uploads\/2025\/04\/the-duchy-restaurant-gutschein-duesseldorf-xJvEa.jpg","width":8060,"height":5376},{"@type":"BreadcrumbList","@id":"https:\/\/restaurantgutschein.omr.com\/en\/produkt\/the-duchy\/#breadcrumb","itemListElement":[{"@type":"ListItem","position":1,"name":"Startseite","item":"https:\/\/restaurantgutschein.omr.com\/en\/"},{"@type":"ListItem","position":2,"name":"The Duchy"}]},{"@type":"WebSite","@id":"https:\/\/restaurantgutschein.omr.com\/en\/#website","url":"https:\/\/restaurantgutschein.omr.com\/en\/","name":"BON BON x OMR Restaurant-Gutschein","description":"","publisher":{"@id":"https:\/\/restaurantgutschein.omr.com\/en\/#organization"},"potentialAction":[{"@type":"SearchAction","target":{"@type":"EntryPoint","urlTemplate":"https:\/\/restaurantgutschein.omr.com\/en\/?s={search_term_string}"},"query-input":{"@type":"PropertyValueSpecification","valueRequired":true,"valueName":"search_term_string"}}],"inLanguage":"en-US"},{"@type":"Organization","@id":"https:\/\/restaurantgutschein.omr.com\/en\/#organization","name":"BON BON x OMR Restaurant-Gutschein","url":"https:\/\/restaurantgutschein.omr.com\/en\/","logo":{"@type":"ImageObject","inLanguage":"en-US","@id":"https:\/\/restaurantgutschein.omr.com\/en\/#\/schema\/logo\/image\/","url":"https:\/\/restaurantgutschein.omr.com\/wp-content\/uploads\/2025\/04\/cropped-favi-2.png","contentUrl":"https:\/\/restaurantgutschein.omr.com\/wp-content\/uploads\/2025\/04\/cropped-favi-2.png","width":512,"height":512,"caption":"BON BON x OMR Restaurant-Gutschein"},"image":{"@id":"https:\/\/restaurantgutschein.omr.com\/en\/#\/schema\/logo\/image\/"}}]}},"_links":{"self":[{"href":"https:\/\/restaurantgutschein.omr.com\/en\/wp-json\/wp\/v2\/product\/377085","targetHints":{"allow":["GET"]}}],"collection":[{"href":"https:\/\/restaurantgutschein.omr.com\/en\/wp-json\/wp\/v2\/product"}],"about":[{"href":"https:\/\/restaurantgutschein.omr.com\/en\/wp-json\/wp\/v2\/types\/product"}],"wp:featuredmedia":[{"embeddable":true,"href":"https:\/\/restaurantgutschein.omr.com\/en\/wp-json\/wp\/v2\/media\/377088"}],"wp:attachment":[{"href":"https:\/\/restaurantgutschein.omr.com\/en\/wp-json\/wp\/v2\/media?parent=377085"}],"wp:term":[{"taxonomy":"product_brand","embeddable":true,"href":"https:\/\/restaurantgutschein.omr.com\/en\/wp-json\/wp\/v2\/product_brand?post=377085"},{"taxonomy":"product_cat","embeddable":true,"href":"https:\/\/restaurantgutschein.omr.com\/en\/wp-json\/wp\/v2\/product_cat?post=377085"},{"taxonomy":"product_tag","embeddable":true,"href":"https:\/\/restaurantgutschein.omr.com\/en\/wp-json\/wp\/v2\/product_tag?post=377085"}],"curies":[{"name":"wp","href":"https:\/\/api.w.org\/{rel}","templated":true}]}}