{"id":375476,"date":"2025-04-15T11:34:47","date_gmt":"2025-04-15T09:34:47","guid":{"rendered":"https:\/\/restaurantgutschein.omr.com\/produkt\/kaspar-schmauser\/"},"modified":"2026-04-04T13:24:08","modified_gmt":"2026-04-04T11:24:08","slug":"kaspar-schmauser","status":"publish","type":"product","link":"https:\/\/restaurantgutschein.omr.com\/en\/produkt\/kaspar-schmauser\/","title":{"rendered":"Kaspar Schmauser"},"content":{"rendered":"<p>Kaspar Schmauser Deine Gesundheit, deine Zeit. Keine Kompromisse. <\/p>\n<p><strong>Explore our Food<\/strong><\/p>\n<p>Du ern\u00e4hrst dich vegan oder m\u00f6chtest einfach mal was Neues ausprobieren? Ausgewogene und gesunde Mahlzeiten sind dir auch im stressigen Alltag wichtig? Dann bist du bei uns goldrichtig!<strong><\/strong><\/p>\n<p>Bei uns gibts Smart Food mit System! Dabei verbinden wir eine gesunde, pflanzenbasierte Ern\u00e4hrung mit moderner Technologie. Da wir unsere Gerichte vor Ort selbst frisch zubereiten, wei\u00dft du ganz genau, was auf deinen Teller kommt. Du kannst dein Lieblingsessen noch dazu individualisieren oder ganz neu zusammenstellen: Build your Bowl! Trotzdem gibt es bei uns keine langen Wartezeiten! Bestelle entweder vorab online und hole dein Essen zur gew\u00fcnschten Uhrzeit ab &#8211; oder du orderst vor Ort an einem unserer digitalen Terminals und kannst nach wenigen Minuten schmausern!<\/p>\n<p><\/p>\n<p><em>Von Kaspar Schmauser gibt es ausschlie\u00dflich digitale Gutscheine!<\/em><\/p>\n<p> Hauptmarkt 16 90403 N\u00fcrnberg FoundingRestaurants GmbH<br \/>\nGut M\u00f6hlhorst 1<br \/>\n24357 Fleckeby  {&#8220;entries&#8221;:[{&#8220;name&#8221;:&#8221;Kaspar Schmauser N\u00fcrnberg&#8221;,&#8221;strasse&#8221;:&#8221;Hauptmarkt 16 &#8220;,&#8221;plz&#8221;:&#8221;90403&#8243;,&#8221;stadt&#8221;:&#8221;N\u00fcrnberg&#8221;,&#8221;position&#8221;:{&#8220;lat&#8221;:49.4543747000000024627297534607350826263427734375,&#8221;lng&#8221;:11.0781515999999999877445588936097919940948486328125},&#8221;imgPath&#8221;:&#8221;https:\/\/restaurantgutschein.omr.com\/wp-content\/uploads\/2025\/04\/kaspar-schmauser-restaurant-gutschein-nuernberg-nR6xW-450&#215;300.jpg&#8221;,&#8221;link&#8221;:&#8221;https:\/\/restaurantgutschein.omr.com\/produkt\/kaspar-schmauser\/&#8221;,&#8221;shortInfo&#8221;:&#8221;Deine Gesundheit, deine Zeit. Keine Kompromisse.&#8221;},{&#8220;name&#8221;:&#8221;Kaspar Schmauser F\u00fcrth&#8221;,&#8221;strasse&#8221;:&#8221;Schwabacher Str. 44&#8243;,&#8221;plz&#8221;:&#8221;90762&#8243;,&#8221;stadt&#8221;:&#8221;F\u00fcrth&#8221;,&#8221;position&#8221;:{&#8220;lat&#8221;:49.47294740000000246027411776594817638397216796875,&#8221;lng&#8221;:10.9882000000000008554934538551606237888336181640625},&#8221;imgPath&#8221;:&#8221;https:\/\/restaurantgutschein.omr.com\/wp-content\/uploads\/2025\/04\/kaspar-schmauser-restaurant-gutschein-nuernberg-nR6xW-450&#215;300.jpg&#8221;,&#8221;link&#8221;:&#8221;https:\/\/restaurantgutschein.omr.com\/produkt\/kaspar-schmauser\/&#8221;,&#8221;shortInfo&#8221;:&#8221;Deine Gesundheit, deine Zeit. Keine Kompromisse.&#8221;},{&#8220;name&#8221;:&#8221;Kaspar Schmauser Leipzig&#8221;,&#8221;strasse&#8221;:&#8221;Karl-Liebknecht-Stra\u00dfe 8&#8243;,&#8221;plz&#8221;:&#8221;04107&#8243;,&#8221;stadt&#8221;:&#8221;Leipzig&#8221;,&#8221;position&#8221;:{&#8220;lat&#8221;:51.3304894999999987703631632030010223388671875,&#8221;lng&#8221;:12.3733661000000001450871423003263771533966064453125},&#8221;imgPath&#8221;:&#8221;https:\/\/restaurantgutschein.omr.com\/wp-content\/uploads\/2025\/04\/kaspar-schmauser-restaurant-gutschein-nuernberg-nR6xW-450&#215;300.jpg&#8221;,&#8221;link&#8221;:&#8221;https:\/\/restaurantgutschein.omr.com\/produkt\/kaspar-schmauser\/&#8221;,&#8221;shortInfo&#8221;:&#8221;Deine Gesundheit, deine Zeit. Keine Kompromisse.&#8221;},{&#8220;name&#8221;:&#8221;Kaspar Schmauser Erlangen Bahnhofsplatz&#8221;,&#8221;strasse&#8221;:&#8221;Bahnhofsplatz 1&#8243;,&#8221;plz&#8221;:&#8221;91054&#8243;,&#8221;stadt&#8221;:&#8221;Erlangen&#8221;,&#8221;position&#8221;:{&#8220;lat&#8221;:49.5951572999999967805706546641886234283447265625,&#8221;lng&#8221;:11.004838400000000575573722016997635364532470703125},&#8221;imgPath&#8221;:&#8221;https:\/\/restaurantgutschein.omr.com\/wp-content\/uploads\/2025\/04\/kaspar-schmauser-restaurant-gutschein-nuernberg-nR6xW-450&#215;300.jpg&#8221;,&#8221;link&#8221;:&#8221;https:\/\/restaurantgutschein.omr.com\/produkt\/kaspar-schmauser\/&#8221;,&#8221;shortInfo&#8221;:&#8221;Deine Gesundheit, deine Zeit. Keine Kompromisse.&#8221;},{&#8220;name&#8221;:&#8221;Kaspar Schmauser Berlin&#8221;,&#8221;strasse&#8221;:&#8221;Friedrichstra\u00dfe 141-142&#8243;,&#8221;plz&#8221;:&#8221;10117&#8243;,&#8221;stadt&#8221;:&#8221;Berlin&#8221;,&#8221;position&#8221;:{&#8220;lat&#8221;:52.5202996000000013054886949248611927032470703125,&#8221;lng&#8221;:13.3866522999999997267650542198680341243743896484375},&#8221;imgPath&#8221;:&#8221;https:\/\/restaurantgutschein.omr.com\/wp-content\/uploads\/2025\/04\/kaspar-schmauser-restaurant-gutschein-nuernberg-nR6xW-450&#215;300.jpg&#8221;,&#8221;link&#8221;:&#8221;https:\/\/restaurantgutschein.omr.com\/produkt\/kaspar-schmauser\/&#8221;,&#8221;shortInfo&#8221;:&#8221;Deine Gesundheit, deine Zeit. Keine Kompromisse.&#8221;},{&#8220;name&#8221;:&#8221;Kaspar Schmauser Essen&#8221;,&#8221;strasse&#8221;:&#8221;Kennedyplatz 1\/Markt 1&#8243;,&#8221;plz&#8221;:&#8221;45127&#8243;,&#8221;stadt&#8221;:&#8221;Essen&#8221;,&#8221;position&#8221;:{&#8220;lat&#8221;:51.45656559999999757337718619965016841888427734375,&#8221;lng&#8221;:7.01180610000000026360567062511108815670013427734375},&#8221;imgPath&#8221;:&#8221;https:\/\/restaurantgutschein.omr.com\/wp-content\/uploads\/2025\/04\/kaspar-schmauser-restaurant-gutschein-nuernberg-nR6xW-450&#215;300.jpg&#8221;,&#8221;link&#8221;:&#8221;https:\/\/restaurantgutschein.omr.com\/produkt\/kaspar-schmauser\/&#8221;,&#8221;shortInfo&#8221;:&#8221;Deine Gesundheit, deine Zeit. Keine Kompromisse.&#8221;},{&#8220;name&#8221;:&#8221;Kaspar Schmauser Hamburg&#8221;,&#8221;strasse&#8221;:&#8221;Valentinskamp 18&#8243;,&#8221;plz&#8221;:&#8221;20354&#8243;,&#8221;stadt&#8221;:&#8221;Hamburg&#8221;,&#8221;position&#8221;:{&#8220;lat&#8221;:53.555490300000002434899215586483478546142578125,&#8221;lng&#8221;:9.9857656999999999669626049580983817577362060546875},&#8221;imgPath&#8221;:&#8221;https:\/\/restaurantgutschein.omr.com\/wp-content\/uploads\/2025\/04\/kaspar-schmauser-restaurant-gutschein-nuernberg-nR6xW-450&#215;300.jpg&#8221;,&#8221;link&#8221;:&#8221;https:\/\/restaurantgutschein.omr.com\/produkt\/kaspar-schmauser\/&#8221;,&#8221;shortInfo&#8221;:&#8221;Deine Gesundheit, deine Zeit. Keine Kompromisse.&#8221;},{&#8220;name&#8221;:&#8221;Kaspar Schmauser Bochum&#8221;,&#8221;strasse&#8221;:&#8221;Am Einkaufszentrum 1&#8243;,&#8221;plz&#8221;:&#8221;44791&#8243;,&#8221;stadt&#8221;:&#8221;Bochum&#8221;,&#8221;position&#8221;:{&#8220;lat&#8221;:51.49527830000000250265657086856663227081298828125,&#8221;lng&#8221;:7.283575700000000097134034149348735809326171875},&#8221;imgPath&#8221;:&#8221;https:\/\/restaurantgutschein.omr.com\/wp-content\/uploads\/2025\/04\/kaspar-schmauser-restaurant-gutschein-nuernberg-nR6xW-450&#215;300.jpg&#8221;,&#8221;link&#8221;:&#8221;https:\/\/restaurantgutschein.omr.com\/produkt\/kaspar-schmauser\/&#8221;,&#8221;shortInfo&#8221;:&#8221;Deine Gesundheit, deine Zeit. Keine Kompromisse.&#8221;}]} Caf\u00e9 &amp; B\u00e4ckerei Fr\u00fchst\u00fcck International Mediterran Salat &amp; Bowl Sweets &amp; Dessert Vegan &amp; Vegetarisch Caf\u00e9 Restaurant<\/p>\n","protected":false},"excerpt":{"rendered":"<p>Kaspar Schmauser Deine Gesundheit, deine Zeit. Keine Kompromisse. Explore our Food Du ern\u00e4hrst dich vegan oder m\u00f6chtest einfach mal was Neues ausprobieren? Ausgewogene und gesunde Mahlzeiten sind dir auch im stressigen Alltag wichtig? Dann bist du bei uns goldrichtig! Bei uns gibts Smart Food mit System! Dabei verbinden wir eine gesunde, pflanzenbasierte Ern\u00e4hrung mit moderner [&hellip;]<\/p>\n","protected":false},"featured_media":438820,"template":"","meta":{"_acf_changed":false},"product_brand":[],"product_cat":[486,473,643,477,645,454,489,490],"product_tag":[],"class_list":{"0":"post-375476","1":"product","2":"type-product","3":"status-publish","4":"has-post-thumbnail","6":"product_cat-berlin","7":"product_cat-bochum","8":"product_cat-erlangen","9":"product_cat-essen","10":"product_cat-fuerth","11":"product_cat-hamburg","12":"product_cat-leipzig","13":"product_cat-nuernberg","14":"cuisine-cafe-baeckerei","15":"cuisine-fruehstueck","16":"cuisine-international","17":"cuisine-mediterran","18":"cuisine-salat-bowl","19":"cuisine-sweets-dessert","20":"cuisine-vegan-vegetarisch","21":"art-der-location-cafe","22":"art-der-location-restaurant","24":"first","25":"instock","26":"shipping-taxable","27":"purchasable","28":"product-type-variable"},"acf":[],"yoast_head":"<!-- This site is optimized with the Yoast SEO plugin v26.9 - https:\/\/yoast.com\/product\/yoast-seo-wordpress\/ -->\n<title>Kaspar Schmauser Gutschein kaufen | #PayNowEatLater<\/title>\n<meta name=\"description\" content=\"Restaurant Gutschein f\u00fcr &quot;Kaspar Schmauser&quot; online kaufen. Sofortiger Versand als PDF per E-Mail. Ideal auch als Last Minute Geschenk-Gutschein.\" \/>\n<meta name=\"robots\" content=\"noindex, follow\" \/>\n<meta property=\"og:locale\" content=\"en_US\" \/>\n<meta property=\"og:type\" content=\"article\" \/>\n<meta property=\"og:title\" content=\"Kaspar Schmauser Gutschein kaufen | #PayNowEatLater\" \/>\n<meta property=\"og:description\" content=\"Restaurant Gutschein f\u00fcr &quot;Kaspar Schmauser&quot; online kaufen. Sofortiger Versand als PDF per E-Mail. Ideal auch als Last Minute Geschenk-Gutschein.\" \/>\n<meta property=\"og:url\" content=\"https:\/\/restaurantgutschein.omr.com\/en\/produkt\/kaspar-schmauser\/\" \/>\n<meta property=\"og:site_name\" content=\"BON BON x OMR Restaurant-Gutschein\" \/>\n<meta property=\"article:modified_time\" content=\"2026-04-04T11:24:08+00:00\" \/>\n<meta property=\"og:image\" content=\"https:\/\/restaurantgutschein.omr.com\/wp-content\/uploads\/2025\/04\/kaspar-schmauser-restaurant-gutschein-nuernberg-nR6xW.jpg\" \/>\n\t<meta property=\"og:image:width\" content=\"3000\" \/>\n\t<meta property=\"og:image:height\" content=\"2500\" \/>\n\t<meta property=\"og:image:type\" content=\"image\/jpeg\" \/>\n<meta name=\"twitter:label1\" content=\"Est. reading time\" \/>\n\t<meta name=\"twitter:data1\" content=\"2 minutes\" \/>\n<script type=\"application\/ld+json\" class=\"yoast-schema-graph\">{\"@context\":\"https:\/\/schema.org\",\"@graph\":[{\"@type\":\"WebPage\",\"@id\":\"https:\/\/restaurantgutschein.omr.com\/en\/produkt\/kaspar-schmauser\/\",\"url\":\"https:\/\/restaurantgutschein.omr.com\/en\/produkt\/kaspar-schmauser\/\",\"name\":\"Kaspar Schmauser Gutschein kaufen | #PayNowEatLater\",\"isPartOf\":{\"@id\":\"https:\/\/restaurantgutschein.omr.com\/en\/#website\"},\"primaryImageOfPage\":{\"@id\":\"https:\/\/restaurantgutschein.omr.com\/en\/produkt\/kaspar-schmauser\/#primaryimage\"},\"image\":{\"@id\":\"https:\/\/restaurantgutschein.omr.com\/en\/produkt\/kaspar-schmauser\/#primaryimage\"},\"thumbnailUrl\":\"https:\/\/restaurantgutschein.omr.com\/wp-content\/uploads\/2025\/04\/kaspar-schmauser-restaurant-gutschein-nuernberg-nR6xW.jpg\",\"datePublished\":\"2025-04-15T09:34:47+00:00\",\"dateModified\":\"2026-04-04T11:24:08+00:00\",\"description\":\"Restaurant Gutschein f\u00fcr \\\"Kaspar Schmauser\\\" online kaufen. Sofortiger Versand als PDF per E-Mail. Ideal auch als Last Minute Geschenk-Gutschein.\",\"breadcrumb\":{\"@id\":\"https:\/\/restaurantgutschein.omr.com\/en\/produkt\/kaspar-schmauser\/#breadcrumb\"},\"inLanguage\":\"en-US\",\"potentialAction\":[{\"@type\":\"ReadAction\",\"target\":[\"https:\/\/restaurantgutschein.omr.com\/en\/produkt\/kaspar-schmauser\/\"]}]},{\"@type\":\"ImageObject\",\"inLanguage\":\"en-US\",\"@id\":\"https:\/\/restaurantgutschein.omr.com\/en\/produkt\/kaspar-schmauser\/#primaryimage\",\"url\":\"https:\/\/restaurantgutschein.omr.com\/wp-content\/uploads\/2025\/04\/kaspar-schmauser-restaurant-gutschein-nuernberg-nR6xW.jpg\",\"contentUrl\":\"https:\/\/restaurantgutschein.omr.com\/wp-content\/uploads\/2025\/04\/kaspar-schmauser-restaurant-gutschein-nuernberg-nR6xW.jpg\",\"width\":3000,\"height\":2500},{\"@type\":\"BreadcrumbList\",\"@id\":\"https:\/\/restaurantgutschein.omr.com\/en\/produkt\/kaspar-schmauser\/#breadcrumb\",\"itemListElement\":[{\"@type\":\"ListItem\",\"position\":1,\"name\":\"Startseite\",\"item\":\"https:\/\/restaurantgutschein.omr.com\/en\/\"},{\"@type\":\"ListItem\",\"position\":2,\"name\":\"Kaspar Schmauser\"}]},{\"@type\":\"WebSite\",\"@id\":\"https:\/\/restaurantgutschein.omr.com\/en\/#website\",\"url\":\"https:\/\/restaurantgutschein.omr.com\/en\/\",\"name\":\"BON BON x OMR Restaurant-Gutschein\",\"description\":\"\",\"publisher\":{\"@id\":\"https:\/\/restaurantgutschein.omr.com\/en\/#organization\"},\"potentialAction\":[{\"@type\":\"SearchAction\",\"target\":{\"@type\":\"EntryPoint\",\"urlTemplate\":\"https:\/\/restaurantgutschein.omr.com\/en\/?s={search_term_string}\"},\"query-input\":{\"@type\":\"PropertyValueSpecification\",\"valueRequired\":true,\"valueName\":\"search_term_string\"}}],\"inLanguage\":\"en-US\"},{\"@type\":\"Organization\",\"@id\":\"https:\/\/restaurantgutschein.omr.com\/en\/#organization\",\"name\":\"BON BON x OMR Restaurant-Gutschein\",\"url\":\"https:\/\/restaurantgutschein.omr.com\/en\/\",\"logo\":{\"@type\":\"ImageObject\",\"inLanguage\":\"en-US\",\"@id\":\"https:\/\/restaurantgutschein.omr.com\/en\/#\/schema\/logo\/image\/\",\"url\":\"https:\/\/restaurantgutschein.omr.com\/wp-content\/uploads\/2025\/04\/cropped-favi-2.png\",\"contentUrl\":\"https:\/\/restaurantgutschein.omr.com\/wp-content\/uploads\/2025\/04\/cropped-favi-2.png\",\"width\":512,\"height\":512,\"caption\":\"BON BON x OMR Restaurant-Gutschein\"},\"image\":{\"@id\":\"https:\/\/restaurantgutschein.omr.com\/en\/#\/schema\/logo\/image\/\"}}]}<\/script>\n<!-- \/ Yoast SEO plugin. -->","yoast_head_json":{"title":"Kaspar Schmauser Gutschein kaufen | #PayNowEatLater","description":"Restaurant Gutschein f\u00fcr \"Kaspar Schmauser\" online kaufen. Sofortiger Versand als PDF per E-Mail. Ideal auch als Last Minute Geschenk-Gutschein.","robots":{"index":"noindex","follow":"follow"},"og_locale":"en_US","og_type":"article","og_title":"Kaspar Schmauser Gutschein kaufen | #PayNowEatLater","og_description":"Restaurant Gutschein f\u00fcr \"Kaspar Schmauser\" online kaufen. Sofortiger Versand als PDF per E-Mail. Ideal auch als Last Minute Geschenk-Gutschein.","og_url":"https:\/\/restaurantgutschein.omr.com\/en\/produkt\/kaspar-schmauser\/","og_site_name":"BON BON x OMR Restaurant-Gutschein","article_modified_time":"2026-04-04T11:24:08+00:00","og_image":[{"width":3000,"height":2500,"url":"https:\/\/restaurantgutschein.omr.com\/wp-content\/uploads\/2025\/04\/kaspar-schmauser-restaurant-gutschein-nuernberg-nR6xW.jpg","type":"image\/jpeg"}],"twitter_misc":{"Est. reading time":"2 minutes"},"schema":{"@context":"https:\/\/schema.org","@graph":[{"@type":"WebPage","@id":"https:\/\/restaurantgutschein.omr.com\/en\/produkt\/kaspar-schmauser\/","url":"https:\/\/restaurantgutschein.omr.com\/en\/produkt\/kaspar-schmauser\/","name":"Kaspar Schmauser Gutschein kaufen | #PayNowEatLater","isPartOf":{"@id":"https:\/\/restaurantgutschein.omr.com\/en\/#website"},"primaryImageOfPage":{"@id":"https:\/\/restaurantgutschein.omr.com\/en\/produkt\/kaspar-schmauser\/#primaryimage"},"image":{"@id":"https:\/\/restaurantgutschein.omr.com\/en\/produkt\/kaspar-schmauser\/#primaryimage"},"thumbnailUrl":"https:\/\/restaurantgutschein.omr.com\/wp-content\/uploads\/2025\/04\/kaspar-schmauser-restaurant-gutschein-nuernberg-nR6xW.jpg","datePublished":"2025-04-15T09:34:47+00:00","dateModified":"2026-04-04T11:24:08+00:00","description":"Restaurant Gutschein f\u00fcr \"Kaspar Schmauser\" online kaufen. Sofortiger Versand als PDF per E-Mail. Ideal auch als Last Minute Geschenk-Gutschein.","breadcrumb":{"@id":"https:\/\/restaurantgutschein.omr.com\/en\/produkt\/kaspar-schmauser\/#breadcrumb"},"inLanguage":"en-US","potentialAction":[{"@type":"ReadAction","target":["https:\/\/restaurantgutschein.omr.com\/en\/produkt\/kaspar-schmauser\/"]}]},{"@type":"ImageObject","inLanguage":"en-US","@id":"https:\/\/restaurantgutschein.omr.com\/en\/produkt\/kaspar-schmauser\/#primaryimage","url":"https:\/\/restaurantgutschein.omr.com\/wp-content\/uploads\/2025\/04\/kaspar-schmauser-restaurant-gutschein-nuernberg-nR6xW.jpg","contentUrl":"https:\/\/restaurantgutschein.omr.com\/wp-content\/uploads\/2025\/04\/kaspar-schmauser-restaurant-gutschein-nuernberg-nR6xW.jpg","width":3000,"height":2500},{"@type":"BreadcrumbList","@id":"https:\/\/restaurantgutschein.omr.com\/en\/produkt\/kaspar-schmauser\/#breadcrumb","itemListElement":[{"@type":"ListItem","position":1,"name":"Startseite","item":"https:\/\/restaurantgutschein.omr.com\/en\/"},{"@type":"ListItem","position":2,"name":"Kaspar Schmauser"}]},{"@type":"WebSite","@id":"https:\/\/restaurantgutschein.omr.com\/en\/#website","url":"https:\/\/restaurantgutschein.omr.com\/en\/","name":"BON BON x OMR Restaurant-Gutschein","description":"","publisher":{"@id":"https:\/\/restaurantgutschein.omr.com\/en\/#organization"},"potentialAction":[{"@type":"SearchAction","target":{"@type":"EntryPoint","urlTemplate":"https:\/\/restaurantgutschein.omr.com\/en\/?s={search_term_string}"},"query-input":{"@type":"PropertyValueSpecification","valueRequired":true,"valueName":"search_term_string"}}],"inLanguage":"en-US"},{"@type":"Organization","@id":"https:\/\/restaurantgutschein.omr.com\/en\/#organization","name":"BON BON x OMR Restaurant-Gutschein","url":"https:\/\/restaurantgutschein.omr.com\/en\/","logo":{"@type":"ImageObject","inLanguage":"en-US","@id":"https:\/\/restaurantgutschein.omr.com\/en\/#\/schema\/logo\/image\/","url":"https:\/\/restaurantgutschein.omr.com\/wp-content\/uploads\/2025\/04\/cropped-favi-2.png","contentUrl":"https:\/\/restaurantgutschein.omr.com\/wp-content\/uploads\/2025\/04\/cropped-favi-2.png","width":512,"height":512,"caption":"BON BON x OMR Restaurant-Gutschein"},"image":{"@id":"https:\/\/restaurantgutschein.omr.com\/en\/#\/schema\/logo\/image\/"}}]}},"_links":{"self":[{"href":"https:\/\/restaurantgutschein.omr.com\/en\/wp-json\/wp\/v2\/product\/375476","targetHints":{"allow":["GET"]}}],"collection":[{"href":"https:\/\/restaurantgutschein.omr.com\/en\/wp-json\/wp\/v2\/product"}],"about":[{"href":"https:\/\/restaurantgutschein.omr.com\/en\/wp-json\/wp\/v2\/types\/product"}],"wp:featuredmedia":[{"embeddable":true,"href":"https:\/\/restaurantgutschein.omr.com\/en\/wp-json\/wp\/v2\/media\/438820"}],"wp:attachment":[{"href":"https:\/\/restaurantgutschein.omr.com\/en\/wp-json\/wp\/v2\/media?parent=375476"}],"wp:term":[{"taxonomy":"product_brand","embeddable":true,"href":"https:\/\/restaurantgutschein.omr.com\/en\/wp-json\/wp\/v2\/product_brand?post=375476"},{"taxonomy":"product_cat","embeddable":true,"href":"https:\/\/restaurantgutschein.omr.com\/en\/wp-json\/wp\/v2\/product_cat?post=375476"},{"taxonomy":"product_tag","embeddable":true,"href":"https:\/\/restaurantgutschein.omr.com\/en\/wp-json\/wp\/v2\/product_tag?post=375476"}],"curies":[{"name":"wp","href":"https:\/\/api.w.org\/{rel}","templated":true}]}}