{"id":373863,"date":"2025-04-15T11:18:27","date_gmt":"2025-04-15T09:18:27","guid":{"rendered":"https:\/\/restaurantgutschein.omr.com\/produkt\/the-victorian-house\/"},"modified":"2026-01-27T09:14:50","modified_gmt":"2026-01-27T08:14:50","slug":"the-victorian-house","status":"publish","type":"product","link":"https:\/\/restaurantgutschein.omr.com\/en\/produkt\/the-victorian-house\/","title":{"rendered":"The Victorian House"},"content":{"rendered":"<p>The Victorian House The Victorian House &#8211; Nach dem Konzept kleiner Londoner Boutique \u2013 Hotels! <\/p>\n<p>m sch\u00f6nen Herzen der Landeshauptstadt, direkt am Viktualienmarkt gelegen, befindet sich M\u00fcnchens erste Adresse f\u00fcr Anglophile. Seit der Er\u00f6ffnung<\/p>\n<p>ist das Victorian House zu einem festen Bestandteil der M\u00fcnchener Gastronomie Szene geworden, vor allem f\u00fcr jene, die weg m\u00f6chten von den n\u00fcchtern kalten, minimalistisch eingerichteten Lokalen. Von Fr\u00fchst\u00fcck (Eggs Benedict), Lunch, hausgemachtem Kuchen aus eigener VH Bakery bis hin zum Dinner.<\/p>\n<p>Nach dem Konzept kleiner Londoner Boutique \u2013 Hotels auch traditionellen englischen Afternoon Tea mit echter clotted cream aus Cornwall. Im Victorian House am Viktualienmarkt \u2013 seit 1991 ein fester Bestandteil der M\u00fcnchner Gastronomie Welt.<\/p>\n<p> Frauenstra\u00dfe 14 80469 M\u00fcnchen The Victorian House Gastro GmbH<br \/>\nFrauenstrasse 14<br \/>\n80469 M\u00fcnchen  Caf\u00e9 &amp; B\u00e4ckerei Fleisch &amp; Fisch International Salat &amp; Bowl Vegan &amp; Vegetarisch Caf\u00e9 Restaurant<\/p>\n","protected":false},"excerpt":{"rendered":"<p>The Victorian House The Victorian House &#8211; Nach dem Konzept kleiner Londoner Boutique \u2013 Hotels! m sch\u00f6nen Herzen der Landeshauptstadt, direkt am Viktualienmarkt gelegen, befindet sich M\u00fcnchens erste Adresse f\u00fcr Anglophile. Seit der Er\u00f6ffnung ist das Victorian House zu einem festen Bestandteil der M\u00fcnchener Gastronomie Szene geworden, vor allem f\u00fcr jene, die weg m\u00f6chten von [&hellip;]<\/p>\n","protected":false},"featured_media":373864,"template":"","meta":{"_acf_changed":false},"product_brand":[],"product_cat":[450],"product_tag":[],"class_list":{"0":"post-373863","1":"product","2":"type-product","3":"status-publish","4":"has-post-thumbnail","6":"product_cat-muenchen","7":"cuisine-cafe-baeckerei","8":"cuisine-fleisch-fisch","9":"cuisine-international","10":"cuisine-salat-bowl","11":"cuisine-vegan-vegetarisch","12":"art-der-location-cafe","13":"art-der-location-restaurant","15":"first","16":"instock","17":"shipping-taxable","18":"purchasable","19":"product-type-simple"},"acf":[],"yoast_head":"<!-- This site is optimized with the Yoast SEO plugin v26.9 - https:\/\/yoast.com\/product\/yoast-seo-wordpress\/ -->\n<title>The Victorian House Gutschein kaufen | #PayNowEatLater<\/title>\n<meta name=\"description\" content=\"Restaurant Gutschein f\u00fcr &quot;The Victorian House&quot; online kaufen. Sofortiger Versand als PDF per E-Mail. Ideal auch als Last Minute Geschenk-Gutschein.\" \/>\n<meta name=\"robots\" content=\"noindex, follow\" \/>\n<meta property=\"og:locale\" content=\"en_US\" \/>\n<meta property=\"og:type\" content=\"article\" \/>\n<meta property=\"og:title\" content=\"The Victorian House Gutschein kaufen | #PayNowEatLater\" \/>\n<meta property=\"og:description\" content=\"Restaurant Gutschein f\u00fcr &quot;The Victorian House&quot; online kaufen. Sofortiger Versand als PDF per E-Mail. Ideal auch als Last Minute Geschenk-Gutschein.\" \/>\n<meta property=\"og:url\" content=\"https:\/\/restaurantgutschein.omr.com\/en\/produkt\/the-victorian-house\/\" \/>\n<meta property=\"og:site_name\" content=\"BON BON x OMR Restaurant-Gutschein\" \/>\n<meta property=\"article:modified_time\" content=\"2026-01-27T08:14:50+00:00\" \/>\n<meta property=\"og:image\" content=\"https:\/\/restaurantgutschein.omr.com\/wp-content\/uploads\/2025\/04\/the-victorian-house-restaurant-gutschein-muenchen-P_zOs.jpe\" \/>\n\t<meta property=\"og:image:width\" content=\"1500\" \/>\n\t<meta property=\"og:image:height\" content=\"800\" \/>\n\t<meta property=\"og:image:type\" content=\"image\/jpeg\" \/>\n<meta name=\"twitter:label1\" content=\"Est. reading time\" \/>\n\t<meta name=\"twitter:data1\" content=\"1 minute\" \/>\n<script type=\"application\/ld+json\" class=\"yoast-schema-graph\">{\"@context\":\"https:\/\/schema.org\",\"@graph\":[{\"@type\":\"WebPage\",\"@id\":\"https:\/\/restaurantgutschein.omr.com\/en\/produkt\/the-victorian-house\/\",\"url\":\"https:\/\/restaurantgutschein.omr.com\/en\/produkt\/the-victorian-house\/\",\"name\":\"The Victorian House Gutschein kaufen | #PayNowEatLater\",\"isPartOf\":{\"@id\":\"https:\/\/restaurantgutschein.omr.com\/en\/#website\"},\"primaryImageOfPage\":{\"@id\":\"https:\/\/restaurantgutschein.omr.com\/en\/produkt\/the-victorian-house\/#primaryimage\"},\"image\":{\"@id\":\"https:\/\/restaurantgutschein.omr.com\/en\/produkt\/the-victorian-house\/#primaryimage\"},\"thumbnailUrl\":\"https:\/\/restaurantgutschein.omr.com\/wp-content\/uploads\/2025\/04\/the-victorian-house-restaurant-gutschein-muenchen-P_zOs.jpe\",\"datePublished\":\"2025-04-15T09:18:27+00:00\",\"dateModified\":\"2026-01-27T08:14:50+00:00\",\"description\":\"Restaurant Gutschein f\u00fcr \\\"The Victorian House\\\" online kaufen. Sofortiger Versand als PDF per E-Mail. Ideal auch als Last Minute Geschenk-Gutschein.\",\"breadcrumb\":{\"@id\":\"https:\/\/restaurantgutschein.omr.com\/en\/produkt\/the-victorian-house\/#breadcrumb\"},\"inLanguage\":\"en-US\",\"potentialAction\":[{\"@type\":\"ReadAction\",\"target\":[\"https:\/\/restaurantgutschein.omr.com\/en\/produkt\/the-victorian-house\/\"]}]},{\"@type\":\"ImageObject\",\"inLanguage\":\"en-US\",\"@id\":\"https:\/\/restaurantgutschein.omr.com\/en\/produkt\/the-victorian-house\/#primaryimage\",\"url\":\"https:\/\/restaurantgutschein.omr.com\/wp-content\/uploads\/2025\/04\/the-victorian-house-restaurant-gutschein-muenchen-P_zOs.jpe\",\"contentUrl\":\"https:\/\/restaurantgutschein.omr.com\/wp-content\/uploads\/2025\/04\/the-victorian-house-restaurant-gutschein-muenchen-P_zOs.jpe\",\"width\":1500,\"height\":800},{\"@type\":\"BreadcrumbList\",\"@id\":\"https:\/\/restaurantgutschein.omr.com\/en\/produkt\/the-victorian-house\/#breadcrumb\",\"itemListElement\":[{\"@type\":\"ListItem\",\"position\":1,\"name\":\"Startseite\",\"item\":\"https:\/\/restaurantgutschein.omr.com\/en\/\"},{\"@type\":\"ListItem\",\"position\":2,\"name\":\"The Victorian House\"}]},{\"@type\":\"WebSite\",\"@id\":\"https:\/\/restaurantgutschein.omr.com\/en\/#website\",\"url\":\"https:\/\/restaurantgutschein.omr.com\/en\/\",\"name\":\"BON BON x OMR Restaurant-Gutschein\",\"description\":\"\",\"publisher\":{\"@id\":\"https:\/\/restaurantgutschein.omr.com\/en\/#organization\"},\"potentialAction\":[{\"@type\":\"SearchAction\",\"target\":{\"@type\":\"EntryPoint\",\"urlTemplate\":\"https:\/\/restaurantgutschein.omr.com\/en\/?s={search_term_string}\"},\"query-input\":{\"@type\":\"PropertyValueSpecification\",\"valueRequired\":true,\"valueName\":\"search_term_string\"}}],\"inLanguage\":\"en-US\"},{\"@type\":\"Organization\",\"@id\":\"https:\/\/restaurantgutschein.omr.com\/en\/#organization\",\"name\":\"BON BON x OMR Restaurant-Gutschein\",\"url\":\"https:\/\/restaurantgutschein.omr.com\/en\/\",\"logo\":{\"@type\":\"ImageObject\",\"inLanguage\":\"en-US\",\"@id\":\"https:\/\/restaurantgutschein.omr.com\/en\/#\/schema\/logo\/image\/\",\"url\":\"https:\/\/restaurantgutschein.omr.com\/wp-content\/uploads\/2025\/04\/cropped-favi-2.png\",\"contentUrl\":\"https:\/\/restaurantgutschein.omr.com\/wp-content\/uploads\/2025\/04\/cropped-favi-2.png\",\"width\":512,\"height\":512,\"caption\":\"BON BON x OMR Restaurant-Gutschein\"},\"image\":{\"@id\":\"https:\/\/restaurantgutschein.omr.com\/en\/#\/schema\/logo\/image\/\"}}]}<\/script>\n<!-- \/ Yoast SEO plugin. -->","yoast_head_json":{"title":"The Victorian House Gutschein kaufen | #PayNowEatLater","description":"Restaurant Gutschein f\u00fcr \"The Victorian House\" online kaufen. Sofortiger Versand als PDF per E-Mail. Ideal auch als Last Minute Geschenk-Gutschein.","robots":{"index":"noindex","follow":"follow"},"og_locale":"en_US","og_type":"article","og_title":"The Victorian House Gutschein kaufen | #PayNowEatLater","og_description":"Restaurant Gutschein f\u00fcr \"The Victorian House\" online kaufen. Sofortiger Versand als PDF per E-Mail. Ideal auch als Last Minute Geschenk-Gutschein.","og_url":"https:\/\/restaurantgutschein.omr.com\/en\/produkt\/the-victorian-house\/","og_site_name":"BON BON x OMR Restaurant-Gutschein","article_modified_time":"2026-01-27T08:14:50+00:00","og_image":[{"width":1500,"height":800,"url":"https:\/\/restaurantgutschein.omr.com\/wp-content\/uploads\/2025\/04\/the-victorian-house-restaurant-gutschein-muenchen-P_zOs.jpe","type":"image\/jpeg"}],"twitter_misc":{"Est. reading time":"1 minute"},"schema":{"@context":"https:\/\/schema.org","@graph":[{"@type":"WebPage","@id":"https:\/\/restaurantgutschein.omr.com\/en\/produkt\/the-victorian-house\/","url":"https:\/\/restaurantgutschein.omr.com\/en\/produkt\/the-victorian-house\/","name":"The Victorian House Gutschein kaufen | #PayNowEatLater","isPartOf":{"@id":"https:\/\/restaurantgutschein.omr.com\/en\/#website"},"primaryImageOfPage":{"@id":"https:\/\/restaurantgutschein.omr.com\/en\/produkt\/the-victorian-house\/#primaryimage"},"image":{"@id":"https:\/\/restaurantgutschein.omr.com\/en\/produkt\/the-victorian-house\/#primaryimage"},"thumbnailUrl":"https:\/\/restaurantgutschein.omr.com\/wp-content\/uploads\/2025\/04\/the-victorian-house-restaurant-gutschein-muenchen-P_zOs.jpe","datePublished":"2025-04-15T09:18:27+00:00","dateModified":"2026-01-27T08:14:50+00:00","description":"Restaurant Gutschein f\u00fcr \"The Victorian House\" online kaufen. Sofortiger Versand als PDF per E-Mail. Ideal auch als Last Minute Geschenk-Gutschein.","breadcrumb":{"@id":"https:\/\/restaurantgutschein.omr.com\/en\/produkt\/the-victorian-house\/#breadcrumb"},"inLanguage":"en-US","potentialAction":[{"@type":"ReadAction","target":["https:\/\/restaurantgutschein.omr.com\/en\/produkt\/the-victorian-house\/"]}]},{"@type":"ImageObject","inLanguage":"en-US","@id":"https:\/\/restaurantgutschein.omr.com\/en\/produkt\/the-victorian-house\/#primaryimage","url":"https:\/\/restaurantgutschein.omr.com\/wp-content\/uploads\/2025\/04\/the-victorian-house-restaurant-gutschein-muenchen-P_zOs.jpe","contentUrl":"https:\/\/restaurantgutschein.omr.com\/wp-content\/uploads\/2025\/04\/the-victorian-house-restaurant-gutschein-muenchen-P_zOs.jpe","width":1500,"height":800},{"@type":"BreadcrumbList","@id":"https:\/\/restaurantgutschein.omr.com\/en\/produkt\/the-victorian-house\/#breadcrumb","itemListElement":[{"@type":"ListItem","position":1,"name":"Startseite","item":"https:\/\/restaurantgutschein.omr.com\/en\/"},{"@type":"ListItem","position":2,"name":"The Victorian House"}]},{"@type":"WebSite","@id":"https:\/\/restaurantgutschein.omr.com\/en\/#website","url":"https:\/\/restaurantgutschein.omr.com\/en\/","name":"BON BON x OMR Restaurant-Gutschein","description":"","publisher":{"@id":"https:\/\/restaurantgutschein.omr.com\/en\/#organization"},"potentialAction":[{"@type":"SearchAction","target":{"@type":"EntryPoint","urlTemplate":"https:\/\/restaurantgutschein.omr.com\/en\/?s={search_term_string}"},"query-input":{"@type":"PropertyValueSpecification","valueRequired":true,"valueName":"search_term_string"}}],"inLanguage":"en-US"},{"@type":"Organization","@id":"https:\/\/restaurantgutschein.omr.com\/en\/#organization","name":"BON BON x OMR Restaurant-Gutschein","url":"https:\/\/restaurantgutschein.omr.com\/en\/","logo":{"@type":"ImageObject","inLanguage":"en-US","@id":"https:\/\/restaurantgutschein.omr.com\/en\/#\/schema\/logo\/image\/","url":"https:\/\/restaurantgutschein.omr.com\/wp-content\/uploads\/2025\/04\/cropped-favi-2.png","contentUrl":"https:\/\/restaurantgutschein.omr.com\/wp-content\/uploads\/2025\/04\/cropped-favi-2.png","width":512,"height":512,"caption":"BON BON x OMR Restaurant-Gutschein"},"image":{"@id":"https:\/\/restaurantgutschein.omr.com\/en\/#\/schema\/logo\/image\/"}}]}},"_links":{"self":[{"href":"https:\/\/restaurantgutschein.omr.com\/en\/wp-json\/wp\/v2\/product\/373863","targetHints":{"allow":["GET"]}}],"collection":[{"href":"https:\/\/restaurantgutschein.omr.com\/en\/wp-json\/wp\/v2\/product"}],"about":[{"href":"https:\/\/restaurantgutschein.omr.com\/en\/wp-json\/wp\/v2\/types\/product"}],"wp:featuredmedia":[{"embeddable":true,"href":"https:\/\/restaurantgutschein.omr.com\/en\/wp-json\/wp\/v2\/media\/373864"}],"wp:attachment":[{"href":"https:\/\/restaurantgutschein.omr.com\/en\/wp-json\/wp\/v2\/media?parent=373863"}],"wp:term":[{"taxonomy":"product_brand","embeddable":true,"href":"https:\/\/restaurantgutschein.omr.com\/en\/wp-json\/wp\/v2\/product_brand?post=373863"},{"taxonomy":"product_cat","embeddable":true,"href":"https:\/\/restaurantgutschein.omr.com\/en\/wp-json\/wp\/v2\/product_cat?post=373863"},{"taxonomy":"product_tag","embeddable":true,"href":"https:\/\/restaurantgutschein.omr.com\/en\/wp-json\/wp\/v2\/product_tag?post=373863"}],"curies":[{"name":"wp","href":"https:\/\/api.w.org\/{rel}","templated":true}]}}