{"id":372582,"date":"2025-04-14T08:41:11","date_gmt":"2025-04-14T06:41:11","guid":{"rendered":"https:\/\/restaurantgutschein.omr.com\/produkt\/hobenkoeoek\/"},"modified":"2025-12-12T11:46:36","modified_gmt":"2025-12-12T10:46:36","slug":"hobenkoeoek","status":"publish","type":"product","link":"https:\/\/restaurantgutschein.omr.com\/en\/produkt\/hobenkoeoek\/","title":{"rendered":"Hobenk\u00f6\u00f6k"},"content":{"rendered":"<p>Hobenk\u00f6\u00f6k Restaurant, Markthalle und Catering zumeist mit regionalen und saisonalen Lebensmitteln <\/p>\n<p>Hobenk\u00f6\u00f6k ist der kulinarische Ort im Hamburger Oberhafen, an dem in einem einzigartigen Zusammenspiel aus Restaurant, Markthalle und Catering zumeist regionale und saisonale Lebensmittel angeboten und zu \u00fcberraschenden, echten und nat\u00fcrlich leckeren norddeutschen Speisen zubereitet werden.<\/p>\n<p> Stockmeyerstra\u00dfe 43 20457 Hamburg Hobenk\u00f6\u00f6k GmbH<br \/>\nStockmeyerstra\u00dfe 43, 20457 Hamburg  Deutsch &amp; Regional Restaurant<\/p>\n","protected":false},"excerpt":{"rendered":"<p>Hobenk\u00f6\u00f6k Restaurant, Markthalle und Catering zumeist mit regionalen und saisonalen Lebensmitteln Hobenk\u00f6\u00f6k ist der kulinarische Ort im Hamburger Oberhafen, an dem in einem einzigartigen Zusammenspiel aus Restaurant, Markthalle und Catering zumeist regionale und saisonale Lebensmittel angeboten und zu \u00fcberraschenden, echten und nat\u00fcrlich leckeren norddeutschen Speisen zubereitet werden. Stockmeyerstra\u00dfe 43 20457 Hamburg Hobenk\u00f6\u00f6k GmbH Stockmeyerstra\u00dfe 43, [&hellip;]<\/p>\n","protected":false},"featured_media":372583,"template":"","meta":{"_acf_changed":false},"product_brand":[],"product_cat":[454],"product_tag":[],"class_list":{"0":"post-372582","1":"product","2":"type-product","3":"status-publish","4":"has-post-thumbnail","6":"product_cat-hamburg","7":"cuisine-deutsch-regional","8":"art-der-location-restaurant","10":"first","11":"instock","12":"shipping-taxable","13":"purchasable","14":"product-type-simple"},"acf":[],"yoast_head":"<!-- This site is optimized with the Yoast SEO plugin v26.9 - https:\/\/yoast.com\/product\/yoast-seo-wordpress\/ -->\n<title>Hobenk\u00f6\u00f6k Gutschein kaufen | #PayNowEatLater<\/title>\n<meta name=\"description\" content=\"Restaurant Gutschein f\u00fcr &quot;Hobenk\u00f6\u00f6k&quot; online kaufen. Sofortiger Versand als PDF per E-Mail. Ideal auch als Last Minute Geschenk-Gutschein.\" \/>\n<meta name=\"robots\" content=\"noindex, follow\" \/>\n<meta property=\"og:locale\" content=\"en_US\" \/>\n<meta property=\"og:type\" content=\"article\" \/>\n<meta property=\"og:title\" content=\"Hobenk\u00f6\u00f6k Gutschein kaufen | #PayNowEatLater\" \/>\n<meta property=\"og:description\" content=\"Restaurant Gutschein f\u00fcr &quot;Hobenk\u00f6\u00f6k&quot; online kaufen. Sofortiger Versand als PDF per E-Mail. Ideal auch als Last Minute Geschenk-Gutschein.\" \/>\n<meta property=\"og:url\" content=\"https:\/\/restaurantgutschein.omr.com\/en\/produkt\/hobenkoeoek\/\" \/>\n<meta property=\"og:site_name\" content=\"BON BON x OMR Restaurant-Gutschein\" \/>\n<meta property=\"article:modified_time\" content=\"2025-12-12T10:46:36+00:00\" \/>\n<meta property=\"og:image\" content=\"https:\/\/restaurantgutschein.omr.com\/wp-content\/uploads\/2025\/04\/hobenkoeoek-restaurant-gutschein-hamburg-zNqlj-1024x683.jpg\" \/>\n\t<meta property=\"og:image:width\" content=\"1024\" \/>\n\t<meta property=\"og:image:height\" content=\"683\" \/>\n\t<meta property=\"og:image:type\" content=\"image\/jpeg\" \/>\n<script type=\"application\/ld+json\" class=\"yoast-schema-graph\">{\"@context\":\"https:\/\/schema.org\",\"@graph\":[{\"@type\":\"WebPage\",\"@id\":\"https:\/\/restaurantgutschein.omr.com\/en\/produkt\/hobenkoeoek\/\",\"url\":\"https:\/\/restaurantgutschein.omr.com\/en\/produkt\/hobenkoeoek\/\",\"name\":\"Hobenk\u00f6\u00f6k Gutschein kaufen | #PayNowEatLater\",\"isPartOf\":{\"@id\":\"https:\/\/restaurantgutschein.omr.com\/en\/#website\"},\"primaryImageOfPage\":{\"@id\":\"https:\/\/restaurantgutschein.omr.com\/en\/produkt\/hobenkoeoek\/#primaryimage\"},\"image\":{\"@id\":\"https:\/\/restaurantgutschein.omr.com\/en\/produkt\/hobenkoeoek\/#primaryimage\"},\"thumbnailUrl\":\"https:\/\/restaurantgutschein.omr.com\/wp-content\/uploads\/2025\/04\/hobenkoeoek-restaurant-gutschein-hamburg-zNqlj.jpg\",\"datePublished\":\"2025-04-14T06:41:11+00:00\",\"dateModified\":\"2025-12-12T10:46:36+00:00\",\"description\":\"Restaurant Gutschein f\u00fcr \\\"Hobenk\u00f6\u00f6k\\\" online kaufen. Sofortiger Versand als PDF per E-Mail. Ideal auch als Last Minute Geschenk-Gutschein.\",\"breadcrumb\":{\"@id\":\"https:\/\/restaurantgutschein.omr.com\/en\/produkt\/hobenkoeoek\/#breadcrumb\"},\"inLanguage\":\"en-US\",\"potentialAction\":[{\"@type\":\"ReadAction\",\"target\":[\"https:\/\/restaurantgutschein.omr.com\/en\/produkt\/hobenkoeoek\/\"]}]},{\"@type\":\"ImageObject\",\"inLanguage\":\"en-US\",\"@id\":\"https:\/\/restaurantgutschein.omr.com\/en\/produkt\/hobenkoeoek\/#primaryimage\",\"url\":\"https:\/\/restaurantgutschein.omr.com\/wp-content\/uploads\/2025\/04\/hobenkoeoek-restaurant-gutschein-hamburg-zNqlj.jpg\",\"contentUrl\":\"https:\/\/restaurantgutschein.omr.com\/wp-content\/uploads\/2025\/04\/hobenkoeoek-restaurant-gutschein-hamburg-zNqlj.jpg\",\"width\":1800,\"height\":1200},{\"@type\":\"BreadcrumbList\",\"@id\":\"https:\/\/restaurantgutschein.omr.com\/en\/produkt\/hobenkoeoek\/#breadcrumb\",\"itemListElement\":[{\"@type\":\"ListItem\",\"position\":1,\"name\":\"Startseite\",\"item\":\"https:\/\/restaurantgutschein.omr.com\/en\/\"},{\"@type\":\"ListItem\",\"position\":2,\"name\":\"Hobenk\u00f6\u00f6k\"}]},{\"@type\":\"WebSite\",\"@id\":\"https:\/\/restaurantgutschein.omr.com\/en\/#website\",\"url\":\"https:\/\/restaurantgutschein.omr.com\/en\/\",\"name\":\"BON BON x OMR Restaurant-Gutschein\",\"description\":\"\",\"publisher\":{\"@id\":\"https:\/\/restaurantgutschein.omr.com\/en\/#organization\"},\"potentialAction\":[{\"@type\":\"SearchAction\",\"target\":{\"@type\":\"EntryPoint\",\"urlTemplate\":\"https:\/\/restaurantgutschein.omr.com\/en\/?s={search_term_string}\"},\"query-input\":{\"@type\":\"PropertyValueSpecification\",\"valueRequired\":true,\"valueName\":\"search_term_string\"}}],\"inLanguage\":\"en-US\"},{\"@type\":\"Organization\",\"@id\":\"https:\/\/restaurantgutschein.omr.com\/en\/#organization\",\"name\":\"BON BON x OMR Restaurant-Gutschein\",\"url\":\"https:\/\/restaurantgutschein.omr.com\/en\/\",\"logo\":{\"@type\":\"ImageObject\",\"inLanguage\":\"en-US\",\"@id\":\"https:\/\/restaurantgutschein.omr.com\/en\/#\/schema\/logo\/image\/\",\"url\":\"https:\/\/restaurantgutschein.omr.com\/wp-content\/uploads\/2025\/04\/cropped-favi-2.png\",\"contentUrl\":\"https:\/\/restaurantgutschein.omr.com\/wp-content\/uploads\/2025\/04\/cropped-favi-2.png\",\"width\":512,\"height\":512,\"caption\":\"BON BON x OMR Restaurant-Gutschein\"},\"image\":{\"@id\":\"https:\/\/restaurantgutschein.omr.com\/en\/#\/schema\/logo\/image\/\"}}]}<\/script>\n<!-- \/ Yoast SEO plugin. -->","yoast_head_json":{"title":"Hobenk\u00f6\u00f6k Gutschein kaufen | #PayNowEatLater","description":"Restaurant Gutschein f\u00fcr \"Hobenk\u00f6\u00f6k\" online kaufen. Sofortiger Versand als PDF per E-Mail. Ideal auch als Last Minute Geschenk-Gutschein.","robots":{"index":"noindex","follow":"follow"},"og_locale":"en_US","og_type":"article","og_title":"Hobenk\u00f6\u00f6k Gutschein kaufen | #PayNowEatLater","og_description":"Restaurant Gutschein f\u00fcr \"Hobenk\u00f6\u00f6k\" online kaufen. Sofortiger Versand als PDF per E-Mail. Ideal auch als Last Minute Geschenk-Gutschein.","og_url":"https:\/\/restaurantgutschein.omr.com\/en\/produkt\/hobenkoeoek\/","og_site_name":"BON BON x OMR Restaurant-Gutschein","article_modified_time":"2025-12-12T10:46:36+00:00","og_image":[{"width":1024,"height":683,"url":"https:\/\/restaurantgutschein.omr.com\/wp-content\/uploads\/2025\/04\/hobenkoeoek-restaurant-gutschein-hamburg-zNqlj-1024x683.jpg","type":"image\/jpeg"}],"schema":{"@context":"https:\/\/schema.org","@graph":[{"@type":"WebPage","@id":"https:\/\/restaurantgutschein.omr.com\/en\/produkt\/hobenkoeoek\/","url":"https:\/\/restaurantgutschein.omr.com\/en\/produkt\/hobenkoeoek\/","name":"Hobenk\u00f6\u00f6k Gutschein kaufen | #PayNowEatLater","isPartOf":{"@id":"https:\/\/restaurantgutschein.omr.com\/en\/#website"},"primaryImageOfPage":{"@id":"https:\/\/restaurantgutschein.omr.com\/en\/produkt\/hobenkoeoek\/#primaryimage"},"image":{"@id":"https:\/\/restaurantgutschein.omr.com\/en\/produkt\/hobenkoeoek\/#primaryimage"},"thumbnailUrl":"https:\/\/restaurantgutschein.omr.com\/wp-content\/uploads\/2025\/04\/hobenkoeoek-restaurant-gutschein-hamburg-zNqlj.jpg","datePublished":"2025-04-14T06:41:11+00:00","dateModified":"2025-12-12T10:46:36+00:00","description":"Restaurant Gutschein f\u00fcr \"Hobenk\u00f6\u00f6k\" online kaufen. Sofortiger Versand als PDF per E-Mail. Ideal auch als Last Minute Geschenk-Gutschein.","breadcrumb":{"@id":"https:\/\/restaurantgutschein.omr.com\/en\/produkt\/hobenkoeoek\/#breadcrumb"},"inLanguage":"en-US","potentialAction":[{"@type":"ReadAction","target":["https:\/\/restaurantgutschein.omr.com\/en\/produkt\/hobenkoeoek\/"]}]},{"@type":"ImageObject","inLanguage":"en-US","@id":"https:\/\/restaurantgutschein.omr.com\/en\/produkt\/hobenkoeoek\/#primaryimage","url":"https:\/\/restaurantgutschein.omr.com\/wp-content\/uploads\/2025\/04\/hobenkoeoek-restaurant-gutschein-hamburg-zNqlj.jpg","contentUrl":"https:\/\/restaurantgutschein.omr.com\/wp-content\/uploads\/2025\/04\/hobenkoeoek-restaurant-gutschein-hamburg-zNqlj.jpg","width":1800,"height":1200},{"@type":"BreadcrumbList","@id":"https:\/\/restaurantgutschein.omr.com\/en\/produkt\/hobenkoeoek\/#breadcrumb","itemListElement":[{"@type":"ListItem","position":1,"name":"Startseite","item":"https:\/\/restaurantgutschein.omr.com\/en\/"},{"@type":"ListItem","position":2,"name":"Hobenk\u00f6\u00f6k"}]},{"@type":"WebSite","@id":"https:\/\/restaurantgutschein.omr.com\/en\/#website","url":"https:\/\/restaurantgutschein.omr.com\/en\/","name":"BON BON x OMR Restaurant-Gutschein","description":"","publisher":{"@id":"https:\/\/restaurantgutschein.omr.com\/en\/#organization"},"potentialAction":[{"@type":"SearchAction","target":{"@type":"EntryPoint","urlTemplate":"https:\/\/restaurantgutschein.omr.com\/en\/?s={search_term_string}"},"query-input":{"@type":"PropertyValueSpecification","valueRequired":true,"valueName":"search_term_string"}}],"inLanguage":"en-US"},{"@type":"Organization","@id":"https:\/\/restaurantgutschein.omr.com\/en\/#organization","name":"BON BON x OMR Restaurant-Gutschein","url":"https:\/\/restaurantgutschein.omr.com\/en\/","logo":{"@type":"ImageObject","inLanguage":"en-US","@id":"https:\/\/restaurantgutschein.omr.com\/en\/#\/schema\/logo\/image\/","url":"https:\/\/restaurantgutschein.omr.com\/wp-content\/uploads\/2025\/04\/cropped-favi-2.png","contentUrl":"https:\/\/restaurantgutschein.omr.com\/wp-content\/uploads\/2025\/04\/cropped-favi-2.png","width":512,"height":512,"caption":"BON BON x OMR Restaurant-Gutschein"},"image":{"@id":"https:\/\/restaurantgutschein.omr.com\/en\/#\/schema\/logo\/image\/"}}]}},"_links":{"self":[{"href":"https:\/\/restaurantgutschein.omr.com\/en\/wp-json\/wp\/v2\/product\/372582","targetHints":{"allow":["GET"]}}],"collection":[{"href":"https:\/\/restaurantgutschein.omr.com\/en\/wp-json\/wp\/v2\/product"}],"about":[{"href":"https:\/\/restaurantgutschein.omr.com\/en\/wp-json\/wp\/v2\/types\/product"}],"wp:featuredmedia":[{"embeddable":true,"href":"https:\/\/restaurantgutschein.omr.com\/en\/wp-json\/wp\/v2\/media\/372583"}],"wp:attachment":[{"href":"https:\/\/restaurantgutschein.omr.com\/en\/wp-json\/wp\/v2\/media?parent=372582"}],"wp:term":[{"taxonomy":"product_brand","embeddable":true,"href":"https:\/\/restaurantgutschein.omr.com\/en\/wp-json\/wp\/v2\/product_brand?post=372582"},{"taxonomy":"product_cat","embeddable":true,"href":"https:\/\/restaurantgutschein.omr.com\/en\/wp-json\/wp\/v2\/product_cat?post=372582"},{"taxonomy":"product_tag","embeddable":true,"href":"https:\/\/restaurantgutschein.omr.com\/en\/wp-json\/wp\/v2\/product_tag?post=372582"}],"curies":[{"name":"wp","href":"https:\/\/api.w.org\/{rel}","templated":true}]}}